{"id":7356,"date":"2025-10-05T01:52:43","date_gmt":"2025-10-04T23:52:43","guid":{"rendered":"https:\/\/new.drteraz.pl\/?page_id=7356"},"modified":"2026-01-29T21:28:17","modified_gmt":"2026-01-29T20:28:17","slug":"potwierdzenie-deklaracji","status":"publish","type":"page","link":"https:\/\/drteraz.pl\/en\/potwierdzenie-deklaracji\/","title":{"rendered":"Potwierdzenie deklaracji"},"content":{"rendered":"\t\t<div data-elementor-type=\"wp-page\" data-elementor-id=\"7356\" class=\"elementor elementor-7356\" data-elementor-post-type=\"page\">\n\t\t\t\t<div class=\"elementor-element elementor-element-a06b27d e-con-full kom success e-flex e-con e-child\" data-id=\"a06b27d\" data-element_type=\"container\" data-e-type=\"container\" data-settings=\"{&quot;jet_parallax_layout_list&quot;:[]}\">\n\t\t\t\t<div class=\"elementor-element elementor-element-ee44688 elementor-widget elementor-widget-heading\" data-id=\"ee44688\" data-element_type=\"widget\" data-e-type=\"widget\" data-widget_type=\"heading.default\">\n\t\t\t\t\t<h1 class=\"elementor-heading-title elementor-size-default\">Jeszcze jeden krok<\/h1>\t\t\t\t<\/div>\n\t\t<div class=\"elementor-element elementor-element-3e9f540 e-con-full sc c5 e-flex e-con e-child\" data-id=\"3e9f540\" data-element_type=\"container\" data-e-type=\"container\" data-settings=\"{&quot;jet_parallax_layout_list&quot;:[]}\">\n\t\t\t\t<div class=\"elementor-element elementor-element-869e667 elementor-widget elementor-widget-text-editor\" data-id=\"869e667\" data-element_type=\"widget\" data-e-type=\"widget\" data-widget_type=\"text-editor.default\">\n\t\t\t\t\t\t\t\t\t<p>Dzi\u0119kujemy za wype\u0142nienie formularza!<\/p>\t\t\t\t\t\t\t\t<\/div>\n\t\t\t\t<div class=\"elementor-element elementor-element-4ace737 elementor-widget elementor-widget-text-editor\" data-id=\"4ace737\" data-element_type=\"widget\" data-e-type=\"widget\" data-widget_type=\"text-editor.default\">\n\t\t\t\t\t\t\t\t\t<h6><strong>Z\u0142o\u017cy\u0142e\u015b deklaracj\u0119 online?<\/strong><\/h6><p>Wys\u0142ali\u015bmy na Tw\u00f3j adres e-mail deklaracj\u0119 do podpisu Profilem Zaufanym wraz z dalsz\u0105 instrukcj\u0105.<\/p>\t\t\t\t\t\t\t\t<\/div>\n\t\t\t\t<div class=\"elementor-element elementor-element-a1baba7 elementor-widget elementor-widget-text-editor\" data-id=\"a1baba7\" data-element_type=\"widget\" data-e-type=\"widget\" data-widget_type=\"text-editor.default\">\n\t\t\t\t\t\t\t\t\t<h6><strong>Z\u0142o\u017cy\u0142e\u015b deklaracj\u0119 przez QR w przychodni?<\/strong><\/h6><p>Dokumenty zostan\u0105 wkr\u00f3tce automatycznie wydrukowane. Aby doko\u0144czy\u0107 rejestracj\u0119, prosimy podej\u015b\u0107 do recepcji i z\u0142o\u017cy\u0107 wymagane podpisy.<\/p>\t\t\t\t\t\t\t\t<\/div>\n\t\t\t\t<\/div>\n\t\t\t\t<\/div>\n\t\t<div class=\"elementor-element elementor-element-9a4d87b e-con-full kom error e-flex e-con e-child\" data-id=\"9a4d87b\" data-element_type=\"container\" data-e-type=\"container\" data-settings=\"{&quot;jet_parallax_layout_list&quot;:[]}\">\n\t\t\t\t<div class=\"elementor-element elementor-element-e0338af elementor-widget elementor-widget-heading\" data-id=\"e0338af\" data-element_type=\"widget\" data-e-type=\"widget\" data-widget_type=\"heading.default\">\n\t\t\t\t\t<h1 class=\"elementor-heading-title elementor-size-default\">Wyst\u0105pi\u0142 b\u0142\u0105d<\/h1>\t\t\t\t<\/div>\n\t\t<div class=\"elementor-element elementor-element-1ee5b43 e-con-full sc c6 e-flex e-con e-child\" data-id=\"1ee5b43\" data-element_type=\"container\" data-e-type=\"container\" data-settings=\"{&quot;jet_parallax_layout_list&quot;:[]}\">\n\t\t\t\t<div class=\"elementor-element elementor-element-b9c5a15 elementor-widget elementor-widget-html\" data-id=\"b9c5a15\" data-element_type=\"widget\" data-e-type=\"widget\" data-widget_type=\"html.default\">\n\t\t\t\t\t<button class=\"wroc\" onclick=\"goBack()\">Wr\u00f3\u0107<\/button>\t\t\t\t<\/div>\n\t\t\t\t<div class=\"elementor-element elementor-element-7bfcdcc elementor-widget elementor-widget-text-editor\" data-id=\"7bfcdcc\" data-element_type=\"widget\" data-e-type=\"widget\" data-widget_type=\"text-editor.default\">\n\t\t\t\t\t\t\t\t\t<p>Co\u015b posz\u0142o nie tak podczas wysy\u0142ania deklaracji.<br \/>Prosimy sprawdzi\u0107 poprawno\u015b\u0107 danych osobowych i spr\u00f3bowa\u0107 ponownie.<\/p><p>Je\u015bli problem si\u0119 powt\u00f3rzy, zapraszamy do kontaktu telefonicznego.<\/p>\t\t\t\t\t\t\t\t<\/div>\n\t\t\t\t<\/div>\n\t\t\t\t<\/div>\n\t\t<div class=\"elementor-element elementor-element-463ad28 e-con-full kom already_patient e-flex e-con e-child\" data-id=\"463ad28\" data-element_type=\"container\" data-e-type=\"container\" data-settings=\"{&quot;jet_parallax_layout_list&quot;:[]}\">\n\t\t\t\t<div class=\"elementor-element elementor-element-60ce99d elementor-widget elementor-widget-heading\" data-id=\"60ce99d\" data-element_type=\"widget\" data-e-type=\"widget\" data-widget_type=\"heading.default\">\n\t\t\t\t\t<h1 class=\"elementor-heading-title elementor-size-default\">Jeste\u015b naszym pacjentem <\/h1>\t\t\t\t<\/div>\n\t\t<div class=\"elementor-element elementor-element-d947efc e-con-full sc c5 e-flex e-con e-child\" data-id=\"d947efc\" data-element_type=\"container\" data-e-type=\"container\" data-settings=\"{&quot;jet_parallax_layout_list&quot;:[]}\">\n\t\t\t\t<div class=\"elementor-element elementor-element-8fd1c36 elementor-widget elementor-widget-text-editor\" data-id=\"8fd1c36\" data-element_type=\"widget\" data-e-type=\"widget\" data-widget_type=\"text-editor.default\">\n\t\t\t\t\t\t\t\t\t<p>Posiadasz ju\u017c konto pacjenta i deklaracj\u0119. Nie musisz nic wi\u0119cej robi\u0107. Mo\u017cesz korzysta\u0107 z naszych us\u0142ug na NFZ.<\/p>\t\t\t\t\t\t\t\t<\/div>\n\t\t\t\t<\/div>\n\t\t\t\t<\/div>\n\t\t<div class=\"elementor-element elementor-element-c61920a e-con-full e-flex e-con e-parent\" data-id=\"c61920a\" data-element_type=\"container\" data-e-type=\"container\" data-settings=\"{&quot;position&quot;:&quot;absolute&quot;,&quot;jet_parallax_layout_list&quot;:[]}\">\n\t\t\t\t<div class=\"elementor-element elementor-element-713de0d elementor-widget elementor-widget-html\" data-id=\"713de0d\" data-element_type=\"widget\" data-e-type=\"widget\" data-widget_type=\"html.default\">\n\t\t\t\t\t<script>\n\nfunction goBack() {\n    if (document.referrer !== '') {\n      history.back();\n    } else {\n      window.location.href = '\/zloz-deklaracje-online\/'; \/\/ fallback np. na stron\u0119 g\u0142\u00f3wn\u0105\n    }\n  }\n\ndocument.addEventListener(\"DOMContentLoaded\", function() {\n  const params = new URLSearchParams(window.location.search);\n  const status = params.get(\"status\");\n  const allowedValues = [\"success\", \"error\", \"already_patient\"];\n\n  \/\/ Je\u015bli brak parametru lub jego warto\u015b\u0107 nie jest dozwolona \u2192 przekierowanie\n  if (!status || !allowedValues.includes(status)) {\n    window.location.href = \"\/zloz-deklaracje-online\/\";\n    return;\n  }\n\n  \/\/ Ustawienie tekstu w div#status\n  const statusDiv = document.getElementById(\"status\");\n  if (statusDiv) {\n    statusDiv.textContent = status;\n  }\n\n  \/\/ Dodanie klasy 'acti' do odpowiedniego elementu .kom\n  const komElements = document.querySelectorAll(\".kom\");\n  komElements.forEach(el => {\n    if (el.classList.contains(status)) {\n      el.classList.add(\"acti\");\n    }\n  });\n});\n\n<\/script>\t\t\t\t<\/div>\n\t\t\t\t<\/div>\n\t\t\t\t<\/div>\n\t\t","protected":false},"excerpt":{"rendered":"<p>Jeszcze jeden krok Dzi\u0119kujemy za wype\u0142nienie formularza! Z\u0142o\u017cy\u0142e\u015b deklaracj\u0119 online? Wys\u0142ali\u015bmy na Tw\u00f3j adres e-mail deklaracj\u0119 do podpisu Profilem Zaufanym wraz z dalsz\u0105 instrukcj\u0105. Z\u0142o\u017cy\u0142e\u015b deklaracj\u0119 przez QR w przychodni? Dokumenty zostan\u0105 wkr\u00f3tce automatycznie wydrukowane. Aby doko\u0144czy\u0107 rejestracj\u0119, prosimy podej\u015b\u0107 do recepcji i z\u0142o\u017cy\u0107 wymagane podpisy. Wyst\u0105pi\u0142 b\u0142\u0105d Wr\u00f3\u0107 Co\u015b posz\u0142o nie tak podczas wysy\u0142ania [&hellip;]<\/p>\n","protected":false},"author":1,"featured_media":0,"parent":0,"menu_order":0,"comment_status":"closed","ping_status":"closed","template":"","meta":{"footnotes":""},"class_list":["post-7356","page","type-page","status-publish","hentry"],"_links":{"self":[{"href":"https:\/\/drteraz.pl\/en\/wp-json\/wp\/v2\/pages\/7356","targetHints":{"allow":["GET"]}}],"collection":[{"href":"https:\/\/drteraz.pl\/en\/wp-json\/wp\/v2\/pages"}],"about":[{"href":"https:\/\/drteraz.pl\/en\/wp-json\/wp\/v2\/types\/page"}],"author":[{"embeddable":true,"href":"https:\/\/drteraz.pl\/en\/wp-json\/wp\/v2\/users\/1"}],"replies":[{"embeddable":true,"href":"https:\/\/drteraz.pl\/en\/wp-json\/wp\/v2\/comments?post=7356"}],"version-history":[{"count":38,"href":"https:\/\/drteraz.pl\/en\/wp-json\/wp\/v2\/pages\/7356\/revisions"}],"predecessor-version":[{"id":14248,"href":"https:\/\/drteraz.pl\/en\/wp-json\/wp\/v2\/pages\/7356\/revisions\/14248"}],"wp:attachment":[{"href":"https:\/\/drteraz.pl\/en\/wp-json\/wp\/v2\/media?parent=7356"}],"curies":[{"name":"wp","href":"https:\/\/api.w.org\/{rel}","templated":true}]}}