{"id":8242,"date":"2025-10-17T21:07:40","date_gmt":"2025-10-17T19:07:40","guid":{"rendered":"https:\/\/new.drteraz.pl\/?page_id=8242"},"modified":"2025-10-17T21:08:19","modified_gmt":"2025-10-17T19:08:19","slug":"potwierdzenie-recepty","status":"publish","type":"page","link":"https:\/\/drteraz.pl\/en\/potwierdzenie-recepty\/","title":{"rendered":"Potwierdzenie recepty"},"content":{"rendered":"<div data-elementor-type=\"wp-page\" data-elementor-id=\"8242\" class=\"elementor elementor-8242\" data-elementor-post-type=\"page\">\n\t\t\t\t<div class=\"elementor-element elementor-element-b8a988e e-con-full e-flex e-con e-parent\" data-id=\"b8a988e\" data-element_type=\"container\" data-e-type=\"container\" data-settings=\"{&quot;jet_parallax_layout_list&quot;:[]}\">\n\t\t\t\t<div class=\"elementor-element elementor-element-bc6cdef elementor-widget elementor-widget-text-editor\" data-id=\"bc6cdef\" data-element_type=\"widget\" data-e-type=\"widget\" data-widget_type=\"text-editor.default\">\n\t\t\t\t\t\t\t\t\t<p>Otrzymasz kod recepty lub decyzj\u0119 o konieczno\u015bci um\u00f3wienia wizyty w SMS w ci\u0105gu 48h\u00a0(dni\u00a0robocze).<\/p>\t\t\t\t\t\t\t\t<\/div>\n\t\t\t\t<\/div>\n\t\t\t\t<\/div>","protected":false},"excerpt":{"rendered":"<p>Otrzymasz kod recepty lub decyzj\u0119 o konieczno\u015bci um\u00f3wienia wizyty w SMS w ci\u0105gu 48h\u00a0(dni\u00a0robocze).<\/p>","protected":false},"author":1,"featured_media":0,"parent":0,"menu_order":0,"comment_status":"closed","ping_status":"closed","template":"","meta":{"footnotes":""},"class_list":["post-8242","page","type-page","status-publish","hentry"],"_links":{"self":[{"href":"https:\/\/drteraz.pl\/en\/wp-json\/wp\/v2\/pages\/8242","targetHints":{"allow":["GET"]}}],"collection":[{"href":"https:\/\/drteraz.pl\/en\/wp-json\/wp\/v2\/pages"}],"about":[{"href":"https:\/\/drteraz.pl\/en\/wp-json\/wp\/v2\/types\/page"}],"author":[{"embeddable":true,"href":"https:\/\/drteraz.pl\/en\/wp-json\/wp\/v2\/users\/1"}],"replies":[{"embeddable":true,"href":"https:\/\/drteraz.pl\/en\/wp-json\/wp\/v2\/comments?post=8242"}],"version-history":[{"count":4,"href":"https:\/\/drteraz.pl\/en\/wp-json\/wp\/v2\/pages\/8242\/revisions"}],"predecessor-version":[{"id":8246,"href":"https:\/\/drteraz.pl\/en\/wp-json\/wp\/v2\/pages\/8242\/revisions\/8246"}],"wp:attachment":[{"href":"https:\/\/drteraz.pl\/en\/wp-json\/wp\/v2\/media?parent=8242"}],"curies":[{"name":"wp","href":"https:\/\/api.w.org\/{rel}","templated":true}]}}