{"id":8249,"date":"2025-10-17T21:10:36","date_gmt":"2025-10-17T19:10:36","guid":{"rendered":"https:\/\/new.drteraz.pl\/?page_id=8249"},"modified":"2025-10-17T21:10:54","modified_gmt":"2025-10-17T19:10:54","slug":"potwierdzenie-skierowania","status":"publish","type":"page","link":"https:\/\/drteraz.pl\/en\/potwierdzenie-skierowania\/","title":{"rendered":"Potwierdzenie skierowania"},"content":{"rendered":"<div data-elementor-type=\"wp-page\" data-elementor-id=\"8249\" class=\"elementor elementor-8249\" data-elementor-post-type=\"page\">\n\t\t\t\t<div class=\"elementor-element elementor-element-b8a988e e-con-full e-flex e-con e-parent\" data-id=\"b8a988e\" data-element_type=\"container\" data-e-type=\"container\" data-settings=\"{&quot;jet_parallax_layout_list&quot;:[]}\">\n\t\t\t\t<div class=\"elementor-element elementor-element-bc6cdef elementor-widget elementor-widget-text-editor\" data-id=\"bc6cdef\" data-element_type=\"widget\" data-e-type=\"widget\" data-widget_type=\"text-editor.default\">\n\t\t\t\t\t\t\t\t\t<p>Otrzymasz kod skierowania lub decyzj\u0119 o konieczno\u015bci um\u00f3wienia wizyty w SMS w ci\u0105gu 48h (dni robocze).<\/p>\t\t\t\t\t\t\t\t<\/div>\n\t\t\t\t<\/div>\n\t\t\t\t<\/div>","protected":false},"excerpt":{"rendered":"<p>Otrzymasz kod skierowania lub decyzj\u0119 o konieczno\u015bci um\u00f3wienia wizyty w SMS w ci\u0105gu 48h (dni robocze).<\/p>","protected":false},"author":1,"featured_media":0,"parent":0,"menu_order":0,"comment_status":"closed","ping_status":"closed","template":"","meta":{"footnotes":""},"class_list":["post-8249","page","type-page","status-publish","hentry"],"_links":{"self":[{"href":"https:\/\/drteraz.pl\/en\/wp-json\/wp\/v2\/pages\/8249","targetHints":{"allow":["GET"]}}],"collection":[{"href":"https:\/\/drteraz.pl\/en\/wp-json\/wp\/v2\/pages"}],"about":[{"href":"https:\/\/drteraz.pl\/en\/wp-json\/wp\/v2\/types\/page"}],"author":[{"embeddable":true,"href":"https:\/\/drteraz.pl\/en\/wp-json\/wp\/v2\/users\/1"}],"replies":[{"embeddable":true,"href":"https:\/\/drteraz.pl\/en\/wp-json\/wp\/v2\/comments?post=8249"}],"version-history":[{"count":5,"href":"https:\/\/drteraz.pl\/en\/wp-json\/wp\/v2\/pages\/8249\/revisions"}],"predecessor-version":[{"id":12152,"href":"https:\/\/drteraz.pl\/en\/wp-json\/wp\/v2\/pages\/8249\/revisions\/12152"}],"wp:attachment":[{"href":"https:\/\/drteraz.pl\/en\/wp-json\/wp\/v2\/media?parent=8249"}],"curies":[{"name":"wp","href":"https:\/\/api.w.org\/{rel}","templated":true}]}}