{"id":2226,"date":"2025-06-25T02:41:29","date_gmt":"2025-06-25T00:41:29","guid":{"rendered":"https:\/\/frosty-mclean.141-95-55-172.plesk.page\/produkt\/bez-kategorii\/acp-fosfataza-kwasna\/"},"modified":"2025-06-25T02:41:29","modified_gmt":"2025-06-25T00:41:29","slug":"acp-fosfataza-kwasna","status":"publish","type":"product","link":"https:\/\/drteraz.pl\/en\/badanie-laboratoryjne\/acp-fosfataza-kwasna\/","title":{"rendered":"ACP (fosfataza kwa\u015bna)"},"content":{"rendered":"<h1>Fosfataza kwa\u015bna (ACP)<\/h1>\n<p>Fosfataza kwa\u015bna (ACP) to enzym wyst\u0119puj\u0105cy w r\u00f3\u017cnych tkankach organizmu, g\u0142\u00f3wnie w przysadce m\u00f3zgowej, w\u0105trobie, \u015bledzionie, ko\u015bciach i nerkach. Badanie poziomu ACP w surowicy krwi jest wykorzystywane jako wska\u017anik w diagnostyce r\u00f3\u017cnych chor\u00f3b, w tym osteoporozy. Poziom tego enzymu w krwi mo\u017ce wzrosn\u0105\u0107 w przypadku rozpadu tkanki kostnej, co jest charakterystyczne mi\u0119dzy innymi dla osteoporozy.<\/p>\n<h1>Zastosowanie badania<\/h1>\n<p>Badanie poziomu fosfatazy kwa\u015bnej jest przydatne w diagnostyce i monitoringu terapii osteoporozy oraz innych stan\u00f3w zwi\u0105zanych z zaburzeniami metabolizmu kostnego. Wzrost st\u0119\u017cenia ACP w surowicy mo\u017ce wyst\u0119powa\u0107 r\u00f3wnie\u017c w przypadkach przerzut\u00f3w nowotworowych do ko\u015bci, chorobach w\u0105troby oraz zaka\u017ceniach. Test ten mo\u017ce by\u0107 te\u017c u\u017cyteczny w diagnozowaniu przyczyn niedokrwisto\u015bci oraz innych zaburze\u0144 hematologicznych.<\/p>\n<h1>Przygotowanie i przebieg badania<\/h1>\n<p>Badanie fosfatazy kwa\u015bnej wykonuje si\u0119 z pr\u00f3bki krwi pobranej od pacjenta. Przed wykonaniem badania zaleca si\u0119 zachowanie kilkugodzinnej abstynencji pokarmowej \u2013 najlepiej, je\u015bli pacjent stawi si\u0119 na badanie na czczo. Wa\u017cne jest r\u00f3wnie\u017c unikanie stresu i wysi\u0142ku fizycznego bezpo\u015brednio przed pobraniem krwi, gdy\u017c mog\u0105 one wp\u0142yn\u0105\u0107 na poziom enzymu w surowicy.<\/p>\n<h1>Interpretacja wynik\u00f3w<\/h1>\n<p>Normalne warto\u015bci ACP mog\u0105 r\u00f3\u017cni\u0107 si\u0119 w zale\u017cno\u015bci od wieku, p\u0142ci oraz metody u\u017cytej do badania. Zazwyczaj podwy\u017cszony poziom fosfatazy kwa\u015bnej w surowicy wskazuje na mo\u017cliwe zaburzenia lub choroby zwi\u0105zane z ko\u015b\u0107mi, w\u0105trob\u0105 lub szpikiem kostnym. Interpretacj\u0119 wynik\u00f3w powinien jednak przeprowadzi\u0107 lekarz, kt\u00f3ry bierze pod uwag\u0119 ca\u0142o\u015b\u0107 historii medycznej pacjenta oraz inne wyniki bada\u0144.<\/p>","protected":false},"excerpt":{"rendered":"<p>Fosfataza kwa\u015bna (ACP) Fosfataza kwa\u015bna (ACP) to enzym wyst\u0119puj\u0105cy w r\u00f3\u017cnych tkankach organizmu, g\u0142\u00f3wnie w przysadce m\u00f3zgowej, w\u0105trobie, \u015bledzionie, ko\u015bciach i nerkach. Badanie poziomu ACP w surowicy krwi jest wykorzystywane jako wska\u017anik w diagnostyce r\u00f3\u017cnych chor\u00f3b, w tym osteoporozy. Poziom tego enzymu w krwi mo\u017ce wzrosn\u0105\u0107 w przypadku rozpadu tkanki kostnej, co jest charakterystyczne mi\u0119dzy [&hellip;]<\/p>\n","protected":false},"featured_media":0,"template":"","meta":[],"product_brand":[],"product_cat":[25,26],"product_tag":[],"class_list":{"0":"post-2226","1":"product","2":"type-product","3":"status-publish","5":"product_cat-badanie-laboratoryjne","6":"product_cat-krew","8":"first","9":"instock","10":"virtual","11":"sold-individually","12":"purchasable","13":"product-type-simple"},"_links":{"self":[{"href":"https:\/\/drteraz.pl\/en\/wp-json\/wp\/v2\/product\/2226","targetHints":{"allow":["GET"]}}],"collection":[{"href":"https:\/\/drteraz.pl\/en\/wp-json\/wp\/v2\/product"}],"about":[{"href":"https:\/\/drteraz.pl\/en\/wp-json\/wp\/v2\/types\/product"}],"version-history":[{"count":0,"href":"https:\/\/drteraz.pl\/en\/wp-json\/wp\/v2\/product\/2226\/revisions"}],"wp:attachment":[{"href":"https:\/\/drteraz.pl\/en\/wp-json\/wp\/v2\/media?parent=2226"}],"wp:term":[{"taxonomy":"product_brand","embeddable":true,"href":"https:\/\/drteraz.pl\/en\/wp-json\/wp\/v2\/product_brand?post=2226"},{"taxonomy":"product_cat","embeddable":true,"href":"https:\/\/drteraz.pl\/en\/wp-json\/wp\/v2\/product_cat?post=2226"},{"taxonomy":"product_tag","embeddable":true,"href":"https:\/\/drteraz.pl\/en\/wp-json\/wp\/v2\/product_tag?post=2226"}],"curies":[{"name":"wp","href":"https:\/\/api.w.org\/{rel}","templated":true}]}}