{"id":2238,"date":"2025-06-25T02:41:29","date_gmt":"2025-06-25T00:41:29","guid":{"rendered":"https:\/\/frosty-mclean.141-95-55-172.plesk.page\/produkt\/bez-kategorii\/aso-ocena-ilosciowa\/"},"modified":"2025-06-25T02:41:32","modified_gmt":"2025-06-25T00:41:32","slug":"aso-ocena-ilosciowa","status":"publish","type":"product","link":"https:\/\/drteraz.pl\/en\/badanie-laboratoryjne\/aso-ocena-ilosciowa\/","title":{"rendered":"ASO \u2013 ocena ilo\u015bciowa"},"content":{"rendered":"<h1>Badanie ASO \u2013 ocena ilo\u015bciowa<\/h1>\n<p>Test antystreptolizyny O (ASO) jest badaniem biochemicznym, kt\u00f3re mierzy ilo\u015b\u0107 przeciwcia\u0142 przeciwko streptolizynie O, toksynie produkowanej przez paciorkowce grupy A. Poziom ASO w surowicy krwi wzrasta w odpowiedzi na infekcj\u0119 spowodowan\u0105 przez te bakterie i jest u\u017cywany do diagnostyki stan\u00f3w zapalnych oraz chor\u00f3b reumatologicznych takich jak gor\u0105czka reumatyczna. Badanie wykonuje si\u0119 z pr\u00f3bki krwi, co pozwala na szybk\u0105 i dok\u0142adn\u0105 ocen\u0119 odpowiedzi immunologicznej organizmu na infekcj\u0119. ASO jest szczeg\u00f3lnie warto\u015bciowe w monitorowaniu pacjent\u00f3w pod k\u0105tem powik\u0142a\u0144 po infekcji paciorkowcowej.<\/p>","protected":false},"excerpt":{"rendered":"<p>Badanie ASO \u2013 ocena ilo\u015bciowa Test antystreptolizyny O (ASO) jest badaniem biochemicznym, kt\u00f3re mierzy ilo\u015b\u0107 przeciwcia\u0142 przeciwko streptolizynie O, toksynie produkowanej przez paciorkowce grupy A. Poziom ASO w surowicy krwi wzrasta w odpowiedzi na infekcj\u0119 spowodowan\u0105 przez te bakterie i jest u\u017cywany do diagnostyki stan\u00f3w zapalnych oraz chor\u00f3b reumatologicznych takich jak gor\u0105czka reumatyczna. Badanie wykonuje [&hellip;]<\/p>\n","protected":false},"featured_media":0,"template":"","meta":[],"product_brand":[],"product_cat":[25,26],"product_tag":[],"class_list":{"0":"post-2238","1":"product","2":"type-product","3":"status-publish","5":"product_cat-badanie-laboratoryjne","6":"product_cat-krew","8":"first","9":"instock","10":"virtual","11":"sold-individually","12":"purchasable","13":"product-type-simple"},"_links":{"self":[{"href":"https:\/\/drteraz.pl\/en\/wp-json\/wp\/v2\/product\/2238","targetHints":{"allow":["GET"]}}],"collection":[{"href":"https:\/\/drteraz.pl\/en\/wp-json\/wp\/v2\/product"}],"about":[{"href":"https:\/\/drteraz.pl\/en\/wp-json\/wp\/v2\/types\/product"}],"version-history":[{"count":0,"href":"https:\/\/drteraz.pl\/en\/wp-json\/wp\/v2\/product\/2238\/revisions"}],"wp:attachment":[{"href":"https:\/\/drteraz.pl\/en\/wp-json\/wp\/v2\/media?parent=2238"}],"wp:term":[{"taxonomy":"product_brand","embeddable":true,"href":"https:\/\/drteraz.pl\/en\/wp-json\/wp\/v2\/product_brand?post=2238"},{"taxonomy":"product_cat","embeddable":true,"href":"https:\/\/drteraz.pl\/en\/wp-json\/wp\/v2\/product_cat?post=2238"},{"taxonomy":"product_tag","embeddable":true,"href":"https:\/\/drteraz.pl\/en\/wp-json\/wp\/v2\/product_tag?post=2238"}],"curies":[{"name":"wp","href":"https:\/\/api.w.org\/{rel}","templated":true}]}}