{"id":2241,"date":"2025-06-25T02:41:29","date_gmt":"2025-06-25T00:41:29","guid":{"rendered":"https:\/\/frosty-mclean.141-95-55-172.plesk.page\/produkt\/bez-kategorii\/badanie-ogolne-kalu\/"},"modified":"2025-06-25T02:41:33","modified_gmt":"2025-06-25T00:41:33","slug":"badanie-ogolne-kalu","status":"publish","type":"product","link":"https:\/\/drteraz.pl\/en\/badanie-laboratoryjne\/badanie-ogolne-kalu\/","title":{"rendered":"Badanie og\u00f3lne ka\u0142u"},"content":{"rendered":"<h1>Badanie og\u00f3lne ka\u0142u<\/h1>\n<p>Badanie og\u00f3lne ka\u0142u to podstawowa analiza diagnostyczna, kt\u00f3ra jest wykonywana w celu oceny stanu zdrowia przewodu pokarmowego oraz wykrywania r\u00f3\u017cnorodnych problem\u00f3w zdrowotnych. Pr\u00f3bka ka\u0142u jest analizowana pod k\u0105tem obecno\u015bci patogen\u00f3w, takich jak bakterie, wirusy czy paso\u017cyty, a tak\u017ce innych nieprawid\u0142owo\u015bci, takich jak krew niewidoczna go\u0142ym okiem, resztki pokarmowe czy t\u0142uszcz. Wyniki tego badania mog\u0105 pom\u00f3c w diagnostyce infekcji, stan\u00f3w zapalnych, zaburze\u0144 wch\u0142aniania oraz innych schorze\u0144 przewodu pokarmowego.<\/p>","protected":false},"excerpt":{"rendered":"<p>Badanie og\u00f3lne ka\u0142u Badanie og\u00f3lne ka\u0142u to podstawowa analiza diagnostyczna, kt\u00f3ra jest wykonywana w celu oceny stanu zdrowia przewodu pokarmowego oraz wykrywania r\u00f3\u017cnorodnych problem\u00f3w zdrowotnych. Pr\u00f3bka ka\u0142u jest analizowana pod k\u0105tem obecno\u015bci patogen\u00f3w, takich jak bakterie, wirusy czy paso\u017cyty, a tak\u017ce innych nieprawid\u0142owo\u015bci, takich jak krew niewidoczna go\u0142ym okiem, resztki pokarmowe czy t\u0142uszcz. Wyniki tego [&hellip;]<\/p>\n","protected":false},"featured_media":0,"template":"","meta":[],"product_brand":[],"product_cat":[25,28],"product_tag":[],"class_list":{"0":"post-2241","1":"product","2":"type-product","3":"status-publish","5":"product_cat-badanie-laboratoryjne","6":"product_cat-kal","8":"first","9":"instock","10":"virtual","11":"sold-individually","12":"purchasable","13":"product-type-simple"},"_links":{"self":[{"href":"https:\/\/drteraz.pl\/en\/wp-json\/wp\/v2\/product\/2241","targetHints":{"allow":["GET"]}}],"collection":[{"href":"https:\/\/drteraz.pl\/en\/wp-json\/wp\/v2\/product"}],"about":[{"href":"https:\/\/drteraz.pl\/en\/wp-json\/wp\/v2\/types\/product"}],"version-history":[{"count":0,"href":"https:\/\/drteraz.pl\/en\/wp-json\/wp\/v2\/product\/2241\/revisions"}],"wp:attachment":[{"href":"https:\/\/drteraz.pl\/en\/wp-json\/wp\/v2\/media?parent=2241"}],"wp:term":[{"taxonomy":"product_brand","embeddable":true,"href":"https:\/\/drteraz.pl\/en\/wp-json\/wp\/v2\/product_brand?post=2241"},{"taxonomy":"product_cat","embeddable":true,"href":"https:\/\/drteraz.pl\/en\/wp-json\/wp\/v2\/product_cat?post=2241"},{"taxonomy":"product_tag","embeddable":true,"href":"https:\/\/drteraz.pl\/en\/wp-json\/wp\/v2\/product_tag?post=2241"}],"curies":[{"name":"wp","href":"https:\/\/api.w.org\/{rel}","templated":true}]}}