{"id":2242,"date":"2025-06-25T02:41:29","date_gmt":"2025-06-25T00:41:29","guid":{"rendered":"https:\/\/frosty-mclean.141-95-55-172.plesk.page\/produkt\/bez-kategorii\/badanie-ogolne-moczu-z-cyfrowa-ocena-osadu\/"},"modified":"2025-06-25T02:41:33","modified_gmt":"2025-06-25T00:41:33","slug":"badanie-ogolne-moczu-z-cyfrowa-ocena-osadu","status":"publish","type":"product","link":"https:\/\/drteraz.pl\/en\/badanie-laboratoryjne\/badanie-ogolne-moczu-z-cyfrowa-ocena-osadu\/","title":{"rendered":"Badanie og\u00f3lne moczu z cyfrow\u0105 ocen\u0105 osadu"},"content":{"rendered":"<h1>Badanie og\u00f3lne moczu z cyfrow\u0105 ocen\u0105 osadu<\/h1>\n<p>Badanie og\u00f3lne moczu z cyfrow\u0105 ocen\u0105 osadu jest podstawowym i niezwykle wa\u017cnym testem diagnostycznym, kt\u00f3re pozwala na ocen\u0119 stanu zdrowia oraz funkcjonowania uk\u0142adu moczowego. Test ten nale\u017cy do kategorii ANALITYKA OG\u00d3LNA &#8211; badanie moczu i jest przeprowadzany na podstawie pr\u00f3bki moczu dostarczonej przez pacjenta.<\/p>\n<p>W ramach badania oceniane s\u0105 r\u00f3\u017cne parametry moczu, takie jak jego barwa, przejrzysto\u015b\u0107, ci\u0119\u017car w\u0142a\u015bciwy, pH, obecno\u015b\u0107 bia\u0142ka, glukozy, keton\u00f3w, bilirubiny, a tak\u017ce obecno\u015b\u0107 ewentualnych patogen\u00f3w, co jest mo\u017cliwe dzi\u0119ki zastosowaniu zaawansowanych technologii cyfrowej analizy osadu. Dzi\u0119ki cyfrowej metodologii, mo\u017cliwe jest precyzyjne okre\u015blenie ilo\u015bci oraz rodzaju kom\u00f3rek, kryszta\u0142\u00f3w, bakterii czy innych sk\u0142adnik\u00f3w osadu, co znacz\u0105co zwi\u0119ksza dok\u0142adno\u015b\u0107 diagnostyczn\u0105 testu.<\/p>\n<p>Badanie to jest szczeg\u00f3lnie zalecane w przypadku os\u00f3b do\u015bwiadczaj\u0105cych objaw\u00f3w infekcji uk\u0142adu moczowego, takich jak b\u00f3l lub pieczenie podczas oddawania moczu, cz\u0119ste oddawanie moczu, m\u0119tny mocz czy te\u017c mocz o nieprzyjemnym zapachu. Rutynowo wykonuje si\u0119 je tak\u017ce w ramach kontrolnych bada\u0144 profilaktycznych w celu wczesnego wykrycia potencjalnych problem\u00f3w zdrowotnych.<\/p>\n<p>Procedura badania jest prosta i nieinwazyjna. Pacjent musi jedynie dostarczy\u0107 pr\u00f3bk\u0119 swojego porannego moczu do laboratorium, gdzie za pomoc\u0105 specjalistycznych przyrz\u0105d\u00f3w przeprowadzana jest analiza. Wyniki badania s\u0105 zazwyczaj dost\u0119pne ju\u017c nast\u0119pnego dnia, co pozwala na szybk\u0105 reakcj\u0119 i ewentualne wprowadzenie odpowiedniego leczenia.<\/p>","protected":false},"excerpt":{"rendered":"<p>Badanie og\u00f3lne moczu z cyfrow\u0105 ocen\u0105 osadu Badanie og\u00f3lne moczu z cyfrow\u0105 ocen\u0105 osadu jest podstawowym i niezwykle wa\u017cnym testem diagnostycznym, kt\u00f3re pozwala na ocen\u0119 stanu zdrowia oraz funkcjonowania uk\u0142adu moczowego. Test ten nale\u017cy do kategorii ANALITYKA OG\u00d3LNA &#8211; badanie moczu i jest przeprowadzany na podstawie pr\u00f3bki moczu dostarczonej przez pacjenta. W ramach badania oceniane [&hellip;]<\/p>\n","protected":false},"featured_media":0,"template":"","meta":[],"product_brand":[],"product_cat":[25,27],"product_tag":[],"class_list":{"0":"post-2242","1":"product","2":"type-product","3":"status-publish","5":"product_cat-badanie-laboratoryjne","6":"product_cat-mocz","8":"first","9":"instock","10":"virtual","11":"sold-individually","12":"purchasable","13":"product-type-simple"},"_links":{"self":[{"href":"https:\/\/drteraz.pl\/en\/wp-json\/wp\/v2\/product\/2242","targetHints":{"allow":["GET"]}}],"collection":[{"href":"https:\/\/drteraz.pl\/en\/wp-json\/wp\/v2\/product"}],"about":[{"href":"https:\/\/drteraz.pl\/en\/wp-json\/wp\/v2\/types\/product"}],"version-history":[{"count":0,"href":"https:\/\/drteraz.pl\/en\/wp-json\/wp\/v2\/product\/2242\/revisions"}],"wp:attachment":[{"href":"https:\/\/drteraz.pl\/en\/wp-json\/wp\/v2\/media?parent=2242"}],"wp:term":[{"taxonomy":"product_brand","embeddable":true,"href":"https:\/\/drteraz.pl\/en\/wp-json\/wp\/v2\/product_brand?post=2242"},{"taxonomy":"product_cat","embeddable":true,"href":"https:\/\/drteraz.pl\/en\/wp-json\/wp\/v2\/product_cat?post=2242"},{"taxonomy":"product_tag","embeddable":true,"href":"https:\/\/drteraz.pl\/en\/wp-json\/wp\/v2\/product_tag?post=2242"}],"curies":[{"name":"wp","href":"https:\/\/api.w.org\/{rel}","templated":true}]}}