{"id":2245,"date":"2025-06-25T02:41:29","date_gmt":"2025-06-25T00:41:29","guid":{"rendered":"https:\/\/frosty-mclean.141-95-55-172.plesk.page\/produkt\/bez-kategorii\/badanie-w-kierunku-pasozytow\/"},"modified":"2025-06-25T02:41:34","modified_gmt":"2025-06-25T00:41:34","slug":"badanie-w-kierunku-pasozytow","status":"publish","type":"product","link":"https:\/\/drteraz.pl\/en\/badanie-laboratoryjne\/badanie-w-kierunku-pasozytow\/","title":{"rendered":"Badanie w kierunku paso\u017cyt\u00f3w"},"content":{"rendered":"<h1>Badanie w kierunku paso\u017cyt\u00f3w<\/h1>\n<p>Badanie w kierunku paso\u017cyt\u00f3w jest analiz\u0105 laboratoryjn\u0105 wykonywan\u0105 w celu wykrycia obecno\u015bci paso\u017cyt\u00f3w w organizmie cz\u0142owieka. Pr\u00f3bka do badania to ka\u0142 pacjenta, kt\u00f3ry jest przeszukiwany za pomoc\u0105 r\u00f3\u017cnych metod mikroskopowych i biochemicznych. Badanie to nale\u017cy do kategorii ANALITYKA OG\u00d3LNA &#8211; badanie ka\u0142u.<\/p>\n<p>Badanie jest szczeg\u00f3lnie wa\u017cne dla os\u00f3b, kt\u00f3re do\u015bwiadczaj\u0105 nieokre\u015blonych dolegliwo\u015bci jelitowych, takich jak b\u00f3le brzucha, biegunki, czy nietypowe zm\u0119czenie, jak r\u00f3wnie\u017c dla os\u00f3b, kt\u00f3re podr\u00f3\u017cowa\u0142y do miejsc o niskim standardzie higieny lub mia\u0142y kontakt z zainfekowanymi zwierz\u0119tami. Pozwala ono na szybkie i skuteczne rozpoznanie infestacji i jest kluczowe w procesie diagnozowania i dobierania odpowiedniego leczenia.<\/p>\n<p>Przed przyst\u0105pieniem do badania pacjent powinien zgromadzi\u0107 pr\u00f3bk\u0119 ka\u0142u zgodnie z wytycznymi otrzymanymi od laboratorium. Staranne przygotowanie pr\u00f3bki jest kluczowe dla wiarygodno\u015bci wynik\u00f3w badania.<\/p>","protected":false},"excerpt":{"rendered":"<p>Badanie w kierunku paso\u017cyt\u00f3w Badanie w kierunku paso\u017cyt\u00f3w jest analiz\u0105 laboratoryjn\u0105 wykonywan\u0105 w celu wykrycia obecno\u015bci paso\u017cyt\u00f3w w organizmie cz\u0142owieka. Pr\u00f3bka do badania to ka\u0142 pacjenta, kt\u00f3ry jest przeszukiwany za pomoc\u0105 r\u00f3\u017cnych metod mikroskopowych i biochemicznych. Badanie to nale\u017cy do kategorii ANALITYKA OG\u00d3LNA &#8211; badanie ka\u0142u. Badanie jest szczeg\u00f3lnie wa\u017cne dla os\u00f3b, kt\u00f3re do\u015bwiadczaj\u0105 nieokre\u015blonych [&hellip;]<\/p>\n","protected":false},"featured_media":0,"template":"","meta":[],"product_brand":[],"product_cat":[25,28],"product_tag":[],"class_list":{"0":"post-2245","1":"product","2":"type-product","3":"status-publish","5":"product_cat-badanie-laboratoryjne","6":"product_cat-kal","8":"first","9":"instock","10":"virtual","11":"sold-individually","12":"purchasable","13":"product-type-simple"},"_links":{"self":[{"href":"https:\/\/drteraz.pl\/en\/wp-json\/wp\/v2\/product\/2245","targetHints":{"allow":["GET"]}}],"collection":[{"href":"https:\/\/drteraz.pl\/en\/wp-json\/wp\/v2\/product"}],"about":[{"href":"https:\/\/drteraz.pl\/en\/wp-json\/wp\/v2\/types\/product"}],"version-history":[{"count":0,"href":"https:\/\/drteraz.pl\/en\/wp-json\/wp\/v2\/product\/2245\/revisions"}],"wp:attachment":[{"href":"https:\/\/drteraz.pl\/en\/wp-json\/wp\/v2\/media?parent=2245"}],"wp:term":[{"taxonomy":"product_brand","embeddable":true,"href":"https:\/\/drteraz.pl\/en\/wp-json\/wp\/v2\/product_brand?post=2245"},{"taxonomy":"product_cat","embeddable":true,"href":"https:\/\/drteraz.pl\/en\/wp-json\/wp\/v2\/product_cat?post=2245"},{"taxonomy":"product_tag","embeddable":true,"href":"https:\/\/drteraz.pl\/en\/wp-json\/wp\/v2\/product_tag?post=2245"}],"curies":[{"name":"wp","href":"https:\/\/api.w.org\/{rel}","templated":true}]}}