{"id":2251,"date":"2025-06-25T02:41:37","date_gmt":"2025-06-25T00:41:37","guid":{"rendered":"https:\/\/frosty-mclean.141-95-55-172.plesk.page\/produkt\/bez-kategorii\/bialko-bence-jonesa-metoda-termiczna\/"},"modified":"2025-06-25T02:41:39","modified_gmt":"2025-06-25T00:41:39","slug":"bialko-bence-jonesa-metoda-termiczna","status":"publish","type":"product","link":"https:\/\/drteraz.pl\/en\/badanie-laboratoryjne\/bialko-bence-jonesa-metoda-termiczna\/","title":{"rendered":"Bia\u0142ko Bence-Jonesa &#8211; metoda termiczna"},"content":{"rendered":"<h1>Bia\u0142ko Bence-Jonesa &#8211; metoda termiczna<\/h1>\n<p>Test na obecno\u015b\u0107 bia\u0142ka Bence-Jonesa metod\u0105 termiczn\u0105 to badanie laboratoryjne przeprowadzane na pr\u00f3bce moczu w celu identyfikacji specyficznych bia\u0142ek, kt\u00f3re mog\u0105 pojawi\u0107 si\u0119 w kontek\u015bcie niekt\u00f3rych chor\u00f3b hematologicznych, takich jak mieloma mnoga czy inne zaburzenia zwi\u0105zane z plazmocytami. Metoda termiczna polega na ogrzewaniu pr\u00f3bki moczu w okre\u015blonej temperaturze w celu denaturacji i koagulacji bia\u0142ka, co pozwala na jego identyfikacj\u0119 i ocen\u0119. Badanie to jest kluczowe w diagnostyce i monitorowaniu odpowiedzi na leczenie w warunkach klinicznych charakteryzuj\u0105cych si\u0119 nadprodukcj\u0105 lekkich \u0142a\u0144cuch\u00f3w immunoglobulin, znanych tak\u017ce jako bia\u0142ka Bence-Jonesa.<\/p>","protected":false},"excerpt":{"rendered":"<p>Bia\u0142ko Bence-Jonesa &#8211; metoda termiczna Test na obecno\u015b\u0107 bia\u0142ka Bence-Jonesa metod\u0105 termiczn\u0105 to badanie laboratoryjne przeprowadzane na pr\u00f3bce moczu w celu identyfikacji specyficznych bia\u0142ek, kt\u00f3re mog\u0105 pojawi\u0107 si\u0119 w kontek\u015bcie niekt\u00f3rych chor\u00f3b hematologicznych, takich jak mieloma mnoga czy inne zaburzenia zwi\u0105zane z plazmocytami. Metoda termiczna polega na ogrzewaniu pr\u00f3bki moczu w okre\u015blonej temperaturze w celu [&hellip;]<\/p>\n","protected":false},"featured_media":0,"template":"","meta":[],"product_brand":[],"product_cat":[25,27],"product_tag":[],"class_list":{"0":"post-2251","1":"product","2":"type-product","3":"status-publish","5":"product_cat-badanie-laboratoryjne","6":"product_cat-mocz","8":"first","9":"instock","10":"virtual","11":"sold-individually","12":"purchasable","13":"product-type-simple"},"_links":{"self":[{"href":"https:\/\/drteraz.pl\/en\/wp-json\/wp\/v2\/product\/2251","targetHints":{"allow":["GET"]}}],"collection":[{"href":"https:\/\/drteraz.pl\/en\/wp-json\/wp\/v2\/product"}],"about":[{"href":"https:\/\/drteraz.pl\/en\/wp-json\/wp\/v2\/types\/product"}],"version-history":[{"count":0,"href":"https:\/\/drteraz.pl\/en\/wp-json\/wp\/v2\/product\/2251\/revisions"}],"wp:attachment":[{"href":"https:\/\/drteraz.pl\/en\/wp-json\/wp\/v2\/media?parent=2251"}],"wp:term":[{"taxonomy":"product_brand","embeddable":true,"href":"https:\/\/drteraz.pl\/en\/wp-json\/wp\/v2\/product_brand?post=2251"},{"taxonomy":"product_cat","embeddable":true,"href":"https:\/\/drteraz.pl\/en\/wp-json\/wp\/v2\/product_cat?post=2251"},{"taxonomy":"product_tag","embeddable":true,"href":"https:\/\/drteraz.pl\/en\/wp-json\/wp\/v2\/product_tag?post=2251"}],"curies":[{"name":"wp","href":"https:\/\/api.w.org\/{rel}","templated":true}]}}