{"id":2252,"date":"2025-06-25T02:41:37","date_gmt":"2025-06-25T00:41:37","guid":{"rendered":"https:\/\/frosty-mclean.141-95-55-172.plesk.page\/produkt\/bez-kategorii\/bialko-calkowite\/"},"modified":"2025-06-25T02:41:39","modified_gmt":"2025-06-25T00:41:39","slug":"bialko-calkowite","status":"publish","type":"product","link":"https:\/\/drteraz.pl\/en\/badanie-laboratoryjne\/bialko-calkowite\/","title":{"rendered":"Bia\u0142ko ca\u0142kowite"},"content":{"rendered":"<h1>Bia\u0142ko ca\u0142kowite &#8211; badanie biochemiczne<\/h1>\n<p>Bia\u0142ko ca\u0142kowite to badanie laboratoryjne, kt\u00f3re ma na celu zmierzenie sumy wszystkich bia\u0142ek obecnych w surowicy krwi. Badanie to jest kluczowe w diagnozowaniu wielu stan\u00f3w zdrowotnych, w tym zaburze\u0144 w\u0105troby, nerek oraz chor\u00f3b zwi\u0105zanych z niedo\u017cywieniem. Bia\u0142ka s\u0105 niezb\u0119dne do prawid\u0142owego funkcjonowania organizmu, a ich poziom w krwi odzwierciedla wiele wa\u017cnych aspekt\u00f3w stanu zdrowia pacjenta.<\/p>\n<h1>Jak przygotowa\u0107 si\u0119 do badania?<\/h1>\n<p>Badanie poziomu bia\u0142ka ca\u0142kowitego zwykle nie wymaga specjalnego przygotowania. Jednak zaleca si\u0119, aby przed pobraniem krwi pacjent by\u0142 na czczo \u2013 ostatni posi\u0142ek powinien by\u0107 spo\u017cyty co najmniej 8 godzin przed badaniem. Ponadto, warto unika\u0107 intensywnego wysi\u0142ku fizycznego oraz stresu na kilka dni przed badaniem.<\/p>\n<h1>Co oznaczaj\u0105 wyniki?<\/h1>\n<p>Normalne warto\u015bci bia\u0142ka ca\u0142kowitego w surowicy krwi wynosz\u0105 od 6.4 do 8.3 g\/dl, jednak te warto\u015bci mog\u0105 nieznacznie r\u00f3\u017cni\u0107 si\u0119 w zale\u017cno\u015bci od laboratorium. Wyniki poni\u017cej normy mog\u0105 wskazywa\u0107 na niedo\u017cywienie, ci\u0119\u017ckie choroby w\u0105troby lub nerek, a tak\u017ce na inne schorzenia takie jak oparzenia czy krwotoki. Z kolei zwi\u0119kszony poziom bia\u0142ka mo\u017ce \u015bwiadczy\u0107 o odwodnieniu lub chorobach takich jak przewlek\u0142e zapalenie, zaka\u017cenia czy nowotwory. Dok\u0142adn\u0105 interpretacj\u0119 wynik\u00f3w zawsze powinien przeprowadzi\u0107 lekarz, kt\u00f3ry bierze pod uwag\u0119 og\u00f3lny stan zdrowia pacjenta oraz inne wyniki bada\u0144.<\/p>","protected":false},"excerpt":{"rendered":"<p>Bia\u0142ko ca\u0142kowite &#8211; badanie biochemiczne Bia\u0142ko ca\u0142kowite to badanie laboratoryjne, kt\u00f3re ma na celu zmierzenie sumy wszystkich bia\u0142ek obecnych w surowicy krwi. Badanie to jest kluczowe w diagnozowaniu wielu stan\u00f3w zdrowotnych, w tym zaburze\u0144 w\u0105troby, nerek oraz chor\u00f3b zwi\u0105zanych z niedo\u017cywieniem. Bia\u0142ka s\u0105 niezb\u0119dne do prawid\u0142owego funkcjonowania organizmu, a ich poziom w krwi odzwierciedla wiele [&hellip;]<\/p>\n","protected":false},"featured_media":0,"template":"","meta":[],"product_brand":[],"product_cat":[25,26],"product_tag":[],"class_list":{"0":"post-2252","1":"product","2":"type-product","3":"status-publish","5":"product_cat-badanie-laboratoryjne","6":"product_cat-krew","8":"first","9":"instock","10":"virtual","11":"sold-individually","12":"purchasable","13":"product-type-simple"},"_links":{"self":[{"href":"https:\/\/drteraz.pl\/en\/wp-json\/wp\/v2\/product\/2252","targetHints":{"allow":["GET"]}}],"collection":[{"href":"https:\/\/drteraz.pl\/en\/wp-json\/wp\/v2\/product"}],"about":[{"href":"https:\/\/drteraz.pl\/en\/wp-json\/wp\/v2\/types\/product"}],"version-history":[{"count":0,"href":"https:\/\/drteraz.pl\/en\/wp-json\/wp\/v2\/product\/2252\/revisions"}],"wp:attachment":[{"href":"https:\/\/drteraz.pl\/en\/wp-json\/wp\/v2\/media?parent=2252"}],"wp:term":[{"taxonomy":"product_brand","embeddable":true,"href":"https:\/\/drteraz.pl\/en\/wp-json\/wp\/v2\/product_brand?post=2252"},{"taxonomy":"product_cat","embeddable":true,"href":"https:\/\/drteraz.pl\/en\/wp-json\/wp\/v2\/product_cat?post=2252"},{"taxonomy":"product_tag","embeddable":true,"href":"https:\/\/drteraz.pl\/en\/wp-json\/wp\/v2\/product_tag?post=2252"}],"curies":[{"name":"wp","href":"https:\/\/api.w.org\/{rel}","templated":true}]}}