{"id":2258,"date":"2025-06-25T02:41:37","date_gmt":"2025-06-25T00:41:37","guid":{"rendered":"https:\/\/frosty-mclean.141-95-55-172.plesk.page\/produkt\/bez-kategorii\/bilirubina-posrednia\/"},"modified":"2025-06-25T02:41:40","modified_gmt":"2025-06-25T00:41:40","slug":"bilirubina-posrednia","status":"publish","type":"product","link":"https:\/\/drteraz.pl\/en\/badanie-laboratoryjne\/bilirubina-posrednia\/","title":{"rendered":"Bilirubina po\u015brednia"},"content":{"rendered":"<h1>Bilirubina po\u015brednia<\/h1>\n<p>Bilirubina po\u015brednia, znana tak\u017ce jako bilirubina niezwi\u0105zana lub wolna, jest produktem rozpadu hemoglobiny z czerwonych krwinek. Pomiar jej poziomu w krwi jest wa\u017cny, aby oceni\u0107 funkcjonowanie w\u0105troby oraz mo\u017cliwo\u015b\u0107 wyst\u0119powania \u017c\u00f3\u0142taczki. Poniewa\u017c bilirubina po\u015brednia jest rozpuszczalna w t\u0142uszczach, lecz nie w wodzie, jej nadmiar mo\u017ce skumulowa\u0107 si\u0119 w tkankach cia\u0142a, prowadz\u0105c do \u017c\u00f3\u0142kni\u0119cia sk\u00f3ry i bia\u0142ek oczu. Badanie to jest szczeg\u00f3lnie wa\u017cne u noworodk\u00f3w, kt\u00f3rych uk\u0142ad w\u0105trobowy mo\u017ce nie by\u0107 jeszcze w pe\u0142ni rozwini\u0119ty.<\/p>","protected":false},"excerpt":{"rendered":"<p>Bilirubina po\u015brednia Bilirubina po\u015brednia, znana tak\u017ce jako bilirubina niezwi\u0105zana lub wolna, jest produktem rozpadu hemoglobiny z czerwonych krwinek. Pomiar jej poziomu w krwi jest wa\u017cny, aby oceni\u0107 funkcjonowanie w\u0105troby oraz mo\u017cliwo\u015b\u0107 wyst\u0119powania \u017c\u00f3\u0142taczki. Poniewa\u017c bilirubina po\u015brednia jest rozpuszczalna w t\u0142uszczach, lecz nie w wodzie, jej nadmiar mo\u017ce skumulowa\u0107 si\u0119 w tkankach cia\u0142a, prowadz\u0105c do \u017c\u00f3\u0142kni\u0119cia [&hellip;]<\/p>\n","protected":false},"featured_media":0,"template":"","meta":[],"product_brand":[],"product_cat":[25,26],"product_tag":[],"class_list":{"0":"post-2258","1":"product","2":"type-product","3":"status-publish","5":"product_cat-badanie-laboratoryjne","6":"product_cat-krew","8":"first","9":"instock","10":"virtual","11":"sold-individually","12":"purchasable","13":"product-type-simple"},"_links":{"self":[{"href":"https:\/\/drteraz.pl\/en\/wp-json\/wp\/v2\/product\/2258","targetHints":{"allow":["GET"]}}],"collection":[{"href":"https:\/\/drteraz.pl\/en\/wp-json\/wp\/v2\/product"}],"about":[{"href":"https:\/\/drteraz.pl\/en\/wp-json\/wp\/v2\/types\/product"}],"version-history":[{"count":0,"href":"https:\/\/drteraz.pl\/en\/wp-json\/wp\/v2\/product\/2258\/revisions"}],"wp:attachment":[{"href":"https:\/\/drteraz.pl\/en\/wp-json\/wp\/v2\/media?parent=2258"}],"wp:term":[{"taxonomy":"product_brand","embeddable":true,"href":"https:\/\/drteraz.pl\/en\/wp-json\/wp\/v2\/product_brand?post=2258"},{"taxonomy":"product_cat","embeddable":true,"href":"https:\/\/drteraz.pl\/en\/wp-json\/wp\/v2\/product_cat?post=2258"},{"taxonomy":"product_tag","embeddable":true,"href":"https:\/\/drteraz.pl\/en\/wp-json\/wp\/v2\/product_tag?post=2258"}],"curies":[{"name":"wp","href":"https:\/\/api.w.org\/{rel}","templated":true}]}}