{"id":2261,"date":"2025-06-25T02:41:37","date_gmt":"2025-06-25T00:41:37","guid":{"rendered":"https:\/\/frosty-mclean.141-95-55-172.plesk.page\/produkt\/bez-kategorii\/bordetella-pertussis-krztusiec-igm-ocena-ilosciowa\/"},"modified":"2025-06-25T02:41:41","modified_gmt":"2025-06-25T00:41:41","slug":"bordetella-pertussis-krztusiec-igm-ocena-ilosciowa","status":"publish","type":"product","link":"https:\/\/drteraz.pl\/en\/badanie-laboratoryjne\/bordetella-pertussis-krztusiec-igm-ocena-ilosciowa\/","title":{"rendered":"Bordetella pertussis (krztusiec) IgM &#8211; ocena ilo\u015bciowa"},"content":{"rendered":"<h1>Bordetella pertussis (krztusiec) IgM &#8211; ocena ilo\u015bciowa<\/h1>\n<p>Badanie Bordetella pertussis IgM &#8211; ocena ilo\u015bciowa jest kluczowym testem diagnostycznym stosowanym w celu wykrywania przeciwcia\u0142 klasy IgM przeciwko bakterii Bordetella pertussis, kt\u00f3ra jest czynnikiem etiologicznym krztu\u015bca. Krztusiec to wysoce zaka\u017ana choroba bakteryjna dr\u00f3g oddechowych, kt\u00f3ra mo\u017ce mie\u0107 powa\u017cne konsekwencje zw\u0142aszcza u niemowl\u0105t i dzieci, ale tak\u017ce u doros\u0142ych. Badanie przeprowadzane jest na pr\u00f3bce krwi, co pozwala na szybkie i precyzyjne okre\u015blenie odpowiedzi immunologicznej organizmu na zaka\u017cenie.<\/p>\n<h1>Znaczenie badania<\/h1>\n<p>Okre\u015blenie poziomu przeciwcia\u0142 IgM przeciw Bordetella pertussis jest niezmiernie wa\u017cne w diagnostyce krztu\u015bca, szczeg\u00f3lnie w fazie wczesnej choroby, gdy objawy s\u0105 niespecyficzne. Wysokie st\u0119\u017cenie IgM w surowicy jest cz\u0119sto obserwowane ju\u017c w pierwszych tygodniach po infekcji, co umo\u017cliwia wczesne rozpoznanie i wprowadzenie odpowiedniego leczenia, co jest szczeg\u00f3lnie istotne w przypadku chor\u00f3b zaka\u017anych o szybkim rozprzestrzenianiu si\u0119.<\/p>\n<h1>Metodyka badania<\/h1>\n<p>Badanie Bordetella pertussis IgM wykonuje si\u0119 przy pomocy wysokospecyficznych metod immunochemicznych, kt\u00f3re pozwalaj\u0105 na precyzyjne i ilo\u015bciowe okre\u015blenie poziomu przeciwcia\u0142. Jest to test, kt\u00f3ry powinien by\u0107 przeprowadzany w akredytowanych laboratoriach diagnostycznych, zapewniaj\u0105cych wysok\u0105 jako\u015b\u0107 i wiarygodno\u015b\u0107 wynik\u00f3w.<\/p>\n<h1>Interpretacja wynik\u00f3w<\/h1>\n<p>Pozytywny wynik testu wskazuje na obecno\u015b\u0107 przeciwcia\u0142 IgM przeciwko Bordetella pertussis w krwi, co mo\u017ce sugerowa\u0107 niedawne zaka\u017cenie. Negatywny wynik nie wyklucza zaka\u017cenia, zw\u0142aszcza w kontek\u015bcie niedawnego kontaktu z osob\u0105 zaka\u017con\u0105 lub pocz\u0105tkowych objaw\u00f3w krztu\u015bca. Dlatego te\u017c, interpretacja wynik\u00f3w powinna by\u0107 zawsze przeprowadzana przez do\u015bwiadczonego lekarza, kt\u00f3ry we\u017amie pod uwag\u0119 pe\u0142ny obraz kliniczny pacjenta oraz ewentualne wyniki dodatkowych bada\u0144 diagnostycznych.<\/p>\n<h1>Kiedy wykona\u0107 badanie?<\/h1>\n<p>Test na obecno\u015b\u0107 przeciwcia\u0142 IgM przeciw Bordetella pertussis zalecany jest w przypadku wyst\u0105pienia typowych objaw\u00f3w krztu\u015bca, takich jak nasilaj\u0105cy si\u0119 kaszel, zw\u0142aszcza u os\u00f3b, kt\u00f3re mog\u0142y mie\u0107 niedawny kontakt z osobami zaka\u017conymi. Badanie jest r\u00f3wnie\u017c wskazane przy rejestrowaniu przypadk\u00f3w epidemii krztu\u015bca w danej spo\u0142eczno\u015bci, w celu szybkiego i skutecznego ograniczenia rozprzestrzeniania si\u0119 choroby.<\/p>","protected":false},"excerpt":{"rendered":"<p>Bordetella pertussis (krztusiec) IgM &#8211; ocena ilo\u015bciowa Badanie Bordetella pertussis IgM &#8211; ocena ilo\u015bciowa jest kluczowym testem diagnostycznym stosowanym w celu wykrywania przeciwcia\u0142 klasy IgM przeciwko bakterii Bordetella pertussis, kt\u00f3ra jest czynnikiem etiologicznym krztu\u015bca. Krztusiec to wysoce zaka\u017ana choroba bakteryjna dr\u00f3g oddechowych, kt\u00f3ra mo\u017ce mie\u0107 powa\u017cne konsekwencje zw\u0142aszcza u niemowl\u0105t i dzieci, ale tak\u017ce u [&hellip;]<\/p>\n","protected":false},"featured_media":0,"template":"","meta":[],"product_brand":[],"product_cat":[25,26],"product_tag":[],"class_list":{"0":"post-2261","1":"product","2":"type-product","3":"status-publish","5":"product_cat-badanie-laboratoryjne","6":"product_cat-krew","8":"first","9":"instock","10":"virtual","11":"sold-individually","12":"purchasable","13":"product-type-simple"},"_links":{"self":[{"href":"https:\/\/drteraz.pl\/en\/wp-json\/wp\/v2\/product\/2261","targetHints":{"allow":["GET"]}}],"collection":[{"href":"https:\/\/drteraz.pl\/en\/wp-json\/wp\/v2\/product"}],"about":[{"href":"https:\/\/drteraz.pl\/en\/wp-json\/wp\/v2\/types\/product"}],"version-history":[{"count":0,"href":"https:\/\/drteraz.pl\/en\/wp-json\/wp\/v2\/product\/2261\/revisions"}],"wp:attachment":[{"href":"https:\/\/drteraz.pl\/en\/wp-json\/wp\/v2\/media?parent=2261"}],"wp:term":[{"taxonomy":"product_brand","embeddable":true,"href":"https:\/\/drteraz.pl\/en\/wp-json\/wp\/v2\/product_brand?post=2261"},{"taxonomy":"product_cat","embeddable":true,"href":"https:\/\/drteraz.pl\/en\/wp-json\/wp\/v2\/product_cat?post=2261"},{"taxonomy":"product_tag","embeddable":true,"href":"https:\/\/drteraz.pl\/en\/wp-json\/wp\/v2\/product_tag?post=2261"}],"curies":[{"name":"wp","href":"https:\/\/api.w.org\/{rel}","templated":true}]}}