{"id":2262,"date":"2025-06-25T02:41:37","date_gmt":"2025-06-25T00:41:37","guid":{"rendered":"https:\/\/frosty-mclean.141-95-55-172.plesk.page\/produkt\/bez-kategorii\/borelia-burgdorferi-borelioza-igg-ocena-ilosciowa\/"},"modified":"2025-06-25T02:41:41","modified_gmt":"2025-06-25T00:41:41","slug":"borelia-burgdorferi-borelioza-igg-ocena-ilosciowa","status":"publish","type":"product","link":"https:\/\/drteraz.pl\/en\/badanie-laboratoryjne\/borelia-burgdorferi-borelioza-igg-ocena-ilosciowa\/","title":{"rendered":"Borelia burgdorferi (borelioza) IgG &#8211; ocena ilo\u015bciowa"},"content":{"rendered":"<h1>Borelia burgdorferi (borelioza) IgG &#8211; ocena ilo\u015bciowa<\/h1>\n<p>Badanie krwi Borelia burgdorferi IgG to istotne narz\u0119dzie diagnostyczne, kt\u00f3re s\u0142u\u017cy do wykrywania przeciwcia\u0142 IgG przeciwko bakterii Borelia burgdorferi, odpowiedzialnej za borelioz\u0119 (choroba z Lyme). Jest to choroba odkleszczowa, kt\u00f3ra mo\u017ce wp\u0142ywa\u0107 na sk\u00f3r\u0119, stawy, uk\u0142ad nerwowy i inne organy. Celem badania jest ocena ilo\u015bciowa przeciwcia\u0142 IgG, co pozwala na ocen\u0119 stanu immunologicznego organizmu w odpowiedzi na infekcj\u0119. Wynik badania pozwala lekarzom na postawienie diagnozy oraz monitorowanie efektywno\u015bci leczenia. Badanie jest zalecane osobom, kt\u00f3re mog\u0142y by\u0107 nara\u017cone na uk\u0105szenie przez kleszcze, szczeg\u00f3lnie w obszarach, gdzie borelioza jest endemiczna.<\/p>","protected":false},"excerpt":{"rendered":"<p>Borelia burgdorferi (borelioza) IgG &#8211; ocena ilo\u015bciowa Badanie krwi Borelia burgdorferi IgG to istotne narz\u0119dzie diagnostyczne, kt\u00f3re s\u0142u\u017cy do wykrywania przeciwcia\u0142 IgG przeciwko bakterii Borelia burgdorferi, odpowiedzialnej za borelioz\u0119 (choroba z Lyme). Jest to choroba odkleszczowa, kt\u00f3ra mo\u017ce wp\u0142ywa\u0107 na sk\u00f3r\u0119, stawy, uk\u0142ad nerwowy i inne organy. Celem badania jest ocena ilo\u015bciowa przeciwcia\u0142 IgG, co [&hellip;]<\/p>\n","protected":false},"featured_media":0,"template":"","meta":[],"product_brand":[],"product_cat":[25,26],"product_tag":[],"class_list":{"0":"post-2262","1":"product","2":"type-product","3":"status-publish","5":"product_cat-badanie-laboratoryjne","6":"product_cat-krew","8":"first","9":"instock","10":"virtual","11":"sold-individually","12":"purchasable","13":"product-type-simple"},"_links":{"self":[{"href":"https:\/\/drteraz.pl\/en\/wp-json\/wp\/v2\/product\/2262","targetHints":{"allow":["GET"]}}],"collection":[{"href":"https:\/\/drteraz.pl\/en\/wp-json\/wp\/v2\/product"}],"about":[{"href":"https:\/\/drteraz.pl\/en\/wp-json\/wp\/v2\/types\/product"}],"version-history":[{"count":0,"href":"https:\/\/drteraz.pl\/en\/wp-json\/wp\/v2\/product\/2262\/revisions"}],"wp:attachment":[{"href":"https:\/\/drteraz.pl\/en\/wp-json\/wp\/v2\/media?parent=2262"}],"wp:term":[{"taxonomy":"product_brand","embeddable":true,"href":"https:\/\/drteraz.pl\/en\/wp-json\/wp\/v2\/product_brand?post=2262"},{"taxonomy":"product_cat","embeddable":true,"href":"https:\/\/drteraz.pl\/en\/wp-json\/wp\/v2\/product_cat?post=2262"},{"taxonomy":"product_tag","embeddable":true,"href":"https:\/\/drteraz.pl\/en\/wp-json\/wp\/v2\/product_tag?post=2262"}],"curies":[{"name":"wp","href":"https:\/\/api.w.org\/{rel}","templated":true}]}}