{"id":2265,"date":"2025-06-25T02:41:37","date_gmt":"2025-06-25T00:41:37","guid":{"rendered":"https:\/\/frosty-mclean.141-95-55-172.plesk.page\/produkt\/bez-kategorii\/borelioza-igm-western-blot\/"},"modified":"2025-06-25T02:41:42","modified_gmt":"2025-06-25T00:41:42","slug":"borelioza-igm-western-blot","status":"publish","type":"product","link":"https:\/\/drteraz.pl\/en\/badanie-laboratoryjne\/borelioza-igm-western-blot\/","title":{"rendered":"Borelioza IgM &#8211; Western blot"},"content":{"rendered":"<h1>Borelia burgdorferi (borelioza) IgM &#8211; metoda Western blot<\/h1>\n<p>Borelioza to choroba przenoszona przez kleszcze, kt\u00f3re s\u0105 nosicielami bakterii Borelia burgdorferi. Wczesna diagnoza i odpowiednie leczenie s\u0105 kluczowe dla unikni\u0119cia powa\u017cnych konsekwencji zdrowotnych. Badanie Borelia burgdorferi IgM metod\u0105 Western blot jest jednym z najbardziej precyzyjnych test\u00f3w diagnostycznych wykorzystywanych w celu wykrycia przeciwcia\u0142 IgM przeciwko Borelia burgdorferi w organizmie. Przeciwcia\u0142a IgM s\u0105 zwykle wykrywalne ju\u017c w pocz\u0105tkowym etapie boreliozy, dzi\u0119ki czemu mo\u017cliwe jest szybkie rozpocz\u0119cie leczenia.<\/p>\n<p>Metoda Western blot, stosowana w tym badaniu, charakteryzuje si\u0119 wysok\u0105 specyficzno\u015bci\u0105 i czu\u0142o\u015bci\u0105. Dzi\u0119ki elektroforezie bia\u0142ek bakterii na \u017celu, a nast\u0119pnie przeniesieniu ich na membran\u0119 i zastosowaniu specyficznych przeciwcia\u0142, mo\u017cliwe jest dok\u0142adne zidentyfikowanie obecno\u015bci konkretnej reakcji immunologicznej. Test ten jest rekomendowany w przypadku wyst\u0105pienia objaw\u00f3w sugeruj\u0105cych borelioz\u0119, a tak\u017ce po potwierdzeniu obecno\u015bci przeciwcia\u0142 w innych, mniej specyficznych testach serologicznych.<\/p>\n<p>Badanie wykonuje si\u0119 z pr\u00f3bki krwi, co jest wygodne i ma\u0142o inwazyjne dla pacjenta. Zalecane jest, aby przed przyst\u0105pieniem do testu skonsultowa\u0107 si\u0119 z lekarzem, kt\u00f3ry oceni czy badanie jest w danym przypadku wskazane, a tak\u017ce pomo\u017ce w interpretacji wynik\u00f3w badania.<\/p>","protected":false},"excerpt":{"rendered":"<p>Borelia burgdorferi (borelioza) IgM &#8211; metoda Western blot Borelioza to choroba przenoszona przez kleszcze, kt\u00f3re s\u0105 nosicielami bakterii Borelia burgdorferi. Wczesna diagnoza i odpowiednie leczenie s\u0105 kluczowe dla unikni\u0119cia powa\u017cnych konsekwencji zdrowotnych. Badanie Borelia burgdorferi IgM metod\u0105 Western blot jest jednym z najbardziej precyzyjnych test\u00f3w diagnostycznych wykorzystywanych w celu wykrycia przeciwcia\u0142 IgM przeciwko Borelia burgdorferi [&hellip;]<\/p>\n","protected":false},"featured_media":0,"template":"","meta":[],"product_brand":[],"product_cat":[25,26],"product_tag":[],"class_list":{"0":"post-2265","1":"product","2":"type-product","3":"status-publish","5":"product_cat-badanie-laboratoryjne","6":"product_cat-krew","8":"first","9":"instock","10":"virtual","11":"sold-individually","12":"purchasable","13":"product-type-simple"},"_links":{"self":[{"href":"https:\/\/drteraz.pl\/en\/wp-json\/wp\/v2\/product\/2265","targetHints":{"allow":["GET"]}}],"collection":[{"href":"https:\/\/drteraz.pl\/en\/wp-json\/wp\/v2\/product"}],"about":[{"href":"https:\/\/drteraz.pl\/en\/wp-json\/wp\/v2\/types\/product"}],"version-history":[{"count":0,"href":"https:\/\/drteraz.pl\/en\/wp-json\/wp\/v2\/product\/2265\/revisions"}],"wp:attachment":[{"href":"https:\/\/drteraz.pl\/en\/wp-json\/wp\/v2\/media?parent=2265"}],"wp:term":[{"taxonomy":"product_brand","embeddable":true,"href":"https:\/\/drteraz.pl\/en\/wp-json\/wp\/v2\/product_brand?post=2265"},{"taxonomy":"product_cat","embeddable":true,"href":"https:\/\/drteraz.pl\/en\/wp-json\/wp\/v2\/product_cat?post=2265"},{"taxonomy":"product_tag","embeddable":true,"href":"https:\/\/drteraz.pl\/en\/wp-json\/wp\/v2\/product_tag?post=2265"}],"curies":[{"name":"wp","href":"https:\/\/api.w.org\/{rel}","templated":true}]}}