{"id":2268,"date":"2025-06-25T02:41:45","date_gmt":"2025-06-25T00:41:45","guid":{"rendered":"https:\/\/frosty-mclean.141-95-55-172.plesk.page\/produkt\/bez-kategorii\/bta-bezposredni-test-antyglobulinowy\/"},"modified":"2025-06-25T02:41:46","modified_gmt":"2025-06-25T00:41:46","slug":"bta-bezposredni-test-antyglobulinowy","status":"publish","type":"product","link":"https:\/\/drteraz.pl\/en\/badanie-laboratoryjne\/bta-bezposredni-test-antyglobulinowy\/","title":{"rendered":"BTA &#8211; bezpo\u015bredni test antyglobulinowy"},"content":{"rendered":"<h1>Badanie BTA &#8211; Bezpo\u015bredni Test Antyglobulinowy<\/h1>\n<p>Bezpo\u015bredni test antyglobulinowy (BTA), znany tak\u017ce jako test Coombsa bezpo\u015bredni, to badanie serologiczne krwi, kt\u00f3re ma na celu wykrycie obecno\u015bci antycia\u0142 lub dope\u0142niacza zwi\u0105zanego z powierzchni\u0105 erytrocyt\u00f3w. Badanie to jest kluczowe w diagnozowaniu oraz monitorowaniu chor\u00f3b autoimmunohemolitycznych, gdzie dochodzi do zniszczenia czerwonych krwinek przez w\u0142asny uk\u0142ad odporno\u015bciowy pacjenta.<\/p>\n<p>W ramach testu BTA, pr\u00f3bka krwi pacjenta jest mieszana z antyglobulin\u0105 (reagentem Coombsa), kt\u00f3ra reaguje z jakimikolwiek antycia\u0142ami lub sk\u0142adnikami dope\u0142niacza obecnymi na powierzchni erytrocyt\u00f3w. Pozytywny wynik testu wskazuje na obecno\u015b\u0107 tych czynnik\u00f3w, co mo\u017ce \u015bwiadczy\u0107 o autoimmunologicznej przyczynie hemolizy. Test jest niezb\u0119dny dla odpowiedniego doboru leczenia i monitorowania skuteczno\u015bci terapii.<\/p>\n<p>Badanie BTA jest zalecane w przypadkach, gdy pacjent wykazuje objawy hemolizy lub ma stwierdzon\u0105 anemi\u0119 hemolityczn\u0105. Jest to tak\u017ce wa\u017cny element diagnostyczny przed planowanymi zabiegami medycznymi wymagaj\u0105cymi transfuzji krwi. <\/p>","protected":false},"excerpt":{"rendered":"<p>Badanie BTA &#8211; Bezpo\u015bredni Test Antyglobulinowy Bezpo\u015bredni test antyglobulinowy (BTA), znany tak\u017ce jako test Coombsa bezpo\u015bredni, to badanie serologiczne krwi, kt\u00f3re ma na celu wykrycie obecno\u015bci antycia\u0142 lub dope\u0142niacza zwi\u0105zanego z powierzchni\u0105 erytrocyt\u00f3w. Badanie to jest kluczowe w diagnozowaniu oraz monitorowaniu chor\u00f3b autoimmunohemolitycznych, gdzie dochodzi do zniszczenia czerwonych krwinek przez w\u0142asny uk\u0142ad odporno\u015bciowy pacjenta. W [&hellip;]<\/p>\n","protected":false},"featured_media":0,"template":"","meta":[],"product_brand":[],"product_cat":[25,26],"product_tag":[],"class_list":{"0":"post-2268","1":"product","2":"type-product","3":"status-publish","5":"product_cat-badanie-laboratoryjne","6":"product_cat-krew","8":"first","9":"instock","10":"virtual","11":"sold-individually","12":"purchasable","13":"product-type-simple"},"_links":{"self":[{"href":"https:\/\/drteraz.pl\/en\/wp-json\/wp\/v2\/product\/2268","targetHints":{"allow":["GET"]}}],"collection":[{"href":"https:\/\/drteraz.pl\/en\/wp-json\/wp\/v2\/product"}],"about":[{"href":"https:\/\/drteraz.pl\/en\/wp-json\/wp\/v2\/types\/product"}],"version-history":[{"count":0,"href":"https:\/\/drteraz.pl\/en\/wp-json\/wp\/v2\/product\/2268\/revisions"}],"wp:attachment":[{"href":"https:\/\/drteraz.pl\/en\/wp-json\/wp\/v2\/media?parent=2268"}],"wp:term":[{"taxonomy":"product_brand","embeddable":true,"href":"https:\/\/drteraz.pl\/en\/wp-json\/wp\/v2\/product_brand?post=2268"},{"taxonomy":"product_cat","embeddable":true,"href":"https:\/\/drteraz.pl\/en\/wp-json\/wp\/v2\/product_cat?post=2268"},{"taxonomy":"product_tag","embeddable":true,"href":"https:\/\/drteraz.pl\/en\/wp-json\/wp\/v2\/product_tag?post=2268"}],"curies":[{"name":"wp","href":"https:\/\/api.w.org\/{rel}","templated":true}]}}