{"id":2269,"date":"2025-06-25T02:41:45","date_gmt":"2025-06-25T00:41:45","guid":{"rendered":"https:\/\/frosty-mclean.141-95-55-172.plesk.page\/produkt\/bez-kategorii\/ca-125-marker-nowotworu-jajnika\/"},"modified":"2025-06-25T02:41:46","modified_gmt":"2025-06-25T00:41:46","slug":"ca-125-marker-nowotworu-jajnika","status":"publish","type":"product","link":"https:\/\/drteraz.pl\/en\/badanie-laboratoryjne\/ca-125-marker-nowotworu-jajnika\/","title":{"rendered":"CA 125 (marker nowotworu jajnika)"},"content":{"rendered":"<h1>Badanie CA 125 (marker nowotworu jajnika)<\/h1>\n<p>Badanie CA 125 to test diagnostyczny wykorzystywany g\u0142\u00f3wnie do monitorowania terapii oraz wykrywania nawrot\u00f3w raka jajnika. Marker CA 125, to bia\u0142ko, kt\u00f3re jest cz\u0119sto podwy\u017cszone u kobiet cierpi\u0105cych na raka jajnika, ale mo\u017ce by\u0107 r\u00f3wnie\u017c podwy\u017cszone w przypadku innych stan\u00f3w zdrowotnych. Badanie to wykonuje si\u0119 z pr\u00f3bki krwi pacjentki.<\/p>\n<h1>Kiedy wykonuje si\u0119 badanie CA 125?<\/h1>\n<p>Badanie marker\u00f3w CA 125 najcz\u0119\u015bciej zaleca si\u0119 kobietom, kt\u00f3re maj\u0105 objawy sugeruj\u0105ce raka jajnika lub znajduj\u0105 si\u0119 w grupie zwi\u0119kszonego ryzyka jego wyst\u0105pienia. Jest te\u017c stosowane do monitorowania efektywno\u015bci leczenia oraz wykrywania ewentualnych nawrot\u00f3w choroby u pacjentek ju\u017c leczonych z powodu raka jajnika.<\/p>\n<h1>Jak interpretowa\u0107 wyniki badania?<\/h1>\n<p>Poziom CA 125 w surowicy krwi mo\u017ce by\u0107 podwy\u017cszony w wielu stanach, nie tylko przy raku jajnika, w tym mi\u0119dzy innymi przy endometriozie, zapaleniu miednicy, ci\u0105\u017cy czy miesi\u0105czce. Dlatego wa\u017cne jest, aby wyniki badania interpretowa\u0107 z ostro\u017cno\u015bci\u0105 i w kontek\u015bcie innych bada\u0144 diagnostycznych oraz historii medycznej pacjentki. Wynik poni\u017cej 35 U\/ml jest zazwyczaj uwa\u017cany za normalny, jednak interpretacja wynik\u00f3w powinna zawsze odbywa\u0107 si\u0119 przez fachowego specjalist\u0119.<\/p>\n<h1>Rola badania CA 125 w diagnostyce chor\u00f3b nowotworowych<\/h1>\n<p>Chocia\u017c badanie CA 125 nie jest u\u017cywane jako samodzielny test do diagnozowania raka jajnika, odgrywa kluczow\u0105 rol\u0119 w monitorowaniu odpowiedzi na leczenie i wykrywaniu nawrot\u00f3w choroby. Jego u\u017cyteczno\u015b\u0107 jako narz\u0119dzia diagnostycznego ro\u015bnie, gdy jest zestawiane z innymi metodami diagnostycznymi, takimi jak obrazowanie medyczne oraz badania kliniczne i laboratoryjne.<\/p>","protected":false},"excerpt":{"rendered":"<p>Badanie CA 125 (marker nowotworu jajnika) Badanie CA 125 to test diagnostyczny wykorzystywany g\u0142\u00f3wnie do monitorowania terapii oraz wykrywania nawrot\u00f3w raka jajnika. Marker CA 125, to bia\u0142ko, kt\u00f3re jest cz\u0119sto podwy\u017cszone u kobiet cierpi\u0105cych na raka jajnika, ale mo\u017ce by\u0107 r\u00f3wnie\u017c podwy\u017cszone w przypadku innych stan\u00f3w zdrowotnych. Badanie to wykonuje si\u0119 z pr\u00f3bki krwi pacjentki. [&hellip;]<\/p>\n","protected":false},"featured_media":0,"template":"","meta":[],"product_brand":[],"product_cat":[25,26],"product_tag":[],"class_list":{"0":"post-2269","1":"product","2":"type-product","3":"status-publish","5":"product_cat-badanie-laboratoryjne","6":"product_cat-krew","8":"first","9":"instock","10":"virtual","11":"sold-individually","12":"purchasable","13":"product-type-simple"},"_links":{"self":[{"href":"https:\/\/drteraz.pl\/en\/wp-json\/wp\/v2\/product\/2269","targetHints":{"allow":["GET"]}}],"collection":[{"href":"https:\/\/drteraz.pl\/en\/wp-json\/wp\/v2\/product"}],"about":[{"href":"https:\/\/drteraz.pl\/en\/wp-json\/wp\/v2\/types\/product"}],"version-history":[{"count":0,"href":"https:\/\/drteraz.pl\/en\/wp-json\/wp\/v2\/product\/2269\/revisions"}],"wp:attachment":[{"href":"https:\/\/drteraz.pl\/en\/wp-json\/wp\/v2\/media?parent=2269"}],"wp:term":[{"taxonomy":"product_brand","embeddable":true,"href":"https:\/\/drteraz.pl\/en\/wp-json\/wp\/v2\/product_brand?post=2269"},{"taxonomy":"product_cat","embeddable":true,"href":"https:\/\/drteraz.pl\/en\/wp-json\/wp\/v2\/product_cat?post=2269"},{"taxonomy":"product_tag","embeddable":true,"href":"https:\/\/drteraz.pl\/en\/wp-json\/wp\/v2\/product_tag?post=2269"}],"curies":[{"name":"wp","href":"https:\/\/api.w.org\/{rel}","templated":true}]}}