{"id":2270,"date":"2025-06-25T02:41:45","date_gmt":"2025-06-25T00:41:45","guid":{"rendered":"https:\/\/frosty-mclean.141-95-55-172.plesk.page\/produkt\/bez-kategorii\/ca-15-3-marker-nowotworu-piersi\/"},"modified":"2025-06-25T02:41:47","modified_gmt":"2025-06-25T00:41:47","slug":"ca-15-3-marker-nowotworu-piersi","status":"publish","type":"product","link":"https:\/\/drteraz.pl\/en\/badanie-laboratoryjne\/ca-15-3-marker-nowotworu-piersi\/","title":{"rendered":"CA 15-3 (marker nowotworu piersi)"},"content":{"rendered":"<h1>CA 15-3 (marker nowotworu piersi)<\/h1>\n<p>CA 15-3 to marker nowotworowy stosowany g\u0142\u00f3wnie do monitorowania leczenia oraz przebiegu raka piersi. Znacz\u0105ce st\u0119\u017cenia marker\u00f3w mog\u0105 wskazywa\u0107 na obecno\u015b\u0107 nowotworu lub jego nawr\u00f3t po zako\u0144czeniu leczenia. Badanie to polega na analizie pr\u00f3bki krwi, sk\u0105d izolowane s\u0105 specyficzne antygeny zwi\u0105zane z procesami nowotworowymi. Cho\u0107 badanie jest pomocne w monitorowaniu progresji choroby, nie jest wystarczaj\u0105co czu\u0142e na u\u017cytek jako narz\u0119dzie do wczesnego diagnozowania raka piersi. Warto pami\u0119ta\u0107, \u017ce poziomy markera CA 15-3 mog\u0105 wzrasta\u0107 tak\u017ce w innych stanach z\u0142o\u015bliwych czy chorobach, dlatego zawsze wyniki powinny by\u0107 interpretowane przez lekarza w kontek\u015bcie kompleksowej oceny klinicznej pacjenta.<\/p>","protected":false},"excerpt":{"rendered":"<p>CA 15-3 (marker nowotworu piersi) CA 15-3 to marker nowotworowy stosowany g\u0142\u00f3wnie do monitorowania leczenia oraz przebiegu raka piersi. Znacz\u0105ce st\u0119\u017cenia marker\u00f3w mog\u0105 wskazywa\u0107 na obecno\u015b\u0107 nowotworu lub jego nawr\u00f3t po zako\u0144czeniu leczenia. Badanie to polega na analizie pr\u00f3bki krwi, sk\u0105d izolowane s\u0105 specyficzne antygeny zwi\u0105zane z procesami nowotworowymi. Cho\u0107 badanie jest pomocne w monitorowaniu [&hellip;]<\/p>\n","protected":false},"featured_media":0,"template":"","meta":[],"product_brand":[],"product_cat":[25,26],"product_tag":[],"class_list":{"0":"post-2270","1":"product","2":"type-product","3":"status-publish","5":"product_cat-badanie-laboratoryjne","6":"product_cat-krew","8":"first","9":"instock","10":"virtual","11":"sold-individually","12":"purchasable","13":"product-type-simple"},"_links":{"self":[{"href":"https:\/\/drteraz.pl\/en\/wp-json\/wp\/v2\/product\/2270","targetHints":{"allow":["GET"]}}],"collection":[{"href":"https:\/\/drteraz.pl\/en\/wp-json\/wp\/v2\/product"}],"about":[{"href":"https:\/\/drteraz.pl\/en\/wp-json\/wp\/v2\/types\/product"}],"version-history":[{"count":0,"href":"https:\/\/drteraz.pl\/en\/wp-json\/wp\/v2\/product\/2270\/revisions"}],"wp:attachment":[{"href":"https:\/\/drteraz.pl\/en\/wp-json\/wp\/v2\/media?parent=2270"}],"wp:term":[{"taxonomy":"product_brand","embeddable":true,"href":"https:\/\/drteraz.pl\/en\/wp-json\/wp\/v2\/product_brand?post=2270"},{"taxonomy":"product_cat","embeddable":true,"href":"https:\/\/drteraz.pl\/en\/wp-json\/wp\/v2\/product_cat?post=2270"},{"taxonomy":"product_tag","embeddable":true,"href":"https:\/\/drteraz.pl\/en\/wp-json\/wp\/v2\/product_tag?post=2270"}],"curies":[{"name":"wp","href":"https:\/\/api.w.org\/{rel}","templated":true}]}}