{"id":2271,"date":"2025-06-25T02:41:45","date_gmt":"2025-06-25T00:41:45","guid":{"rendered":"https:\/\/frosty-mclean.141-95-55-172.plesk.page\/produkt\/bez-kategorii\/ca-19-9-marker-nowotworu-drog-zolciowych-trzustki\/"},"modified":"2025-06-25T02:41:47","modified_gmt":"2025-06-25T00:41:47","slug":"ca-19-9-marker-nowotworu-drog-zolciowych-trzustki","status":"publish","type":"product","link":"https:\/\/drteraz.pl\/en\/badanie-laboratoryjne\/ca-19-9-marker-nowotworu-drog-zolciowych-trzustki\/","title":{"rendered":"CA 19-9 (marker nowotworu dr\u00f3g \u017c\u00f3\u0142ciowych, trzustki)"},"content":{"rendered":"<h1>CA 19-9 &#8211; marker nowotworu trzustki i dr\u00f3g \u017c\u00f3\u0142ciowych<\/h1>\n<p>Badanie CA 19-9 jest u\u017cywane przede wszystkim do monitorowania pacjent\u00f3w z nowotworem trzustki oraz dr\u00f3g \u017c\u00f3\u0142ciowych. Wykonywane jest na podstawie pr\u00f3bki krwi. Ten marker ma kluczowe znaczenie w diagnozowaniu, monitorowaniu skuteczno\u015bci leczenia oraz wykrywaniu ewentualnych nawrot\u00f3w choroby nowotworowej. Jest to jedno z istotniejszych bada\u0144 w kategorii DIAGNOSTYKA CHOR\u00d3B NOWOTWOROWYCH, kt\u00f3re pomaga w odpowiednim zarz\u0105dzaniu leczeniem chor\u00f3b onkologicznych trzustki i dr\u00f3g \u017c\u00f3\u0142ciowych. Uwaga: Poziom CA 19-9 mo\u017ce by\u0107 r\u00f3wnie\u017c podwy\u017cszony w innych stanach ziarniakowych, dlatego wa\u017cne jest, aby wyniki badania interpretowa\u0107 w kontek\u015bcie innych wynik\u00f3w diagnostycznych i obserwacji klinicznej.<\/p>","protected":false},"excerpt":{"rendered":"<p>CA 19-9 &#8211; marker nowotworu trzustki i dr\u00f3g \u017c\u00f3\u0142ciowych Badanie CA 19-9 jest u\u017cywane przede wszystkim do monitorowania pacjent\u00f3w z nowotworem trzustki oraz dr\u00f3g \u017c\u00f3\u0142ciowych. Wykonywane jest na podstawie pr\u00f3bki krwi. Ten marker ma kluczowe znaczenie w diagnozowaniu, monitorowaniu skuteczno\u015bci leczenia oraz wykrywaniu ewentualnych nawrot\u00f3w choroby nowotworowej. Jest to jedno z istotniejszych bada\u0144 w kategorii [&hellip;]<\/p>\n","protected":false},"featured_media":0,"template":"","meta":[],"product_brand":[],"product_cat":[25,26],"product_tag":[],"class_list":{"0":"post-2271","1":"product","2":"type-product","3":"status-publish","5":"product_cat-badanie-laboratoryjne","6":"product_cat-krew","8":"first","9":"instock","10":"virtual","11":"sold-individually","12":"purchasable","13":"product-type-simple"},"_links":{"self":[{"href":"https:\/\/drteraz.pl\/en\/wp-json\/wp\/v2\/product\/2271","targetHints":{"allow":["GET"]}}],"collection":[{"href":"https:\/\/drteraz.pl\/en\/wp-json\/wp\/v2\/product"}],"about":[{"href":"https:\/\/drteraz.pl\/en\/wp-json\/wp\/v2\/types\/product"}],"version-history":[{"count":0,"href":"https:\/\/drteraz.pl\/en\/wp-json\/wp\/v2\/product\/2271\/revisions"}],"wp:attachment":[{"href":"https:\/\/drteraz.pl\/en\/wp-json\/wp\/v2\/media?parent=2271"}],"wp:term":[{"taxonomy":"product_brand","embeddable":true,"href":"https:\/\/drteraz.pl\/en\/wp-json\/wp\/v2\/product_brand?post=2271"},{"taxonomy":"product_cat","embeddable":true,"href":"https:\/\/drteraz.pl\/en\/wp-json\/wp\/v2\/product_cat?post=2271"},{"taxonomy":"product_tag","embeddable":true,"href":"https:\/\/drteraz.pl\/en\/wp-json\/wp\/v2\/product_tag?post=2271"}],"curies":[{"name":"wp","href":"https:\/\/api.w.org\/{rel}","templated":true}]}}