{"id":2272,"date":"2025-06-25T02:41:45","date_gmt":"2025-06-25T00:41:45","guid":{"rendered":"https:\/\/frosty-mclean.141-95-55-172.plesk.page\/produkt\/bez-kategorii\/ca-72-4-marker-nowotworu-zoladka\/"},"modified":"2025-06-25T02:41:47","modified_gmt":"2025-06-25T00:41:47","slug":"ca-72-4-marker-nowotworu-zoladka","status":"publish","type":"product","link":"https:\/\/drteraz.pl\/en\/badanie-laboratoryjne\/ca-72-4-marker-nowotworu-zoladka\/","title":{"rendered":"CA 72-4 (marker nowotworu \u017co\u0142\u0105dka)"},"content":{"rendered":"<h1>CA 72-4 (Marker nowotworu \u017co\u0142\u0105dka)<\/h1>\n<p>Badanie CA 72-4 to specyficzny test diagnostyczny, kt\u00f3ry pomaga w wykrywaniu i monitorowaniu nowotwor\u00f3w \u017co\u0142\u0105dka. Pozwala on na identyfikacj\u0119 i pomiar st\u0119\u017cenia glikoproteinowego antygenu CA 72-4 we krwi, kt\u00f3ry jest cz\u0119sto zwi\u0119kszony u pacjent\u00f3w cierpi\u0105cych na raka \u017co\u0142\u0105dka, a tak\u017ce w innych rodzajach nowotwor\u00f3w, jak rak trzustki czy rak jajnika. Pr\u00f3bka krwi potrzebna do przeprowadzenia badania jest standardowo pobierana z \u017cy\u0142y.<\/p>\n<h1>Zastosowanie testu CA 72-4<\/h1>\n<p>Test CA 72-4 wykorzystywany jest g\u0142\u00f3wnie w celach diagnostycznych i monitoruj\u0105cych, pomagaj\u0105c oceni\u0107 skuteczno\u015b\u0107 leczenia oraz wykrywa\u0107 ewentualne nawroty choroby. Nie jest to badanie przesiewowe u\u017cywane do og\u00f3lnej diagnozy raka \u017co\u0142\u0105dka w populacji, ale mo\u017ce by\u0107 zalecane przez lekarza w przypadku wyst\u0119powania objaw\u00f3w sugeruj\u0105cych nowotw\u00f3r lub w celu monitorowania odpowiedzi na terapi\u0119 w ju\u017c zdiagnozowanych przypadkach.<\/p>\n<h1>Warto\u015bci referencyjne<\/h1>\n<p>Normalne warto\u015bci CA 72-4 waha\u0107 si\u0119 mog\u0105 w zale\u017cno\u015bci od laboratorium, ale zazwyczaj poziom poni\u017cej 4 U\/ml jest uwa\u017cany za norm\u0119. Wa\u017cne jest, aby wyniki badania interpretowa\u0107 z uwzgl\u0119dnieniem og\u00f3lnego stanu zdrowia pacjenta oraz innych wynik\u00f3w bada\u0144. Wysokie st\u0119\u017cenia CA 72-4 mog\u0105 tak\u017ce wyst\u0119powa\u0107 w przypadkach innych chor\u00f3b, dlatego wynik powinien by\u0107 zawsze analizowany przez lekarza specjalist\u0119.<\/p>\n<h1>Podsumowanie<\/h1>\n<p>Badanie marker\u00f3w nowotworowych, takich jak CA 72-4, jest wa\u017cnym elementem wspieraj\u0105cym diagnozowanie i leczenie nowotwor\u00f3w \u017co\u0142\u0105dka. Chocia\u017c nie mo\u017ce by\u0107 u\u017cywane jako jedyne kryterium diagnostyczne, w po\u0142\u0105czeniu z innymi metodami badawczymi zapewnia cenne informacje kt\u00f3re mog\u0105 przyczyni\u0107 si\u0119 do lepszego zrozumienia choroby oraz efektywniejszego zarz\u0105dzania terapi\u0105 nowotworow\u0105.<\/p>","protected":false},"excerpt":{"rendered":"<p>CA 72-4 (Marker nowotworu \u017co\u0142\u0105dka) Badanie CA 72-4 to specyficzny test diagnostyczny, kt\u00f3ry pomaga w wykrywaniu i monitorowaniu nowotwor\u00f3w \u017co\u0142\u0105dka. Pozwala on na identyfikacj\u0119 i pomiar st\u0119\u017cenia glikoproteinowego antygenu CA 72-4 we krwi, kt\u00f3ry jest cz\u0119sto zwi\u0119kszony u pacjent\u00f3w cierpi\u0105cych na raka \u017co\u0142\u0105dka, a tak\u017ce w innych rodzajach nowotwor\u00f3w, jak rak trzustki czy rak jajnika. [&hellip;]<\/p>\n","protected":false},"featured_media":0,"template":"","meta":[],"product_brand":[],"product_cat":[25,26],"product_tag":[],"class_list":{"0":"post-2272","1":"product","2":"type-product","3":"status-publish","5":"product_cat-badanie-laboratoryjne","6":"product_cat-krew","8":"first","9":"instock","10":"virtual","11":"sold-individually","12":"purchasable","13":"product-type-simple"},"_links":{"self":[{"href":"https:\/\/drteraz.pl\/en\/wp-json\/wp\/v2\/product\/2272","targetHints":{"allow":["GET"]}}],"collection":[{"href":"https:\/\/drteraz.pl\/en\/wp-json\/wp\/v2\/product"}],"about":[{"href":"https:\/\/drteraz.pl\/en\/wp-json\/wp\/v2\/types\/product"}],"version-history":[{"count":0,"href":"https:\/\/drteraz.pl\/en\/wp-json\/wp\/v2\/product\/2272\/revisions"}],"wp:attachment":[{"href":"https:\/\/drteraz.pl\/en\/wp-json\/wp\/v2\/media?parent=2272"}],"wp:term":[{"taxonomy":"product_brand","embeddable":true,"href":"https:\/\/drteraz.pl\/en\/wp-json\/wp\/v2\/product_brand?post=2272"},{"taxonomy":"product_cat","embeddable":true,"href":"https:\/\/drteraz.pl\/en\/wp-json\/wp\/v2\/product_cat?post=2272"},{"taxonomy":"product_tag","embeddable":true,"href":"https:\/\/drteraz.pl\/en\/wp-json\/wp\/v2\/product_tag?post=2272"}],"curies":[{"name":"wp","href":"https:\/\/api.w.org\/{rel}","templated":true}]}}