{"id":2273,"date":"2025-06-25T02:41:45","date_gmt":"2025-06-25T00:41:45","guid":{"rendered":"https:\/\/frosty-mclean.141-95-55-172.plesk.page\/produkt\/bez-kategorii\/cea-antygen-karcinoembrionalny\/"},"modified":"2025-06-25T02:41:47","modified_gmt":"2025-06-25T00:41:47","slug":"cea-antygen-karcinoembrionalny","status":"publish","type":"product","link":"https:\/\/drteraz.pl\/en\/badanie-laboratoryjne\/cea-antygen-karcinoembrionalny\/","title":{"rendered":"CEA (antygen karcinoembrionalny)"},"content":{"rendered":"<h1>Badanie CEA (antygen karcinoembrionalny)<\/h1>\n<p>CEA (antygen karcinoembrionalny) jest bia\u0142kiem, kt\u00f3re mo\u017cna znale\u017a\u0107 w zwi\u0119kszonych ilo\u015bciach w organizmie pacjent\u00f3w cierpi\u0105cych na niekt\u00f3re rodzaje nowotwor\u00f3w, w tym rak jelita grubego, trzustki, p\u0142uca, piersi, a tak\u017ce w niekt\u00f3rych niez\u0142o\u015bliwych chorobach. Badanie CEA ma du\u017c\u0105 warto\u015b\u0107 w monitorowaniu pacjent\u00f3w po leczeniu chirurgicznym czy onkologicznym, pozwalaj\u0105c oceni\u0107 skuteczno\u015b\u0107 terapii oraz wczesne wykrywanie ewentualnych nawrot\u00f3w choroby.<\/p>\n<p>Test na CEA przeprowadza si\u0119 na podstawie pr\u00f3bki krwi pacjenta. Poziom antygenu karcinoembrionalnego w surowicy krwi jest szczeg\u00f3lnie przydatny w prowadzeniu diagnostyki r\u00f3\u017cnicowej oraz w obserwacji efekt\u00f3w leczenia onkologicznego. Warto jednak pami\u0119ta\u0107, \u017ce st\u0119\u017cenie CEA mo\u017ce by\u0107 zwi\u0119kszone r\u00f3wnie\u017c w przypadku chor\u00f3b nieonkologicznych, takich jak choroby w\u0105troby, zapalenia oraz u palaczy, co nale\u017cy bra\u0107 pod uwag\u0119 interpretuj\u0105c wyniki.<\/p>\n<p>Pomiar antygenu karcinoembrionalnego jest wa\u017cnym elementem diagnostyki chor\u00f3b nowotworowych i powinien by\u0107 realizowany w ramach kompleksowej oceny stanu zdrowia pacjenta, najlepiej pod kontrol\u0105 do\u015bwiadczonego onkologa.<\/p>","protected":false},"excerpt":{"rendered":"<p>Badanie CEA (antygen karcinoembrionalny) CEA (antygen karcinoembrionalny) jest bia\u0142kiem, kt\u00f3re mo\u017cna znale\u017a\u0107 w zwi\u0119kszonych ilo\u015bciach w organizmie pacjent\u00f3w cierpi\u0105cych na niekt\u00f3re rodzaje nowotwor\u00f3w, w tym rak jelita grubego, trzustki, p\u0142uca, piersi, a tak\u017ce w niekt\u00f3rych niez\u0142o\u015bliwych chorobach. Badanie CEA ma du\u017c\u0105 warto\u015b\u0107 w monitorowaniu pacjent\u00f3w po leczeniu chirurgicznym czy onkologicznym, pozwalaj\u0105c oceni\u0107 skuteczno\u015b\u0107 terapii oraz [&hellip;]<\/p>\n","protected":false},"featured_media":0,"template":"","meta":[],"product_brand":[],"product_cat":[25,26],"product_tag":[],"class_list":{"0":"post-2273","1":"product","2":"type-product","3":"status-publish","5":"product_cat-badanie-laboratoryjne","6":"product_cat-krew","8":"first","9":"instock","10":"virtual","11":"sold-individually","12":"purchasable","13":"product-type-simple"},"_links":{"self":[{"href":"https:\/\/drteraz.pl\/en\/wp-json\/wp\/v2\/product\/2273","targetHints":{"allow":["GET"]}}],"collection":[{"href":"https:\/\/drteraz.pl\/en\/wp-json\/wp\/v2\/product"}],"about":[{"href":"https:\/\/drteraz.pl\/en\/wp-json\/wp\/v2\/types\/product"}],"version-history":[{"count":0,"href":"https:\/\/drteraz.pl\/en\/wp-json\/wp\/v2\/product\/2273\/revisions"}],"wp:attachment":[{"href":"https:\/\/drteraz.pl\/en\/wp-json\/wp\/v2\/media?parent=2273"}],"wp:term":[{"taxonomy":"product_brand","embeddable":true,"href":"https:\/\/drteraz.pl\/en\/wp-json\/wp\/v2\/product_brand?post=2273"},{"taxonomy":"product_cat","embeddable":true,"href":"https:\/\/drteraz.pl\/en\/wp-json\/wp\/v2\/product_cat?post=2273"},{"taxonomy":"product_tag","embeddable":true,"href":"https:\/\/drteraz.pl\/en\/wp-json\/wp\/v2\/product_tag?post=2273"}],"curies":[{"name":"wp","href":"https:\/\/api.w.org\/{rel}","templated":true}]}}