{"id":2274,"date":"2025-06-25T02:41:45","date_gmt":"2025-06-25T00:41:45","guid":{"rendered":"https:\/\/frosty-mclean.141-95-55-172.plesk.page\/produkt\/bez-kategorii\/ceruloplazmina\/"},"modified":"2025-06-25T02:41:48","modified_gmt":"2025-06-25T00:41:48","slug":"ceruloplazmina","status":"publish","type":"product","link":"https:\/\/drteraz.pl\/en\/badanie-laboratoryjne\/ceruloplazmina\/","title":{"rendered":"Ceruloplazmina"},"content":{"rendered":"<h1>Badanie Ceruloplazmina<\/h1>\n<p>Ceruloplazmina to bia\u0142ko wchodz\u0105ce w sk\u0142ad osocza krwi, kt\u00f3re odgrywa kluczow\u0105 rol\u0119 w metabolizmie miedzi w organizmie cz\u0142owieka, a tak\u017ce jest wa\u017cnym czynnikiem w systemie obrony antyoksydacyjnej. Badanie poziomu ceruloplazminy przeprowadza si\u0119 w celu diagnostyki zaburze\u0144 zwi\u0105zanych z metabolizmem miedzi, takich jak choroba Wilsona czy niedokrwisto\u015b\u0107 hipochromiczna. Prawid\u0142owy poziom ceruloplazminy wskazuje na w\u0142a\u015bciw\u0105 homeostaz\u0119 miedzi w organizmie. Niskie st\u0119\u017cenie mo\u017ce \u015bwiadczy\u0107 o problemach z w\u0105trob\u0105, zaburzeniach genetycznych lub nadmiernej utracie tego bia\u0142ka z organizmu.<\/p>\n<h1>Przygotowanie do badania<\/h1>\n<p>Badanie ceruloplazminy wymaga zwykle standardowego przygotowania do pobrania pr\u00f3bki krwi. Zalecane jest pozostanie na czczo przez co najmniej 8 godzin przed pobraniem pr\u00f3bki. Ponadto, warto poinformowa\u0107 lekarza o przyjmowanych lekach, gdy\u017c niekt\u00f3re z nich mog\u0105 wp\u0142ywa\u0107 na poziom ceruloplazminy w osoczu.<\/p>\n<h1>Znaczenie kliniczne badania<\/h1>\n<p>Badanie poziomu ceruloplazminy ma istotne znaczenie w diagnozowaniu i monitorowaniu leczenia choroby Wilsona, gdzie obserwuje si\u0119 anormalnie niskie warto\u015bci tego bia\u0142ka. Ponadto, wysokie warto\u015bci mog\u0105 wyst\u0119powa\u0107 w stanach zapalnych, ci\u0105\u017cy czy jako odpowied\u017a na estrogeny. Regularne monitorowanie poziomu ceruloplazminy pozwala na ocen\u0119 skuteczno\u015bci leczenia i dostosowanie terapii.<\/p>","protected":false},"excerpt":{"rendered":"<p>Badanie Ceruloplazmina Ceruloplazmina to bia\u0142ko wchodz\u0105ce w sk\u0142ad osocza krwi, kt\u00f3re odgrywa kluczow\u0105 rol\u0119 w metabolizmie miedzi w organizmie cz\u0142owieka, a tak\u017ce jest wa\u017cnym czynnikiem w systemie obrony antyoksydacyjnej. Badanie poziomu ceruloplazminy przeprowadza si\u0119 w celu diagnostyki zaburze\u0144 zwi\u0105zanych z metabolizmem miedzi, takich jak choroba Wilsona czy niedokrwisto\u015b\u0107 hipochromiczna. Prawid\u0142owy poziom ceruloplazminy wskazuje na w\u0142a\u015bciw\u0105 [&hellip;]<\/p>\n","protected":false},"featured_media":0,"template":"","meta":[],"product_brand":[],"product_cat":[25,26],"product_tag":[],"class_list":{"0":"post-2274","1":"product","2":"type-product","3":"status-publish","5":"product_cat-badanie-laboratoryjne","6":"product_cat-krew","8":"first","9":"instock","10":"virtual","11":"sold-individually","12":"purchasable","13":"product-type-simple"},"_links":{"self":[{"href":"https:\/\/drteraz.pl\/en\/wp-json\/wp\/v2\/product\/2274","targetHints":{"allow":["GET"]}}],"collection":[{"href":"https:\/\/drteraz.pl\/en\/wp-json\/wp\/v2\/product"}],"about":[{"href":"https:\/\/drteraz.pl\/en\/wp-json\/wp\/v2\/types\/product"}],"version-history":[{"count":0,"href":"https:\/\/drteraz.pl\/en\/wp-json\/wp\/v2\/product\/2274\/revisions"}],"wp:attachment":[{"href":"https:\/\/drteraz.pl\/en\/wp-json\/wp\/v2\/media?parent=2274"}],"wp:term":[{"taxonomy":"product_brand","embeddable":true,"href":"https:\/\/drteraz.pl\/en\/wp-json\/wp\/v2\/product_brand?post=2274"},{"taxonomy":"product_cat","embeddable":true,"href":"https:\/\/drteraz.pl\/en\/wp-json\/wp\/v2\/product_cat?post=2274"},{"taxonomy":"product_tag","embeddable":true,"href":"https:\/\/drteraz.pl\/en\/wp-json\/wp\/v2\/product_tag?post=2274"}],"curies":[{"name":"wp","href":"https:\/\/api.w.org\/{rel}","templated":true}]}}