{"id":2278,"date":"2025-06-25T02:41:45","date_gmt":"2025-06-25T00:41:45","guid":{"rendered":"https:\/\/frosty-mclean.141-95-55-172.plesk.page\/produkt\/bez-kategorii\/chlamydia-pneumoniae-igm-ocena-ilosciowa\/"},"modified":"2025-06-25T02:41:49","modified_gmt":"2025-06-25T00:41:49","slug":"chlamydia-pneumoniae-igm-ocena-ilosciowa","status":"publish","type":"product","link":"https:\/\/drteraz.pl\/en\/badanie-laboratoryjne\/chlamydia-pneumoniae-igm-ocena-ilosciowa\/","title":{"rendered":"Chlamydia pneumoniae IgM &#8211; ocena ilo\u015bciowa"},"content":{"rendered":"<h1>Chlamydia pneumoniae IgM &#8211; ocena ilo\u015bciowa<\/h1>\n<p>Test Chlamydia pneumoniae IgM &#8211; ocena ilo\u015bciowa jest badaniem diagnostycznym, kt\u00f3re ma na celu wykrycie obecno\u015bci przeciwcia\u0142 IgM przeciwko Chlamydia pneumoniae w organizmie. Przeciwcia\u0142a te s\u0105 wytwarzane przez uk\u0142ad immunologiczny jako odpowied\u017a na infekcj\u0119 wywo\u0142an\u0105 przez bakterie Chlamydia pneumoniae, kt\u00f3re mog\u0105 powodowa\u0107 choroby uk\u0142adu oddechowego, takie jak zapalenie p\u0142uc lub zapalenie oskrzeli.<\/p>\n<p>Do przeprowadzenia badania konieczne jest pobranie pr\u00f3bki krwi od pacjenta. Obecno\u015b\u0107 przeciwcia\u0142 IgM zwykle wskazuje na niedawno przebyt\u0105 lub trwaj\u0105c\u0105 infekcj\u0119. Dzi\u0119ki odpowiedniej diagnostyce mo\u017cliwe jest wczesne rozpocz\u0119cie leczenia, co jest kluczowe dla skuteczno\u015bci terapii.<\/p>\n<p>Badanie to nale\u017cy do kategorii DIAGNOSTYKA INFEKCJI i jest polecane przez lekarzy w przypadku wyst\u0105pienia objaw\u00f3w zwi\u0105zanych z infekcj\u0105 dr\u00f3g oddechowych, szczeg\u00f3lnie gdy standardowe metody leczenia nie przynosz\u0105 oczekiwanych rezultat\u00f3w.<\/p>\n<p>Przed przyst\u0105pieniem do badania, konieczna jest konsultacja z lekarzem, kt\u00f3ry oceni objawy i zaleci wykonanie testu. Wynik badania pozwoli na ustalenie odpowiedniej metody leczenia i monitorowanie efektywno\u015bci terapii.<\/p>","protected":false},"excerpt":{"rendered":"<p>Chlamydia pneumoniae IgM &#8211; ocena ilo\u015bciowa Test Chlamydia pneumoniae IgM &#8211; ocena ilo\u015bciowa jest badaniem diagnostycznym, kt\u00f3re ma na celu wykrycie obecno\u015bci przeciwcia\u0142 IgM przeciwko Chlamydia pneumoniae w organizmie. Przeciwcia\u0142a te s\u0105 wytwarzane przez uk\u0142ad immunologiczny jako odpowied\u017a na infekcj\u0119 wywo\u0142an\u0105 przez bakterie Chlamydia pneumoniae, kt\u00f3re mog\u0105 powodowa\u0107 choroby uk\u0142adu oddechowego, takie jak zapalenie p\u0142uc [&hellip;]<\/p>\n","protected":false},"featured_media":0,"template":"","meta":[],"product_brand":[],"product_cat":[25,26],"product_tag":[],"class_list":{"0":"post-2278","1":"product","2":"type-product","3":"status-publish","5":"product_cat-badanie-laboratoryjne","6":"product_cat-krew","8":"first","9":"instock","10":"virtual","11":"sold-individually","12":"purchasable","13":"product-type-simple"},"_links":{"self":[{"href":"https:\/\/drteraz.pl\/en\/wp-json\/wp\/v2\/product\/2278","targetHints":{"allow":["GET"]}}],"collection":[{"href":"https:\/\/drteraz.pl\/en\/wp-json\/wp\/v2\/product"}],"about":[{"href":"https:\/\/drteraz.pl\/en\/wp-json\/wp\/v2\/types\/product"}],"version-history":[{"count":0,"href":"https:\/\/drteraz.pl\/en\/wp-json\/wp\/v2\/product\/2278\/revisions"}],"wp:attachment":[{"href":"https:\/\/drteraz.pl\/en\/wp-json\/wp\/v2\/media?parent=2278"}],"wp:term":[{"taxonomy":"product_brand","embeddable":true,"href":"https:\/\/drteraz.pl\/en\/wp-json\/wp\/v2\/product_brand?post=2278"},{"taxonomy":"product_cat","embeddable":true,"href":"https:\/\/drteraz.pl\/en\/wp-json\/wp\/v2\/product_cat?post=2278"},{"taxonomy":"product_tag","embeddable":true,"href":"https:\/\/drteraz.pl\/en\/wp-json\/wp\/v2\/product_tag?post=2278"}],"curies":[{"name":"wp","href":"https:\/\/api.w.org\/{rel}","templated":true}]}}