{"id":2279,"date":"2025-06-25T02:41:45","date_gmt":"2025-06-25T00:41:45","guid":{"rendered":"https:\/\/frosty-mclean.141-95-55-172.plesk.page\/produkt\/bez-kategorii\/chlorki-w-moczu\/"},"modified":"2025-06-25T02:41:49","modified_gmt":"2025-06-25T00:41:49","slug":"chlorki-w-moczu","status":"publish","type":"product","link":"https:\/\/drteraz.pl\/en\/badanie-laboratoryjne\/chlorki-w-moczu\/","title":{"rendered":"Chlorki w moczu"},"content":{"rendered":"<h1>Badanie: Chlorki<\/h1>\n<p>Chlorki to badanie diagnostyczne, kt\u00f3re pomaga oceni\u0107 stan r\u00f3wnowagi elektrolitowej organizmu i oceni\u0107 funkcjonowanie nerek. Badanie to mierzy st\u0119\u017cenie jon\u00f3w chlorkowych w pr\u00f3bce moczu, co jest wa\u017cnym wska\u017anikiem w diagnostyce r\u00f3\u017cnych stan\u00f3w chorobowych, w tym zaburze\u0144 w gospodarce wodno-elektrolitowej oraz chor\u00f3b nerek. Jest to cz\u0119\u015b\u0107 og\u00f3lnych bada\u0144 laboratoryjnych i mo\u017ce by\u0107 r\u00f3wnie\u017c pomocne w monitorowaniu post\u0119p\u00f3w w leczeniu niekt\u00f3rych chor\u00f3b oraz stan\u00f3w patologicznych.<\/p>","protected":false},"excerpt":{"rendered":"<p>Badanie: Chlorki Chlorki to badanie diagnostyczne, kt\u00f3re pomaga oceni\u0107 stan r\u00f3wnowagi elektrolitowej organizmu i oceni\u0107 funkcjonowanie nerek. Badanie to mierzy st\u0119\u017cenie jon\u00f3w chlorkowych w pr\u00f3bce moczu, co jest wa\u017cnym wska\u017anikiem w diagnostyce r\u00f3\u017cnych stan\u00f3w chorobowych, w tym zaburze\u0144 w gospodarce wodno-elektrolitowej oraz chor\u00f3b nerek. Jest to cz\u0119\u015b\u0107 og\u00f3lnych bada\u0144 laboratoryjnych i mo\u017ce by\u0107 r\u00f3wnie\u017c pomocne [&hellip;]<\/p>\n","protected":false},"featured_media":0,"template":"","meta":[],"product_brand":[],"product_cat":[25,27],"product_tag":[],"class_list":{"0":"post-2279","1":"product","2":"type-product","3":"status-publish","5":"product_cat-badanie-laboratoryjne","6":"product_cat-mocz","8":"first","9":"instock","10":"virtual","11":"sold-individually","12":"purchasable","13":"product-type-simple"},"_links":{"self":[{"href":"https:\/\/drteraz.pl\/en\/wp-json\/wp\/v2\/product\/2279","targetHints":{"allow":["GET"]}}],"collection":[{"href":"https:\/\/drteraz.pl\/en\/wp-json\/wp\/v2\/product"}],"about":[{"href":"https:\/\/drteraz.pl\/en\/wp-json\/wp\/v2\/types\/product"}],"version-history":[{"count":0,"href":"https:\/\/drteraz.pl\/en\/wp-json\/wp\/v2\/product\/2279\/revisions"}],"wp:attachment":[{"href":"https:\/\/drteraz.pl\/en\/wp-json\/wp\/v2\/media?parent=2279"}],"wp:term":[{"taxonomy":"product_brand","embeddable":true,"href":"https:\/\/drteraz.pl\/en\/wp-json\/wp\/v2\/product_brand?post=2279"},{"taxonomy":"product_cat","embeddable":true,"href":"https:\/\/drteraz.pl\/en\/wp-json\/wp\/v2\/product_cat?post=2279"},{"taxonomy":"product_tag","embeddable":true,"href":"https:\/\/drteraz.pl\/en\/wp-json\/wp\/v2\/product_tag?post=2279"}],"curies":[{"name":"wp","href":"https:\/\/api.w.org\/{rel}","templated":true}]}}