{"id":2281,"date":"2025-06-25T02:41:45","date_gmt":"2025-06-25T00:41:45","guid":{"rendered":"https:\/\/frosty-mclean.141-95-55-172.plesk.page\/produkt\/bez-kategorii\/cholesterol-calkowity\/"},"modified":"2025-06-25T02:41:49","modified_gmt":"2025-06-25T00:41:49","slug":"cholesterol-calkowity","status":"publish","type":"product","link":"https:\/\/drteraz.pl\/en\/badanie-laboratoryjne\/cholesterol-calkowity\/","title":{"rendered":"Cholesterol ca\u0142kowity"},"content":{"rendered":"<h1>Cholesterol ca\u0142kowity<\/h1>\n<p>Badanie poziomu cholesterolu ca\u0142kowitego to jedno z podstawowych bada\u0144 diagnostycznych, kt\u00f3re pozwala oceni\u0107 stan zdrowia sercowo-naczyniowego. Polega na pomiarze ca\u0142kowitej ilo\u015bci cholesterolu we krwi, kt\u00f3ra obejmuje zar\u00f3wno cz\u0119\u015b\u0107 &#8222;dobr\u0105&#8221; (HDL), jak i &#8222;z\u0142\u0105&#8221; (LDL) oraz triglicerydy. Warto\u015b\u0107 cholesterolu ca\u0142kowitego pozwala lekarzowi oceni\u0107 ryzyko rozwoju chor\u00f3b serca i uk\u0142adu kr\u0105\u017cenia, takich jak mia\u017cd\u017cyca czy zawa\u0142 serca.<\/p>\n<h1>Wskazania do wykonania badania<\/h1>\n<p>Badanie cholesterolu ca\u0142kowitego zalecane jest osobom w r\u00f3\u017cnych grupach wiekowych, szczeg\u00f3lnie po 20. roku \u017cycia, co najmniej raz na pi\u0119\u0107 lat. Szczeg\u00f3lnie wa\u017cne jest dla os\u00f3b, kt\u00f3re maj\u0105 w rodzinie histori\u0119 chor\u00f3b sercowo-naczyniowych, cierpi\u0105 na nadci\u015bnienie, s\u0105 oty\u0142e, pal\u0105 papierosy, czy maj\u0105 problemy z cukrzyc\u0105.<\/p>\n<h1>Przygotowanie do badania<\/h1>\n<p>Do badania cholesterolu ca\u0142kowitego wymagane jest zwykle zachowanie 12-godzinnej przerwy w spo\u017cywaniu pokarm\u00f3w. Wskazane jest r\u00f3wnie\u017c unikanie alkoholu oraz ci\u0119\u017ckiego wysi\u0142ku fizycznego przed badaniem.<\/p>\n<h1>Jak wygl\u0105da badanie?<\/h1>\n<p>Badanie wykonuje si\u0119 na podstawie pr\u00f3bki krwi pobieranej z \u017cy\u0142y. Jest to standardowy i bezpieczny zabieg, kt\u00f3ry trwa tylko kilka minut. Krew wysy\u0142ana jest do laboratorium, gdzie analizowane s\u0105 poziomy cholesterolu HDL, LDL i trigliceryd\u00f3w.<\/p>\n<h1>Interpretacja wynik\u00f3w<\/h1>\n<p>Przekroczenie normy cholesterolu ca\u0142kowitego (zazwyczaj powy\u017cej 200 mg\/dL) mo\u017ce by\u0107 sygna\u0142em potrzeby wprowadzenia zmian w stylu \u017cycia lub rozpocz\u0119cia leczenia farmakologicznego. Niski poziom cholesterolu HDL lub wysoki poziom LDL r\u00f3wnie\u017c mog\u0105 wymaga\u0107 interwencji medycznej. Wa\u017cne jest, aby wyniki konsultowa\u0107 z lekarzem, kt\u00f3ry na podstawie pe\u0142nego obrazu klinicznego oceni ryzyko i zaleci odpowiednie dzia\u0142ania.<\/p>","protected":false},"excerpt":{"rendered":"<p>Cholesterol ca\u0142kowity Badanie poziomu cholesterolu ca\u0142kowitego to jedno z podstawowych bada\u0144 diagnostycznych, kt\u00f3re pozwala oceni\u0107 stan zdrowia sercowo-naczyniowego. Polega na pomiarze ca\u0142kowitej ilo\u015bci cholesterolu we krwi, kt\u00f3ra obejmuje zar\u00f3wno cz\u0119\u015b\u0107 &#8222;dobr\u0105&#8221; (HDL), jak i &#8222;z\u0142\u0105&#8221; (LDL) oraz triglicerydy. Warto\u015b\u0107 cholesterolu ca\u0142kowitego pozwala lekarzowi oceni\u0107 ryzyko rozwoju chor\u00f3b serca i uk\u0142adu kr\u0105\u017cenia, takich jak mia\u017cd\u017cyca czy [&hellip;]<\/p>\n","protected":false},"featured_media":0,"template":"","meta":[],"product_brand":[],"product_cat":[25,26],"product_tag":[],"class_list":{"0":"post-2281","1":"product","2":"type-product","3":"status-publish","5":"product_cat-badanie-laboratoryjne","6":"product_cat-krew","8":"first","9":"instock","10":"virtual","11":"sold-individually","12":"purchasable","13":"product-type-simple"},"_links":{"self":[{"href":"https:\/\/drteraz.pl\/en\/wp-json\/wp\/v2\/product\/2281","targetHints":{"allow":["GET"]}}],"collection":[{"href":"https:\/\/drteraz.pl\/en\/wp-json\/wp\/v2\/product"}],"about":[{"href":"https:\/\/drteraz.pl\/en\/wp-json\/wp\/v2\/types\/product"}],"version-history":[{"count":0,"href":"https:\/\/drteraz.pl\/en\/wp-json\/wp\/v2\/product\/2281\/revisions"}],"wp:attachment":[{"href":"https:\/\/drteraz.pl\/en\/wp-json\/wp\/v2\/media?parent=2281"}],"wp:term":[{"taxonomy":"product_brand","embeddable":true,"href":"https:\/\/drteraz.pl\/en\/wp-json\/wp\/v2\/product_brand?post=2281"},{"taxonomy":"product_cat","embeddable":true,"href":"https:\/\/drteraz.pl\/en\/wp-json\/wp\/v2\/product_cat?post=2281"},{"taxonomy":"product_tag","embeddable":true,"href":"https:\/\/drteraz.pl\/en\/wp-json\/wp\/v2\/product_tag?post=2281"}],"curies":[{"name":"wp","href":"https:\/\/api.w.org\/{rel}","templated":true}]}}