{"id":2282,"date":"2025-06-25T02:41:45","date_gmt":"2025-06-25T00:41:45","guid":{"rendered":"https:\/\/frosty-mclean.141-95-55-172.plesk.page\/produkt\/bez-kategorii\/cholesterol-hdl\/"},"modified":"2025-06-25T02:41:50","modified_gmt":"2025-06-25T00:41:50","slug":"cholesterol-hdl","status":"publish","type":"product","link":"https:\/\/drteraz.pl\/en\/badanie-laboratoryjne\/cholesterol-hdl\/","title":{"rendered":"Cholesterol HDL"},"content":{"rendered":"<h1>Badanie: Cholesterol HDL<\/h1>\n<p>Cholesterol HDL, znany r\u00f3wnie\u017c jako &#8222;dobry cholesterol&#8221;, jest kluczowym parametrem ocenianym podczas badania krwi w kategorii biochemii. HDL oznacza lipoproteiny o wysokiej g\u0119sto\u015bci, kt\u00f3re pomagaj\u0105 usuwa\u0107 nadmiar cholesterolu z krwiobiegu, przekazuj\u0105c go do w\u0105troby, gdzie jest przetwarzany i usuwany z organizmu. Wysoki poziom HDL jest po\u017c\u0105dany, poniewa\u017c zmniejsza ryzyko rozwoju chor\u00f3b sercowo-naczyniowych, w tym mia\u017cd\u017cycy i zawa\u0142u serca.<\/p>\n<p>Badanie poziomu cholesterolu HDL przeprowadza si\u0119 na czczo, poprzez pobranie pr\u00f3bki krwi. Wyniki badania pozwalaj\u0105 na ocen\u0119 ryzyka sercowo-naczyniowego oraz s\u0105 wykorzystywane do monitorowania efekt\u00f3w zmian stylu \u017cycia lub leczenia farmakologicznego maj\u0105cych na celu popraw\u0119 profilu lipidowego pacjenta.<\/p>","protected":false},"excerpt":{"rendered":"<p>Badanie: Cholesterol HDL Cholesterol HDL, znany r\u00f3wnie\u017c jako &#8222;dobry cholesterol&#8221;, jest kluczowym parametrem ocenianym podczas badania krwi w kategorii biochemii. HDL oznacza lipoproteiny o wysokiej g\u0119sto\u015bci, kt\u00f3re pomagaj\u0105 usuwa\u0107 nadmiar cholesterolu z krwiobiegu, przekazuj\u0105c go do w\u0105troby, gdzie jest przetwarzany i usuwany z organizmu. Wysoki poziom HDL jest po\u017c\u0105dany, poniewa\u017c zmniejsza ryzyko rozwoju chor\u00f3b sercowo-naczyniowych, [&hellip;]<\/p>\n","protected":false},"featured_media":0,"template":"","meta":[],"product_brand":[],"product_cat":[25,26],"product_tag":[],"class_list":{"0":"post-2282","1":"product","2":"type-product","3":"status-publish","5":"product_cat-badanie-laboratoryjne","6":"product_cat-krew","8":"first","9":"instock","10":"virtual","11":"sold-individually","12":"purchasable","13":"product-type-simple"},"_links":{"self":[{"href":"https:\/\/drteraz.pl\/en\/wp-json\/wp\/v2\/product\/2282","targetHints":{"allow":["GET"]}}],"collection":[{"href":"https:\/\/drteraz.pl\/en\/wp-json\/wp\/v2\/product"}],"about":[{"href":"https:\/\/drteraz.pl\/en\/wp-json\/wp\/v2\/types\/product"}],"version-history":[{"count":0,"href":"https:\/\/drteraz.pl\/en\/wp-json\/wp\/v2\/product\/2282\/revisions"}],"wp:attachment":[{"href":"https:\/\/drteraz.pl\/en\/wp-json\/wp\/v2\/media?parent=2282"}],"wp:term":[{"taxonomy":"product_brand","embeddable":true,"href":"https:\/\/drteraz.pl\/en\/wp-json\/wp\/v2\/product_brand?post=2282"},{"taxonomy":"product_cat","embeddable":true,"href":"https:\/\/drteraz.pl\/en\/wp-json\/wp\/v2\/product_cat?post=2282"},{"taxonomy":"product_tag","embeddable":true,"href":"https:\/\/drteraz.pl\/en\/wp-json\/wp\/v2\/product_tag?post=2282"}],"curies":[{"name":"wp","href":"https:\/\/api.w.org\/{rel}","templated":true}]}}