{"id":2284,"date":"2025-06-25T02:41:45","date_gmt":"2025-06-25T00:41:45","guid":{"rendered":"https:\/\/frosty-mclean.141-95-55-172.plesk.page\/produkt\/bez-kategorii\/cholesterol-ldl-wyliczany\/"},"modified":"2025-06-25T02:41:50","modified_gmt":"2025-06-25T00:41:50","slug":"cholesterol-ldl-wyliczany","status":"publish","type":"product","link":"https:\/\/drteraz.pl\/en\/badanie-laboratoryjne\/cholesterol-ldl-wyliczany\/","title":{"rendered":"Cholesterol LDL (wyliczany)"},"content":{"rendered":"<h1>Badanie Cholesterolu LDL &#8211; wyliczany z wzoru<\/h1>\n<p>Cholesterol LDL jest nazywany &#8222;z\u0142ym cholesterolem&#8221;, poniewa\u017c jego wysokie st\u0119\u017cenie we krwi mo\u017ce przyczynia\u0107 si\u0119 do tworzenia si\u0119 blaszek mia\u017cd\u017cycowych i zwi\u0119ksza\u0107 ryzyko chor\u00f3b sercowo-naczyniowych. Badanie cholesterolu LDL jest realizowane na podstawie analizy pr\u00f3bki krwi pacjenta i jest kluczowym elementem diagnostyki biochemicznej. Warto\u015b\u0107 cholesterolu LDL wylicza si\u0119 z wzoru, bazuj\u0105c na pomiarze cholesterolu ca\u0142kowitego, HDL (dobrego cholesterolu) oraz tr\u00f3jgliceryd\u00f3w. Wynik badania pozwala oceni\u0107 stan zdrowia t\u0119tnic oraz ryzyko wyst\u0105pienia choroby serca.<\/p>\n<h1>Zastosowanie testu<\/h1>\n<p>Badanie cholesterolu LDL jest zalecane osobom w ka\u017cdym wieku, szczeg\u00f3lnie tym, kt\u00f3re znajduj\u0105 si\u0119 w grupie ryzyka chor\u00f3b sercowo-naczyniowych: palacze, osoby z nadwag\u0105, osoby prowadz\u0105ce siedz\u0105cy tryb \u017cycia, osoby z rodzinnym obci\u0105\u017ceniem chorobami serca. Regularne monitorowanie poziom\u00f3w LDL pomaga w odpowiednim zarz\u0105dzaniu diet\u0105, stylu \u017cycia oraz, w razie potrzeby, farmakoterapi\u0105.<\/p>\n<h1>Przygotowanie do badania<\/h1>\n<p>Nale\u017cy zachowa\u0107 12-godzinny post przed pobraniem pr\u00f3bki krwi. Zaleca si\u0119 r\u00f3wnie\u017c unikanie ci\u0119\u017ckiego wysi\u0142ku fizycznego oraz palenia tytoniu na kilka godzin przed badaniem. Wszelkie leki przyjmowane na sta\u0142e nale\u017cy zg\u0142osi\u0107 lekarzowi zlecaj\u0105cemu badanie, gdy\u017c niekt\u00f3re z nich mog\u0105 wp\u0142ywa\u0107 na poziom cholesterolu LDL.<\/p>\n<h1>Spos\u00f3b interpretacji wynik\u00f3w<\/h1>\n<p>Wyniki badania cholesterolu LDL s\u0105 interpretowane na podstawie ustalonych norm medycznych i powinny by\u0107 oceniane w kontek\u015bcie innych wynik\u00f3w bada\u0144 oraz indywidualnego stanu zdrowia pacjenta. Generalnie, ni\u017csze warto\u015bci LDL s\u0105 po\u017c\u0105dane, gdy\u017c zwi\u0119kszaj\u0105 zakres ochrony przed chorobami serca i naczy\u0144 krwiono\u015bnych. Lekarz prowadz\u0105cy jest odpowiedzialny za interpretacj\u0119 wynik\u00f3w i zalecenie ewentualnych krok\u00f3w terapeutycznych.<\/p>","protected":false},"excerpt":{"rendered":"<p>Badanie Cholesterolu LDL &#8211; wyliczany z wzoru Cholesterol LDL jest nazywany &#8222;z\u0142ym cholesterolem&#8221;, poniewa\u017c jego wysokie st\u0119\u017cenie we krwi mo\u017ce przyczynia\u0107 si\u0119 do tworzenia si\u0119 blaszek mia\u017cd\u017cycowych i zwi\u0119ksza\u0107 ryzyko chor\u00f3b sercowo-naczyniowych. Badanie cholesterolu LDL jest realizowane na podstawie analizy pr\u00f3bki krwi pacjenta i jest kluczowym elementem diagnostyki biochemicznej. Warto\u015b\u0107 cholesterolu LDL wylicza si\u0119 z [&hellip;]<\/p>\n","protected":false},"featured_media":0,"template":"","meta":[],"product_brand":[],"product_cat":[25,26],"product_tag":[],"class_list":{"0":"post-2284","1":"product","2":"type-product","3":"status-publish","5":"product_cat-badanie-laboratoryjne","6":"product_cat-krew","8":"first","9":"instock","10":"virtual","11":"sold-individually","12":"purchasable","13":"product-type-simple"},"_links":{"self":[{"href":"https:\/\/drteraz.pl\/en\/wp-json\/wp\/v2\/product\/2284","targetHints":{"allow":["GET"]}}],"collection":[{"href":"https:\/\/drteraz.pl\/en\/wp-json\/wp\/v2\/product"}],"about":[{"href":"https:\/\/drteraz.pl\/en\/wp-json\/wp\/v2\/types\/product"}],"version-history":[{"count":0,"href":"https:\/\/drteraz.pl\/en\/wp-json\/wp\/v2\/product\/2284\/revisions"}],"wp:attachment":[{"href":"https:\/\/drteraz.pl\/en\/wp-json\/wp\/v2\/media?parent=2284"}],"wp:term":[{"taxonomy":"product_brand","embeddable":true,"href":"https:\/\/drteraz.pl\/en\/wp-json\/wp\/v2\/product_brand?post=2284"},{"taxonomy":"product_cat","embeddable":true,"href":"https:\/\/drteraz.pl\/en\/wp-json\/wp\/v2\/product_cat?post=2284"},{"taxonomy":"product_tag","embeddable":true,"href":"https:\/\/drteraz.pl\/en\/wp-json\/wp\/v2\/product_tag?post=2284"}],"curies":[{"name":"wp","href":"https:\/\/api.w.org\/{rel}","templated":true}]}}