{"id":2292,"date":"2025-06-25T02:41:53","date_gmt":"2025-06-25T00:41:53","guid":{"rendered":"https:\/\/frosty-mclean.141-95-55-172.plesk.page\/produkt\/bez-kategorii\/cyfra-21-1-nowotwory-pluc-niedrobnokomorkowe\/"},"modified":"2025-06-25T02:41:55","modified_gmt":"2025-06-25T00:41:55","slug":"cyfra-21-1-nowotwory-pluc-niedrobnokomorkowe","status":"publish","type":"product","link":"https:\/\/drteraz.pl\/en\/badanie-laboratoryjne\/cyfra-21-1-nowotwory-pluc-niedrobnokomorkowe\/","title":{"rendered":"CYFRA 21-1 (nowotwory p\u0142uc niedrobnokom\u00f3rkowe)"},"content":{"rendered":"<h1>CYFRA 21-1 (nowotwory p\u0142uc niedrobnokom\u00f3rkowe)<\/h1>\n<p>Test CYFRA 21-1 to badanie z krwi wykorzystywane do monitorowania oraz wykrywania nowotwor\u00f3w p\u0142uc niedrobnokom\u00f3rkowych (NADC). Marker ten jest fragmentem cytokeratyny 19, a jego obecno\u015b\u0107 we krwi mo\u017ce by\u0107 wska\u017anikiem aktywno\u015bci nowotworowej. Badanie CYFRA 21-1 jest przydatne przede wszystkim w diagnozowaniu, monitorowaniu odpowiedzi na leczenie oraz prognozowaniu przebiegu choroby u pacjent\u00f3w z NADC. Jest to jedno z kluczowych narz\u0119dzi w diagnostyce chor\u00f3b nowotworowych, kt\u00f3re wspomaga lekarzy w podejmowaniu decyzji o najbardziej optymalnym planie leczenia dla pacjenta.<\/p>","protected":false},"excerpt":{"rendered":"<p>CYFRA 21-1 (nowotwory p\u0142uc niedrobnokom\u00f3rkowe) Test CYFRA 21-1 to badanie z krwi wykorzystywane do monitorowania oraz wykrywania nowotwor\u00f3w p\u0142uc niedrobnokom\u00f3rkowych (NADC). Marker ten jest fragmentem cytokeratyny 19, a jego obecno\u015b\u0107 we krwi mo\u017ce by\u0107 wska\u017anikiem aktywno\u015bci nowotworowej. Badanie CYFRA 21-1 jest przydatne przede wszystkim w diagnozowaniu, monitorowaniu odpowiedzi na leczenie oraz prognozowaniu przebiegu choroby u [&hellip;]<\/p>\n","protected":false},"featured_media":0,"template":"","meta":[],"product_brand":[],"product_cat":[25,26],"product_tag":[],"class_list":{"0":"post-2292","1":"product","2":"type-product","3":"status-publish","5":"product_cat-badanie-laboratoryjne","6":"product_cat-krew","8":"first","9":"instock","10":"virtual","11":"sold-individually","12":"purchasable","13":"product-type-simple"},"_links":{"self":[{"href":"https:\/\/drteraz.pl\/en\/wp-json\/wp\/v2\/product\/2292","targetHints":{"allow":["GET"]}}],"collection":[{"href":"https:\/\/drteraz.pl\/en\/wp-json\/wp\/v2\/product"}],"about":[{"href":"https:\/\/drteraz.pl\/en\/wp-json\/wp\/v2\/types\/product"}],"version-history":[{"count":0,"href":"https:\/\/drteraz.pl\/en\/wp-json\/wp\/v2\/product\/2292\/revisions"}],"wp:attachment":[{"href":"https:\/\/drteraz.pl\/en\/wp-json\/wp\/v2\/media?parent=2292"}],"wp:term":[{"taxonomy":"product_brand","embeddable":true,"href":"https:\/\/drteraz.pl\/en\/wp-json\/wp\/v2\/product_brand?post=2292"},{"taxonomy":"product_cat","embeddable":true,"href":"https:\/\/drteraz.pl\/en\/wp-json\/wp\/v2\/product_cat?post=2292"},{"taxonomy":"product_tag","embeddable":true,"href":"https:\/\/drteraz.pl\/en\/wp-json\/wp\/v2\/product_tag?post=2292"}],"curies":[{"name":"wp","href":"https:\/\/api.w.org\/{rel}","templated":true}]}}