{"id":2293,"date":"2025-06-25T02:41:53","date_gmt":"2025-06-25T00:41:53","guid":{"rendered":"https:\/\/frosty-mclean.141-95-55-172.plesk.page\/produkt\/bez-kategorii\/czas-kaolinowo-kefalinowy-aptt\/"},"modified":"2025-06-25T02:41:55","modified_gmt":"2025-06-25T00:41:55","slug":"czas-kaolinowo-kefalinowy-aptt","status":"publish","type":"product","link":"https:\/\/drteraz.pl\/en\/badanie-laboratoryjne\/czas-kaolinowo-kefalinowy-aptt\/","title":{"rendered":"Czas kaolinowo-kefalinowy (APTT)"},"content":{"rendered":"<h1>Czas kaolinowo-kefalinowy (APTT)<\/h1>\n<p>Czas kaolinowo-kefalinowy (APTT) jest badaniem krwi, kt\u00f3re wpisuje si\u0119 w kategori\u0119 hematologii i koagulologii. Jego g\u0142\u00f3wnym celem jest ocena wewn\u0119trznego uk\u0142adu krzepni\u0119cia krwi, co jest kluczowe w diagnostyce zaburze\u0144 krwotocznych, monitorowaniu terapii przeciwkrzepliwych oraz w ocenie ryzyka zakrzepowego. Badanie to polega na zmierzeniu czasu, jaki potrzebny jest do wytworzenia skrzepu krwi po dodaniu do osocza substancji aktywuj\u0105cych uk\u0142ad krzepni\u0119cia (kaolinu i kefaliny) oraz wapnia. APTT jest szczeg\u00f3lnie wa\u017cne w monitorowaniu leczenia heparyn\u0105, poniewa\u017c pozwala oceni\u0107 jej efektywno\u015b\u0107 i bezpiecze\u0144stwo stosowania. Wyniki tego badania pozwalaj\u0105 lekarzowi na dostosowanie dawek lek\u00f3w przeciwzakrzepowych, co jest istotne w zapobieganiu zar\u00f3wno krwawieniom, jak i zakrzepom krwi.<\/p>","protected":false},"excerpt":{"rendered":"<p>Czas kaolinowo-kefalinowy (APTT) Czas kaolinowo-kefalinowy (APTT) jest badaniem krwi, kt\u00f3re wpisuje si\u0119 w kategori\u0119 hematologii i koagulologii. Jego g\u0142\u00f3wnym celem jest ocena wewn\u0119trznego uk\u0142adu krzepni\u0119cia krwi, co jest kluczowe w diagnostyce zaburze\u0144 krwotocznych, monitorowaniu terapii przeciwkrzepliwych oraz w ocenie ryzyka zakrzepowego. Badanie to polega na zmierzeniu czasu, jaki potrzebny jest do wytworzenia skrzepu krwi po [&hellip;]<\/p>\n","protected":false},"featured_media":0,"template":"","meta":[],"product_brand":[],"product_cat":[25,26],"product_tag":[],"class_list":{"0":"post-2293","1":"product","2":"type-product","3":"status-publish","5":"product_cat-badanie-laboratoryjne","6":"product_cat-krew","8":"first","9":"instock","10":"virtual","11":"sold-individually","12":"purchasable","13":"product-type-simple"},"_links":{"self":[{"href":"https:\/\/drteraz.pl\/en\/wp-json\/wp\/v2\/product\/2293","targetHints":{"allow":["GET"]}}],"collection":[{"href":"https:\/\/drteraz.pl\/en\/wp-json\/wp\/v2\/product"}],"about":[{"href":"https:\/\/drteraz.pl\/en\/wp-json\/wp\/v2\/types\/product"}],"version-history":[{"count":0,"href":"https:\/\/drteraz.pl\/en\/wp-json\/wp\/v2\/product\/2293\/revisions"}],"wp:attachment":[{"href":"https:\/\/drteraz.pl\/en\/wp-json\/wp\/v2\/media?parent=2293"}],"wp:term":[{"taxonomy":"product_brand","embeddable":true,"href":"https:\/\/drteraz.pl\/en\/wp-json\/wp\/v2\/product_brand?post=2293"},{"taxonomy":"product_cat","embeddable":true,"href":"https:\/\/drteraz.pl\/en\/wp-json\/wp\/v2\/product_cat?post=2293"},{"taxonomy":"product_tag","embeddable":true,"href":"https:\/\/drteraz.pl\/en\/wp-json\/wp\/v2\/product_tag?post=2293"}],"curies":[{"name":"wp","href":"https:\/\/api.w.org\/{rel}","templated":true}]}}