{"id":2294,"date":"2025-06-25T02:41:53","date_gmt":"2025-06-25T00:41:53","guid":{"rendered":"https:\/\/frosty-mclean.141-95-55-172.plesk.page\/produkt\/bez-kategorii\/czas-trombinowy-tt\/"},"modified":"2025-06-25T02:41:56","modified_gmt":"2025-06-25T00:41:56","slug":"czas-trombinowy-tt","status":"publish","type":"product","link":"https:\/\/drteraz.pl\/en\/badanie-laboratoryjne\/czas-trombinowy-tt\/","title":{"rendered":"Czas trombinowy (TT)"},"content":{"rendered":"<h1>Czas Trombinowy (TT)<\/h1>\n<p>Czas trombinowy (TT) to badanie krwi, kt\u00f3re jest cz\u0119\u015bci\u0105 szerokiej kategorii bada\u0144 hematologicznych i koagulologicznych, s\u0142u\u017c\u0105cych do oceny funkcji krzepni\u0119cia krwi. Badanie to mierzy czas potrzebny na przekszta\u0142cenie fibrynogenu w fibryn\u0119 pod wp\u0142ywem trombiny, co jest kluczowym etapem w procesie krzepni\u0119cia.<\/p>\n<h1>Zastosowanie badania TT<\/h1>\n<p>Badanie TT jest wykorzystywane przede wszystkim do oceny dzia\u0142ania heparyny, zw\u0142aszcza niskocz\u0105steczkowej, oraz monitorowania terapii przeciwkrzepliwej. Ponadto pozwala na wykrycie obni\u017conych poziom\u00f3w fibrynogenu lub jego nieprawid\u0142owej funkcji, co mo\u017ce wyst\u0105pi\u0107 w r\u00f3\u017cnych stanach klinicznych, takich jak DIC (rozproszone wykrzepianie wewn\u0105trznaczyniowe), w\u0105trobowe choroby niewydolno\u015bciowe czy w przypadku obecno\u015bci nietypowego fibrynogenu (dysfibrynogenemia).<\/p>\n<h1>Przebieg badania<\/h1>\n<p>Badanie TT wykonuje si\u0119 na pr\u00f3bce krwi \u017cylnej. Krew jest pobierana do specjalnego rodzaju prob\u00f3wki zawieraj\u0105cej substancje zapobiegaj\u0105ce krzepni\u0119ciu, a nast\u0119pnie analizowana. Wynik badania, podawany w sekundach, pokazuje, jak d\u0142ugo trwa proces przekszta\u0142cenia fibrynogenu w fibryn\u0119 przy u\u017cyciu trombiny. Wyniki badania s\u0105 interpretowane na tle norm laboratoryjnych, kt\u00f3re mog\u0105 r\u00f3\u017cni\u0107 si\u0119 w zale\u017cno\u015bci od metody i reagent\u00f3w u\u017cytych w laboratorium.<\/p>","protected":false},"excerpt":{"rendered":"<p>Czas Trombinowy (TT) Czas trombinowy (TT) to badanie krwi, kt\u00f3re jest cz\u0119\u015bci\u0105 szerokiej kategorii bada\u0144 hematologicznych i koagulologicznych, s\u0142u\u017c\u0105cych do oceny funkcji krzepni\u0119cia krwi. Badanie to mierzy czas potrzebny na przekszta\u0142cenie fibrynogenu w fibryn\u0119 pod wp\u0142ywem trombiny, co jest kluczowym etapem w procesie krzepni\u0119cia. Zastosowanie badania TT Badanie TT jest wykorzystywane przede wszystkim do oceny [&hellip;]<\/p>\n","protected":false},"featured_media":0,"template":"","meta":[],"product_brand":[],"product_cat":[25,26],"product_tag":[],"class_list":{"0":"post-2294","1":"product","2":"type-product","3":"status-publish","5":"product_cat-badanie-laboratoryjne","6":"product_cat-krew","8":"first","9":"instock","10":"virtual","11":"sold-individually","12":"purchasable","13":"product-type-simple"},"_links":{"self":[{"href":"https:\/\/drteraz.pl\/en\/wp-json\/wp\/v2\/product\/2294","targetHints":{"allow":["GET"]}}],"collection":[{"href":"https:\/\/drteraz.pl\/en\/wp-json\/wp\/v2\/product"}],"about":[{"href":"https:\/\/drteraz.pl\/en\/wp-json\/wp\/v2\/types\/product"}],"version-history":[{"count":0,"href":"https:\/\/drteraz.pl\/en\/wp-json\/wp\/v2\/product\/2294\/revisions"}],"wp:attachment":[{"href":"https:\/\/drteraz.pl\/en\/wp-json\/wp\/v2\/media?parent=2294"}],"wp:term":[{"taxonomy":"product_brand","embeddable":true,"href":"https:\/\/drteraz.pl\/en\/wp-json\/wp\/v2\/product_brand?post=2294"},{"taxonomy":"product_cat","embeddable":true,"href":"https:\/\/drteraz.pl\/en\/wp-json\/wp\/v2\/product_cat?post=2294"},{"taxonomy":"product_tag","embeddable":true,"href":"https:\/\/drteraz.pl\/en\/wp-json\/wp\/v2\/product_tag?post=2294"}],"curies":[{"name":"wp","href":"https:\/\/api.w.org\/{rel}","templated":true}]}}