{"id":2295,"date":"2025-06-25T02:41:53","date_gmt":"2025-06-25T00:41:53","guid":{"rendered":"https:\/\/frosty-mclean.141-95-55-172.plesk.page\/produkt\/bez-kategorii\/czynnik-reumatoidalny-rf-ocena-ilosciowa\/"},"modified":"2025-06-25T02:41:56","modified_gmt":"2025-06-25T00:41:56","slug":"czynnik-reumatoidalny-rf-ocena-ilosciowa","status":"publish","type":"product","link":"https:\/\/drteraz.pl\/en\/badanie-laboratoryjne\/czynnik-reumatoidalny-rf-ocena-ilosciowa\/","title":{"rendered":"Czynnik reumatoidalny (RF) &#8211; ocena ilo\u015bciowa"},"content":{"rendered":"<h1>Czynnik reumatoidalny (RF) &#8211; ocena ilo\u015bciowa<\/h1>\n<p>Badanie czynnika reumatoidalnego (RF) jest testem diagnostycznym wykonywanym z pr\u00f3bki krwi, kt\u00f3re ma na celu identyfikacj\u0119 igG przeciwko fragmentowi Fc innych igG. RF jest markerem pomocnym w diagnozowaniu r\u00f3\u017cnych stan\u00f3w zapalnych oraz chor\u00f3b reumatologicznych, takich jak reumatoidalne zapalenie staw\u00f3w (RZS). Wysoki poziom RF w surowicy mo\u017ce \u015bwiadczy\u0107 o aktywno\u015bci choroby, cho\u0107 nie wyst\u0119puje wy\u0142\u0105cznie przy RZS. Badanie ma kluczowe znaczenie w planowaniu odpowiedniego leczenia i monitorowaniu post\u0119p\u00f3w terapii. Zalecana jest konsultacja z lekarzem w celu interpretacji wynik\u00f3w badania w kontek\u015bcie innych bada\u0144 oraz indywidualnych objaw\u00f3w pacjenta.<\/p>","protected":false},"excerpt":{"rendered":"<p>Czynnik reumatoidalny (RF) &#8211; ocena ilo\u015bciowa Badanie czynnika reumatoidalnego (RF) jest testem diagnostycznym wykonywanym z pr\u00f3bki krwi, kt\u00f3re ma na celu identyfikacj\u0119 igG przeciwko fragmentowi Fc innych igG. RF jest markerem pomocnym w diagnozowaniu r\u00f3\u017cnych stan\u00f3w zapalnych oraz chor\u00f3b reumatologicznych, takich jak reumatoidalne zapalenie staw\u00f3w (RZS). Wysoki poziom RF w surowicy mo\u017ce \u015bwiadczy\u0107 o aktywno\u015bci [&hellip;]<\/p>\n","protected":false},"featured_media":0,"template":"","meta":[],"product_brand":[],"product_cat":[25,26],"product_tag":[],"class_list":{"0":"post-2295","1":"product","2":"type-product","3":"status-publish","5":"product_cat-badanie-laboratoryjne","6":"product_cat-krew","8":"first","9":"instock","10":"virtual","11":"sold-individually","12":"purchasable","13":"product-type-simple"},"_links":{"self":[{"href":"https:\/\/drteraz.pl\/en\/wp-json\/wp\/v2\/product\/2295","targetHints":{"allow":["GET"]}}],"collection":[{"href":"https:\/\/drteraz.pl\/en\/wp-json\/wp\/v2\/product"}],"about":[{"href":"https:\/\/drteraz.pl\/en\/wp-json\/wp\/v2\/types\/product"}],"version-history":[{"count":0,"href":"https:\/\/drteraz.pl\/en\/wp-json\/wp\/v2\/product\/2295\/revisions"}],"wp:attachment":[{"href":"https:\/\/drteraz.pl\/en\/wp-json\/wp\/v2\/media?parent=2295"}],"wp:term":[{"taxonomy":"product_brand","embeddable":true,"href":"https:\/\/drteraz.pl\/en\/wp-json\/wp\/v2\/product_brand?post=2295"},{"taxonomy":"product_cat","embeddable":true,"href":"https:\/\/drteraz.pl\/en\/wp-json\/wp\/v2\/product_cat?post=2295"},{"taxonomy":"product_tag","embeddable":true,"href":"https:\/\/drteraz.pl\/en\/wp-json\/wp\/v2\/product_tag?post=2295"}],"curies":[{"name":"wp","href":"https:\/\/api.w.org\/{rel}","templated":true}]}}