{"id":2296,"date":"2025-06-25T02:41:53","date_gmt":"2025-06-25T00:41:53","guid":{"rendered":"https:\/\/frosty-mclean.141-95-55-172.plesk.page\/produkt\/bez-kategorii\/d-dimery\/"},"modified":"2025-06-25T02:41:56","modified_gmt":"2025-06-25T00:41:56","slug":"d-dimery","status":"publish","type":"product","link":"https:\/\/drteraz.pl\/en\/badanie-laboratoryjne\/d-dimery\/","title":{"rendered":"D-dimery"},"content":{"rendered":"<h1>Badanie D-dimery<\/h1>\n<p>Badanie D-dimery to test diagnostyczny wykonany z pr\u00f3bki krwi, kt\u00f3ry nale\u017cy do kategorii HEMATOLOGIA I KOAGUOLOGIA. D-dimery to ma\u0142e fragmenty bia\u0142ka, kt\u00f3re powstaj\u0105, gdy skrzep krwi ulega rozpuszczeniu przez fibrynoliz\u0119. Pomiar st\u0119\u017cenia D-dimer\u00f3w w krwi jest pomocny w diagnozowaniu stan\u00f3w takich jak zakrzepica \u017cy\u0142 g\u0142\u0119bokich, zatorowo\u015b\u0107 p\u0142ucna oraz inne stany zakrzepowo-zatorowe. Warto\u015b\u0107 D-dimer\u00f3w w badaniu mo\u017ce by\u0107 r\u00f3wnie\u017c podwy\u017cszona w wielu innych stanach, w tym w przypadku ci\u0105\u017cy, infekcji, zapalenia, po operacjach czy urazach. Z tego powodu, mimo \u017ce badanie to jest bardzo wra\u017cliwe, jego specyficzno\u015b\u0107 jest ograniczona, a interpretacja wynik\u00f3w powinna zawsze odbywa\u0107 si\u0119 w kontek\u015bcie oceny klinicznej pacjenta.<\/p>","protected":false},"excerpt":{"rendered":"<p>Badanie D-dimery Badanie D-dimery to test diagnostyczny wykonany z pr\u00f3bki krwi, kt\u00f3ry nale\u017cy do kategorii HEMATOLOGIA I KOAGUOLOGIA. D-dimery to ma\u0142e fragmenty bia\u0142ka, kt\u00f3re powstaj\u0105, gdy skrzep krwi ulega rozpuszczeniu przez fibrynoliz\u0119. Pomiar st\u0119\u017cenia D-dimer\u00f3w w krwi jest pomocny w diagnozowaniu stan\u00f3w takich jak zakrzepica \u017cy\u0142 g\u0142\u0119bokich, zatorowo\u015b\u0107 p\u0142ucna oraz inne stany zakrzepowo-zatorowe. Warto\u015b\u0107 D-dimer\u00f3w [&hellip;]<\/p>\n","protected":false},"featured_media":0,"template":"","meta":[],"product_brand":[],"product_cat":[25,26],"product_tag":[],"class_list":{"0":"post-2296","1":"product","2":"type-product","3":"status-publish","5":"product_cat-badanie-laboratoryjne","6":"product_cat-krew","8":"first","9":"instock","10":"virtual","11":"sold-individually","12":"purchasable","13":"product-type-simple"},"_links":{"self":[{"href":"https:\/\/drteraz.pl\/en\/wp-json\/wp\/v2\/product\/2296","targetHints":{"allow":["GET"]}}],"collection":[{"href":"https:\/\/drteraz.pl\/en\/wp-json\/wp\/v2\/product"}],"about":[{"href":"https:\/\/drteraz.pl\/en\/wp-json\/wp\/v2\/types\/product"}],"version-history":[{"count":0,"href":"https:\/\/drteraz.pl\/en\/wp-json\/wp\/v2\/product\/2296\/revisions"}],"wp:attachment":[{"href":"https:\/\/drteraz.pl\/en\/wp-json\/wp\/v2\/media?parent=2296"}],"wp:term":[{"taxonomy":"product_brand","embeddable":true,"href":"https:\/\/drteraz.pl\/en\/wp-json\/wp\/v2\/product_brand?post=2296"},{"taxonomy":"product_cat","embeddable":true,"href":"https:\/\/drteraz.pl\/en\/wp-json\/wp\/v2\/product_cat?post=2296"},{"taxonomy":"product_tag","embeddable":true,"href":"https:\/\/drteraz.pl\/en\/wp-json\/wp\/v2\/product_tag?post=2296"}],"curies":[{"name":"wp","href":"https:\/\/api.w.org\/{rel}","templated":true}]}}