{"id":2306,"date":"2025-06-25T02:42:02","date_gmt":"2025-06-25T00:42:02","guid":{"rendered":"https:\/\/frosty-mclean.141-95-55-172.plesk.page\/produkt\/bez-kategorii\/ferrytyna\/"},"modified":"2025-06-25T02:42:02","modified_gmt":"2025-06-25T00:42:02","slug":"ferrytyna","status":"publish","type":"product","link":"https:\/\/drteraz.pl\/en\/badanie-laboratoryjne\/ferrytyna\/","title":{"rendered":"Ferrytyna"},"content":{"rendered":"<h1>Badanie Ferrytyny<\/h1>\n<p>Ferrytyna jest bia\u0142kiem, kt\u00f3re magazynuje \u017celazo w organizmie i uwalnia je w miar\u0119 potrzeb. Poziom ferrytyny w krwi jest wa\u017cnym wska\u017anikiem stanu zapas\u00f3w \u017celaza w organizmie i jest kluczowy w diagnozowaniu r\u00f3\u017cnych stan\u00f3w, w tym anemii z niedoboru \u017celaza. Badanie poziomu ferrytyny pomaga r\u00f3wnie\u017c oceni\u0107 stan metaboliczny \u017celaza, co jest istotne w rozpoznawaniu anemii oraz monitorowaniu efekt\u00f3w suplementacji \u017celaza. Badanie to wykonuje si\u0119 na podstawie pr\u00f3bki krwi pobranej od pacjenta.<\/p>","protected":false},"excerpt":{"rendered":"<p>Badanie Ferrytyny Ferrytyna jest bia\u0142kiem, kt\u00f3re magazynuje \u017celazo w organizmie i uwalnia je w miar\u0119 potrzeb. Poziom ferrytyny w krwi jest wa\u017cnym wska\u017anikiem stanu zapas\u00f3w \u017celaza w organizmie i jest kluczowy w diagnozowaniu r\u00f3\u017cnych stan\u00f3w, w tym anemii z niedoboru \u017celaza. Badanie poziomu ferrytyny pomaga r\u00f3wnie\u017c oceni\u0107 stan metaboliczny \u017celaza, co jest istotne w rozpoznawaniu [&hellip;]<\/p>\n","protected":false},"featured_media":0,"template":"","meta":[],"product_brand":[],"product_cat":[25,26],"product_tag":[],"class_list":{"0":"post-2306","1":"product","2":"type-product","3":"status-publish","5":"product_cat-badanie-laboratoryjne","6":"product_cat-krew","8":"first","9":"instock","10":"virtual","11":"sold-individually","12":"purchasable","13":"product-type-simple"},"_links":{"self":[{"href":"https:\/\/drteraz.pl\/en\/wp-json\/wp\/v2\/product\/2306","targetHints":{"allow":["GET"]}}],"collection":[{"href":"https:\/\/drteraz.pl\/en\/wp-json\/wp\/v2\/product"}],"about":[{"href":"https:\/\/drteraz.pl\/en\/wp-json\/wp\/v2\/types\/product"}],"version-history":[{"count":0,"href":"https:\/\/drteraz.pl\/en\/wp-json\/wp\/v2\/product\/2306\/revisions"}],"wp:attachment":[{"href":"https:\/\/drteraz.pl\/en\/wp-json\/wp\/v2\/media?parent=2306"}],"wp:term":[{"taxonomy":"product_brand","embeddable":true,"href":"https:\/\/drteraz.pl\/en\/wp-json\/wp\/v2\/product_brand?post=2306"},{"taxonomy":"product_cat","embeddable":true,"href":"https:\/\/drteraz.pl\/en\/wp-json\/wp\/v2\/product_cat?post=2306"},{"taxonomy":"product_tag","embeddable":true,"href":"https:\/\/drteraz.pl\/en\/wp-json\/wp\/v2\/product_tag?post=2306"}],"curies":[{"name":"wp","href":"https:\/\/api.w.org\/{rel}","templated":true}]}}