{"id":2309,"date":"2025-06-25T02:42:02","date_gmt":"2025-06-25T00:42:02","guid":{"rendered":"https:\/\/frosty-mclean.141-95-55-172.plesk.page\/produkt\/bez-kategorii\/fosfor-fosforany-nieorganiczne\/"},"modified":"2025-06-25T02:42:03","modified_gmt":"2025-06-25T00:42:03","slug":"fosfor-fosforany-nieorganiczne","status":"publish","type":"product","link":"https:\/\/drteraz.pl\/en\/badanie-laboratoryjne\/fosfor-fosforany-nieorganiczne\/","title":{"rendered":"Fosfor (fosforany nieorganiczne)"},"content":{"rendered":"<h1>Badanie: Fosfor (fosforany nieorganiczne)<\/h1>\n<p>Badanie st\u0119\u017cenia fosforu (fosforan\u00f3w nieorganicznych) we krwi jest wa\u017cne w diagnostyce i monitorowaniu wielu stan\u00f3w zdrowia oraz zaburze\u0144 metabolicznych. Fosfor jest kluczowym sk\u0142adnikiem wielu proces\u00f3w w organizmie, w tym w budowie ko\u015bci i z\u0119b\u00f3w, produkcji energii oraz funkcjonowaniu nerw\u00f3w i mi\u0119\u015bni. Nieprawid\u0142owy poziom fosforu mo\u017ce \u015bwiadczy\u0107 o r\u00f3\u017cnych problemach zdrowotnych, takich jak zaburzenia pracy nerek, zaburzenia hormonalne czy problemy z przyswajaniem i metabolizowaniem sk\u0142adnik\u00f3w od\u017cywczych.<\/p>\n<p>Badanie polega na pobraniu pr\u00f3bki krwi od pacjenta. Nast\u0119pnie, w laboratorium biochemicznym, st\u0119\u017cenie fosforan\u00f3w nieorganicznych jest mierzone za pomoc\u0105 specjalistycznych technik analitycznych. Wyniki bada\u0144 s\u0105 interpretowane przez lekarza w oparciu o normy laboratoryjne, kt\u00f3re mog\u0105 r\u00f3\u017cni\u0107 si\u0119 w zale\u017cno\u015bci od wieku, p\u0142ci oraz stanu zdrowia pacjenta.<\/p>\n<p>Zaleca si\u0119, aby przed przyst\u0105pieniem do badania, pacjent nale\u017cycie przygotowa\u0142 si\u0119, przestrzegaj\u0105c instrukcji lekarza, co mo\u017ce obejmowa\u0107 odst\u0119pstwo od przyjmowania niekt\u00f3rych lek\u00f3w oraz zachowanie odpowiedniego postu.<\/p>\n<p>Badanie fosforu jest szeroko stosowane w rutynowych badaniach kontrolnych, a tak\u017ce w specjalistycznych diagnostykach, takich jak ocena funkcji nerek czy przygotowanie do terapii hormonalnych.<\/p>","protected":false},"excerpt":{"rendered":"<p>Badanie: Fosfor (fosforany nieorganiczne) Badanie st\u0119\u017cenia fosforu (fosforan\u00f3w nieorganicznych) we krwi jest wa\u017cne w diagnostyce i monitorowaniu wielu stan\u00f3w zdrowia oraz zaburze\u0144 metabolicznych. Fosfor jest kluczowym sk\u0142adnikiem wielu proces\u00f3w w organizmie, w tym w budowie ko\u015bci i z\u0119b\u00f3w, produkcji energii oraz funkcjonowaniu nerw\u00f3w i mi\u0119\u015bni. Nieprawid\u0142owy poziom fosforu mo\u017ce \u015bwiadczy\u0107 o r\u00f3\u017cnych problemach zdrowotnych, takich [&hellip;]<\/p>\n","protected":false},"featured_media":0,"template":"","meta":[],"product_brand":[],"product_cat":[25,26],"product_tag":[],"class_list":{"0":"post-2309","1":"product","2":"type-product","3":"status-publish","5":"product_cat-badanie-laboratoryjne","6":"product_cat-krew","8":"first","9":"instock","10":"virtual","11":"sold-individually","12":"purchasable","13":"product-type-simple"},"_links":{"self":[{"href":"https:\/\/drteraz.pl\/en\/wp-json\/wp\/v2\/product\/2309","targetHints":{"allow":["GET"]}}],"collection":[{"href":"https:\/\/drteraz.pl\/en\/wp-json\/wp\/v2\/product"}],"about":[{"href":"https:\/\/drteraz.pl\/en\/wp-json\/wp\/v2\/types\/product"}],"version-history":[{"count":0,"href":"https:\/\/drteraz.pl\/en\/wp-json\/wp\/v2\/product\/2309\/revisions"}],"wp:attachment":[{"href":"https:\/\/drteraz.pl\/en\/wp-json\/wp\/v2\/media?parent=2309"}],"wp:term":[{"taxonomy":"product_brand","embeddable":true,"href":"https:\/\/drteraz.pl\/en\/wp-json\/wp\/v2\/product_brand?post=2309"},{"taxonomy":"product_cat","embeddable":true,"href":"https:\/\/drteraz.pl\/en\/wp-json\/wp\/v2\/product_cat?post=2309"},{"taxonomy":"product_tag","embeddable":true,"href":"https:\/\/drteraz.pl\/en\/wp-json\/wp\/v2\/product_tag?post=2309"}],"curies":[{"name":"wp","href":"https:\/\/api.w.org\/{rel}","templated":true}]}}