{"id":2311,"date":"2025-06-25T02:42:02","date_gmt":"2025-06-25T00:42:02","guid":{"rendered":"https:\/\/frosty-mclean.141-95-55-172.plesk.page\/produkt\/bez-kategorii\/fsh-hormon-folikulotropowy-folikulotropina\/"},"modified":"2025-06-25T02:42:04","modified_gmt":"2025-06-25T00:42:04","slug":"fsh-hormon-folikulotropowy-folikulotropina","status":"publish","type":"product","link":"https:\/\/drteraz.pl\/en\/badanie-laboratoryjne\/fsh-hormon-folikulotropowy-folikulotropina\/","title":{"rendered":"FSH (hormon folikulotropowy; folikulotropina)"},"content":{"rendered":"<h1>Badanie FSH &#8211; Hormon Folikulotropowy<\/h1>\n<p>FSH, czyli hormon folikulotropowy, to jeden z kluczowych hormon\u00f3w p\u0142ciowych, kt\u00f3ry odgrywa istotn\u0105 rol\u0119 w regulacji funkcji rozrodczych zar\u00f3wno u kobiet, jak i u m\u0119\u017cczyzn. Poziom FSH cz\u0119sto jest badany w diagnostyce zaburze\u0144 p\u0142odno\u015bci, a tak\u017ce w ocenie funkcji jajnik\u00f3w i j\u0105der. Hormon ten jest odpowiedzialny za stymulacj\u0119 wzrostu p\u0119cherzyk\u00f3w jajnikowych u kobiet oraz za produkcj\u0119 plemnik\u00f3w u m\u0119\u017cczyzn.<\/p>\n<h1>Dla kogo jest zalecane badanie FSH?<\/h1>\n<p>Badanie poziomu hormonu FSH jest zalecane zar\u00f3wno kobietom, jak i m\u0119\u017cczyznom w celu oceny funkcjonowania uk\u0142adu rozrodczego. U kobiet badanie to pomaga zdiagnozowa\u0107 przyczyny nieregularnych miesi\u0105czek, problem\u00f3w z zaj\u015bciem w ci\u0105\u017c\u0119 czy oceny momentu menopauzy. U m\u0119\u017cczyzn poziom FSH jest sprawdzany g\u0142\u00f3wnie w kontek\u015bcie diagnostyki niep\u0142odno\u015bci oraz oceny funkcji j\u0105der.<\/p>\n<h1>Jak si\u0119 przygotowa\u0107 do badania?<\/h1>\n<p>Badanie FSH wykonuje si\u0119 na podstawie pr\u00f3bki krwi. Zwykle nie wymaga szczeg\u00f3lnego przygotowania, jednak zaleca si\u0119, aby przed pobraniem krwi pacjent by\u0142 w stanie spoczynku i unika\u0142 stresu, kt\u00f3ry mo\u017ce wp\u0142yn\u0105\u0107 na wyniki. Nale\u017cy tak\u017ce poinformowa\u0107 lekarza o wszystkich przyjmowanych lekach, poniewa\u017c niekt\u00f3re mog\u0105 wp\u0142ywa\u0107 na poziom hormon\u00f3w p\u0142ciowych.<\/p>","protected":false},"excerpt":{"rendered":"<p>Badanie FSH &#8211; Hormon Folikulotropowy FSH, czyli hormon folikulotropowy, to jeden z kluczowych hormon\u00f3w p\u0142ciowych, kt\u00f3ry odgrywa istotn\u0105 rol\u0119 w regulacji funkcji rozrodczych zar\u00f3wno u kobiet, jak i u m\u0119\u017cczyzn. Poziom FSH cz\u0119sto jest badany w diagnostyce zaburze\u0144 p\u0142odno\u015bci, a tak\u017ce w ocenie funkcji jajnik\u00f3w i j\u0105der. Hormon ten jest odpowiedzialny za stymulacj\u0119 wzrostu p\u0119cherzyk\u00f3w [&hellip;]<\/p>\n","protected":false},"featured_media":0,"template":"","meta":[],"product_brand":[],"product_cat":[25,26],"product_tag":[],"class_list":{"0":"post-2311","1":"product","2":"type-product","3":"status-publish","5":"product_cat-badanie-laboratoryjne","6":"product_cat-krew","8":"first","9":"instock","10":"virtual","11":"sold-individually","12":"purchasable","13":"product-type-simple"},"_links":{"self":[{"href":"https:\/\/drteraz.pl\/en\/wp-json\/wp\/v2\/product\/2311","targetHints":{"allow":["GET"]}}],"collection":[{"href":"https:\/\/drteraz.pl\/en\/wp-json\/wp\/v2\/product"}],"about":[{"href":"https:\/\/drteraz.pl\/en\/wp-json\/wp\/v2\/types\/product"}],"version-history":[{"count":0,"href":"https:\/\/drteraz.pl\/en\/wp-json\/wp\/v2\/product\/2311\/revisions"}],"wp:attachment":[{"href":"https:\/\/drteraz.pl\/en\/wp-json\/wp\/v2\/media?parent=2311"}],"wp:term":[{"taxonomy":"product_brand","embeddable":true,"href":"https:\/\/drteraz.pl\/en\/wp-json\/wp\/v2\/product_brand?post=2311"},{"taxonomy":"product_cat","embeddable":true,"href":"https:\/\/drteraz.pl\/en\/wp-json\/wp\/v2\/product_cat?post=2311"},{"taxonomy":"product_tag","embeddable":true,"href":"https:\/\/drteraz.pl\/en\/wp-json\/wp\/v2\/product_tag?post=2311"}],"curies":[{"name":"wp","href":"https:\/\/api.w.org\/{rel}","templated":true}]}}