{"id":2319,"date":"2025-06-25T02:42:02","date_gmt":"2025-06-25T00:42:02","guid":{"rendered":"https:\/\/frosty-mclean.141-95-55-172.plesk.page\/produkt\/bez-kategorii\/haptoglobina\/"},"modified":"2025-06-25T02:42:07","modified_gmt":"2025-06-25T00:42:07","slug":"haptoglobina","status":"publish","type":"product","link":"https:\/\/drteraz.pl\/en\/badanie-laboratoryjne\/haptoglobina\/","title":{"rendered":"Haptoglobina"},"content":{"rendered":"<h1>Badanie Haptoglobiny<\/h1>\n<p>Haptoglobina to bia\u0142ko wytwarzane przez w\u0105trob\u0119, kt\u00f3re odgrywa kluczow\u0105 rol\u0119 w procesie wi\u0105zania hemoglobiny uwalnianej do krwi w wyniku rozpadu czerwonych krwinek. Oznaczenie poziomu haptoglobiny w badaniu krwi mo\u017ce by\u0107 pomocne w diagnozowaniu r\u00f3\u017cnych stan\u00f3w chorobowych, w tym hemolizy, stan\u00f3w zapalnych i infekcji. Wysoki poziom haptoglobiny mo\u017ce wskazywa\u0107 na stany zapalne, natomiast niski poziom cz\u0119sto towarzyszy hemolizie czy niedoborom w\u0105troby. Badanie haptoglobiny cz\u0119sto jest wykonywane jako cz\u0119\u015b\u0107 szerszej diagnozy problem\u00f3w zwi\u0105zanych z krwinkami czerwonymi i w\u0105trob\u0105.<\/p>","protected":false},"excerpt":{"rendered":"<p>Badanie Haptoglobiny Haptoglobina to bia\u0142ko wytwarzane przez w\u0105trob\u0119, kt\u00f3re odgrywa kluczow\u0105 rol\u0119 w procesie wi\u0105zania hemoglobiny uwalnianej do krwi w wyniku rozpadu czerwonych krwinek. Oznaczenie poziomu haptoglobiny w badaniu krwi mo\u017ce by\u0107 pomocne w diagnozowaniu r\u00f3\u017cnych stan\u00f3w chorobowych, w tym hemolizy, stan\u00f3w zapalnych i infekcji. Wysoki poziom haptoglobiny mo\u017ce wskazywa\u0107 na stany zapalne, natomiast niski [&hellip;]<\/p>\n","protected":false},"featured_media":0,"template":"","meta":[],"product_brand":[],"product_cat":[25,26],"product_tag":[],"class_list":{"0":"post-2319","1":"product","2":"type-product","3":"status-publish","5":"product_cat-badanie-laboratoryjne","6":"product_cat-krew","8":"first","9":"instock","10":"virtual","11":"sold-individually","12":"purchasable","13":"product-type-simple"},"_links":{"self":[{"href":"https:\/\/drteraz.pl\/en\/wp-json\/wp\/v2\/product\/2319","targetHints":{"allow":["GET"]}}],"collection":[{"href":"https:\/\/drteraz.pl\/en\/wp-json\/wp\/v2\/product"}],"about":[{"href":"https:\/\/drteraz.pl\/en\/wp-json\/wp\/v2\/types\/product"}],"version-history":[{"count":0,"href":"https:\/\/drteraz.pl\/en\/wp-json\/wp\/v2\/product\/2319\/revisions"}],"wp:attachment":[{"href":"https:\/\/drteraz.pl\/en\/wp-json\/wp\/v2\/media?parent=2319"}],"wp:term":[{"taxonomy":"product_brand","embeddable":true,"href":"https:\/\/drteraz.pl\/en\/wp-json\/wp\/v2\/product_brand?post=2319"},{"taxonomy":"product_cat","embeddable":true,"href":"https:\/\/drteraz.pl\/en\/wp-json\/wp\/v2\/product_cat?post=2319"},{"taxonomy":"product_tag","embeddable":true,"href":"https:\/\/drteraz.pl\/en\/wp-json\/wp\/v2\/product_tag?post=2319"}],"curies":[{"name":"wp","href":"https:\/\/api.w.org\/{rel}","templated":true}]}}