{"id":2322,"date":"2025-06-25T02:42:02","date_gmt":"2025-06-25T00:42:02","guid":{"rendered":"https:\/\/frosty-mclean.141-95-55-172.plesk.page\/produkt\/bez-kategorii\/hbsab-p-c-przeciw-hbs\/"},"modified":"2025-06-25T02:42:08","modified_gmt":"2025-06-25T00:42:08","slug":"hbsab-p-c-przeciw-hbs","status":"publish","type":"product","link":"https:\/\/drteraz.pl\/en\/badanie-laboratoryjne\/hbsab-p-c-przeciw-hbs\/","title":{"rendered":"HBsAb (P\/c przeciw HBs)"},"content":{"rendered":"<h1>Badanie HBsAb (P\/c przeciw HBs)<\/h1>\n<p>Badanie HBsAb, znane r\u00f3wnie\u017c jako test przeciwcia\u0142 przeciwko antygenowi powierzchniowemu wirusa zapalenia w\u0105troby typu B (HBs), jest istotnym elementem diagnostyki zaka\u017ce\u0144 wirusem Hepatitis B. Przeprowadzane jest w celu wykrycia obecno\u015bci przeciwcia\u0142 anty-HBs w krwi, co mo\u017ce wskazywa\u0107 na przebyt\u0105 infekcj\u0119 lub skuteczno\u015b\u0107 szczepienia przeciwko Hepatitis B. Badanie wykonywane jest z pr\u00f3bki krwi, a jego wynik pomaga oceni\u0107, czy osoba jest odporna na wirusa zapalenia w\u0105troby typu B, czy te\u017c wymaga dalszej obserwacji lub dodatkowych dzia\u0142a\u0144 profilaktycznych. Stanowi kluczowy element w profilaktyce oraz monitorowaniu stanu zdrowia publicznego w zakresie zapobiegania chorobom w\u0105troby.<\/p>","protected":false},"excerpt":{"rendered":"<p>Badanie HBsAb (P\/c przeciw HBs) Badanie HBsAb, znane r\u00f3wnie\u017c jako test przeciwcia\u0142 przeciwko antygenowi powierzchniowemu wirusa zapalenia w\u0105troby typu B (HBs), jest istotnym elementem diagnostyki zaka\u017ce\u0144 wirusem Hepatitis B. Przeprowadzane jest w celu wykrycia obecno\u015bci przeciwcia\u0142 anty-HBs w krwi, co mo\u017ce wskazywa\u0107 na przebyt\u0105 infekcj\u0119 lub skuteczno\u015b\u0107 szczepienia przeciwko Hepatitis B. Badanie wykonywane jest z [&hellip;]<\/p>\n","protected":false},"featured_media":0,"template":"","meta":[],"product_brand":[],"product_cat":[25,26],"product_tag":[],"class_list":{"0":"post-2322","1":"product","2":"type-product","3":"status-publish","5":"product_cat-badanie-laboratoryjne","6":"product_cat-krew","8":"first","9":"instock","10":"virtual","11":"sold-individually","12":"purchasable","13":"product-type-simple"},"_links":{"self":[{"href":"https:\/\/drteraz.pl\/en\/wp-json\/wp\/v2\/product\/2322","targetHints":{"allow":["GET"]}}],"collection":[{"href":"https:\/\/drteraz.pl\/en\/wp-json\/wp\/v2\/product"}],"about":[{"href":"https:\/\/drteraz.pl\/en\/wp-json\/wp\/v2\/types\/product"}],"version-history":[{"count":0,"href":"https:\/\/drteraz.pl\/en\/wp-json\/wp\/v2\/product\/2322\/revisions"}],"wp:attachment":[{"href":"https:\/\/drteraz.pl\/en\/wp-json\/wp\/v2\/media?parent=2322"}],"wp:term":[{"taxonomy":"product_brand","embeddable":true,"href":"https:\/\/drteraz.pl\/en\/wp-json\/wp\/v2\/product_brand?post=2322"},{"taxonomy":"product_cat","embeddable":true,"href":"https:\/\/drteraz.pl\/en\/wp-json\/wp\/v2\/product_cat?post=2322"},{"taxonomy":"product_tag","embeddable":true,"href":"https:\/\/drteraz.pl\/en\/wp-json\/wp\/v2\/product_tag?post=2322"}],"curies":[{"name":"wp","href":"https:\/\/api.w.org\/{rel}","templated":true}]}}