{"id":2323,"date":"2025-06-25T02:42:02","date_gmt":"2025-06-25T00:42:02","guid":{"rendered":"https:\/\/frosty-mclean.141-95-55-172.plesk.page\/produkt\/bez-kategorii\/hbsag-potwierdzenie-test-neutralizacji\/"},"modified":"2025-06-25T02:42:09","modified_gmt":"2025-06-25T00:42:09","slug":"hbsag-potwierdzenie-test-neutralizacji","status":"publish","type":"product","link":"https:\/\/drteraz.pl\/en\/badanie-laboratoryjne\/hbsag-potwierdzenie-test-neutralizacji\/","title":{"rendered":"HBsAg &#8211; potwierdzenie &#8211; test neutralizacji"},"content":{"rendered":"<h1>HBsAg &#8211; Potwierdzenie &#8211; Test Neutralizacji<\/h1>\n<p>Test neutralizacji HBsAg jest zaawansowanym badaniem s\u0142u\u017c\u0105cym do potwierdzenia obecno\u015bci antygenu powierzchniowego wirusa zapalenia w\u0105troby typu B (HBsAg) w pr\u00f3bce krwi. Antygen HBsAg jest jednym z pierwszych marker\u00f3w \u015bwiadcz\u0105cych o zaka\u017ceniu HBV, a jego wykrywanie jest kluczowe dla wczesnej diagnozy i monitorowania choroby. Badanie wykonuje si\u0119 w celu potwierdzenia wynik\u00f3w wcze\u015bniejszych test\u00f3w screeningowych, kt\u00f3re wskaza\u0142y potencjaln\u0105 obecno\u015b\u0107 HBsAg. Proces neutralizacji polega na dodaniu specyficznych przeciwcia\u0142 do pr\u00f3bki, co pozwala na zidentyfikowanie fa\u0142szywie pozytywnych lub negatywnych wynik\u00f3w, oferuj\u0105c tym samym bardziej precyzyjne i wiarygodne rezultaty. Badanie to nale\u017cy do kluczowych test\u00f3w w kategorii diagnostyki infekcji i jest zalecane przez specjalist\u00f3w w diagnostyce wirusowego zapalenia w\u0105troby. <\/p>","protected":false},"excerpt":{"rendered":"<p>HBsAg &#8211; Potwierdzenie &#8211; Test Neutralizacji Test neutralizacji HBsAg jest zaawansowanym badaniem s\u0142u\u017c\u0105cym do potwierdzenia obecno\u015bci antygenu powierzchniowego wirusa zapalenia w\u0105troby typu B (HBsAg) w pr\u00f3bce krwi. Antygen HBsAg jest jednym z pierwszych marker\u00f3w \u015bwiadcz\u0105cych o zaka\u017ceniu HBV, a jego wykrywanie jest kluczowe dla wczesnej diagnozy i monitorowania choroby. Badanie wykonuje si\u0119 w celu potwierdzenia [&hellip;]<\/p>\n","protected":false},"featured_media":0,"template":"","meta":[],"product_brand":[],"product_cat":[25,26],"product_tag":[],"class_list":{"0":"post-2323","1":"product","2":"type-product","3":"status-publish","5":"product_cat-badanie-laboratoryjne","6":"product_cat-krew","8":"first","9":"instock","10":"virtual","11":"sold-individually","12":"purchasable","13":"product-type-simple"},"_links":{"self":[{"href":"https:\/\/drteraz.pl\/en\/wp-json\/wp\/v2\/product\/2323","targetHints":{"allow":["GET"]}}],"collection":[{"href":"https:\/\/drteraz.pl\/en\/wp-json\/wp\/v2\/product"}],"about":[{"href":"https:\/\/drteraz.pl\/en\/wp-json\/wp\/v2\/types\/product"}],"version-history":[{"count":0,"href":"https:\/\/drteraz.pl\/en\/wp-json\/wp\/v2\/product\/2323\/revisions"}],"wp:attachment":[{"href":"https:\/\/drteraz.pl\/en\/wp-json\/wp\/v2\/media?parent=2323"}],"wp:term":[{"taxonomy":"product_brand","embeddable":true,"href":"https:\/\/drteraz.pl\/en\/wp-json\/wp\/v2\/product_brand?post=2323"},{"taxonomy":"product_cat","embeddable":true,"href":"https:\/\/drteraz.pl\/en\/wp-json\/wp\/v2\/product_cat?post=2323"},{"taxonomy":"product_tag","embeddable":true,"href":"https:\/\/drteraz.pl\/en\/wp-json\/wp\/v2\/product_tag?post=2323"}],"curies":[{"name":"wp","href":"https:\/\/api.w.org\/{rel}","templated":true}]}}