{"id":2324,"date":"2025-06-25T02:42:02","date_gmt":"2025-06-25T00:42:02","guid":{"rendered":"https:\/\/frosty-mclean.141-95-55-172.plesk.page\/produkt\/bez-kategorii\/hbsag-antygen-hbs\/"},"modified":"2025-06-25T02:42:09","modified_gmt":"2025-06-25T00:42:09","slug":"hbsag-antygen-hbs","status":"publish","type":"product","link":"https:\/\/drteraz.pl\/en\/badanie-laboratoryjne\/hbsag-antygen-hbs\/","title":{"rendered":"HBsAg (antygen HBs)"},"content":{"rendered":"<h1>Badanie HBsAg (antygen HBs)<\/h1>\n<p>Badanie HBsAg, znane r\u00f3wnie\u017c jako badanie na obecno\u015b\u0107 antygenu powierzchniowego wirusa zapalenia w\u0105troby typu B, jest kluczowym testem diagnostycznym, kt\u00f3ry umo\u017cliwia wykrycie aktywnej infekcji HBV. Test ten nale\u017cy do kategorii DIAGNOSTYKA INFEKCJI i jest przeprowadzany na podstawie pr\u00f3bki krwi pacjenta.<\/p>\n<p>Celem badania HBsAg jest wczesne wykrycie infekcji, co jest szczeg\u00f3lnie wa\u017cne dla zapobiegania transmisji wirusa oraz dla wczesnego rozpocz\u0119cia odpowiedniego leczenia. Test ten pozwalaj\u0105 na rozpoznanie zar\u00f3wno ostrej, jak i przewlek\u0142ej postaci zapalenia w\u0105troby typu B.<\/p>\n<p>Zaleca si\u0119 wykonanie badania HBsAg osobom, kt\u00f3re mog\u0105 by\u0107 nara\u017cone na zaka\u017cenie HBV, w tym pracownikom s\u0142u\u017cby zdrowia, osobom maj\u0105cym cz\u0119sty kontakt z krwi\u0105 oraz tym, kt\u00f3re planuj\u0105 podr\u00f3\u017c do region\u00f3w o wysokim wska\u017aniku wyst\u0119powania HBV. Badanie to jest r\u00f3wnie\u017c standardow\u0105 procedur\u0105 przesiewow\u0105 u kobiet w ci\u0105\u017cy, aby zapobiec transmisji wirusa na dziecko.<\/p>\n<p>Wynik pozytywny w te\u015bcie HBsAg oznacza obecno\u015b\u0107 wirusa i wymaga dalszej diagnostyki oraz konsultacji z lekarzem specjalist\u0105, aby ustali\u0107 najlepsz\u0105 \u015bcie\u017ck\u0119 leczenia i dalszego post\u0119powania.<\/p>","protected":false},"excerpt":{"rendered":"<p>Badanie HBsAg (antygen HBs) Badanie HBsAg, znane r\u00f3wnie\u017c jako badanie na obecno\u015b\u0107 antygenu powierzchniowego wirusa zapalenia w\u0105troby typu B, jest kluczowym testem diagnostycznym, kt\u00f3ry umo\u017cliwia wykrycie aktywnej infekcji HBV. Test ten nale\u017cy do kategorii DIAGNOSTYKA INFEKCJI i jest przeprowadzany na podstawie pr\u00f3bki krwi pacjenta. Celem badania HBsAg jest wczesne wykrycie infekcji, co jest szczeg\u00f3lnie wa\u017cne [&hellip;]<\/p>\n","protected":false},"featured_media":0,"template":"","meta":[],"product_brand":[],"product_cat":[25,26],"product_tag":[],"class_list":{"0":"post-2324","1":"product","2":"type-product","3":"status-publish","5":"product_cat-badanie-laboratoryjne","6":"product_cat-krew","8":"first","9":"instock","10":"virtual","11":"sold-individually","12":"purchasable","13":"product-type-simple"},"_links":{"self":[{"href":"https:\/\/drteraz.pl\/en\/wp-json\/wp\/v2\/product\/2324","targetHints":{"allow":["GET"]}}],"collection":[{"href":"https:\/\/drteraz.pl\/en\/wp-json\/wp\/v2\/product"}],"about":[{"href":"https:\/\/drteraz.pl\/en\/wp-json\/wp\/v2\/types\/product"}],"version-history":[{"count":0,"href":"https:\/\/drteraz.pl\/en\/wp-json\/wp\/v2\/product\/2324\/revisions"}],"wp:attachment":[{"href":"https:\/\/drteraz.pl\/en\/wp-json\/wp\/v2\/media?parent=2324"}],"wp:term":[{"taxonomy":"product_brand","embeddable":true,"href":"https:\/\/drteraz.pl\/en\/wp-json\/wp\/v2\/product_brand?post=2324"},{"taxonomy":"product_cat","embeddable":true,"href":"https:\/\/drteraz.pl\/en\/wp-json\/wp\/v2\/product_cat?post=2324"},{"taxonomy":"product_tag","embeddable":true,"href":"https:\/\/drteraz.pl\/en\/wp-json\/wp\/v2\/product_tag?post=2324"}],"curies":[{"name":"wp","href":"https:\/\/api.w.org\/{rel}","templated":true}]}}