{"id":2326,"date":"2025-06-25T02:42:13","date_gmt":"2025-06-25T00:42:13","guid":{"rendered":"https:\/\/frosty-mclean.141-95-55-172.plesk.page\/produkt\/bez-kategorii\/helicobacter-pylori-iga-ocena-miana\/"},"modified":"2025-06-25T02:42:13","modified_gmt":"2025-06-25T00:42:13","slug":"helicobacter-pylori-iga-ocena-miana","status":"publish","type":"product","link":"https:\/\/drteraz.pl\/en\/badanie-laboratoryjne\/helicobacter-pylori-iga-ocena-miana\/","title":{"rendered":"Helicobacter pylori IgA \u2013 ocena miana"},"content":{"rendered":"<h1>Badanie: Helicobacter pylori IgA \u2013 ocena miana<\/h1>\n<p>Badanie Helicobacter pylori IgA \u2013 ocena miana to test diagnostyczny, kt\u00f3ry pozwala na wykrycie przeciwcia\u0142 klasy IgA skierowanych przeciwko bakterii Helicobacter pylori w pr\u00f3bce krwi. Helicobacter pylori jest bakteri\u0105 odpowiedzialn\u0105 za wiele chor\u00f3b przewodu pokarmowego, w tym przewlek\u0142e zapalenie \u017co\u0142\u0105dka, wrzody \u017co\u0142\u0105dka i dwunastnicy oraz jest czynnikiem ryzyka rozwoju raka \u017co\u0142\u0105dka.<\/p>\n<p>Badanie to jest szczeg\u00f3lnie wa\u017cne w diagnozowaniu zaka\u017ce\u0144 Helicobacter pylori oraz monitorowaniu skuteczno\u015bci leczenia. Przeciwcia\u0142a IgA s\u0105 odpowiedzi\u0105 immunologiczn\u0105 mucosy \u017co\u0142\u0105dka na infekcj\u0119, a ich obecno\u015b\u0107 mo\u017ce \u015bwiadczy\u0107 o aktywnej infekcji.<\/p>\n<p>Pr\u00f3bka krwi potrzebna do analizy jest pobierana standardowo z \u017cy\u0142y. Wyniki badania nale\u017cy interpretowa\u0107 w kontek\u015bcie objaw\u00f3w klinicznych oraz innych bada\u0144, co pozwala na optymalne diagnozowanie i planowanie dalszego leczenia infekcji Helicobacter pylori.<\/p>","protected":false},"excerpt":{"rendered":"<p>Badanie: Helicobacter pylori IgA \u2013 ocena miana Badanie Helicobacter pylori IgA \u2013 ocena miana to test diagnostyczny, kt\u00f3ry pozwala na wykrycie przeciwcia\u0142 klasy IgA skierowanych przeciwko bakterii Helicobacter pylori w pr\u00f3bce krwi. Helicobacter pylori jest bakteri\u0105 odpowiedzialn\u0105 za wiele chor\u00f3b przewodu pokarmowego, w tym przewlek\u0142e zapalenie \u017co\u0142\u0105dka, wrzody \u017co\u0142\u0105dka i dwunastnicy oraz jest czynnikiem ryzyka [&hellip;]<\/p>\n","protected":false},"featured_media":0,"template":"","meta":[],"product_brand":[],"product_cat":[25,26],"product_tag":[],"class_list":{"0":"post-2326","1":"product","2":"type-product","3":"status-publish","5":"product_cat-badanie-laboratoryjne","6":"product_cat-krew","8":"first","9":"instock","10":"virtual","11":"sold-individually","12":"purchasable","13":"product-type-simple"},"_links":{"self":[{"href":"https:\/\/drteraz.pl\/en\/wp-json\/wp\/v2\/product\/2326","targetHints":{"allow":["GET"]}}],"collection":[{"href":"https:\/\/drteraz.pl\/en\/wp-json\/wp\/v2\/product"}],"about":[{"href":"https:\/\/drteraz.pl\/en\/wp-json\/wp\/v2\/types\/product"}],"version-history":[{"count":0,"href":"https:\/\/drteraz.pl\/en\/wp-json\/wp\/v2\/product\/2326\/revisions"}],"wp:attachment":[{"href":"https:\/\/drteraz.pl\/en\/wp-json\/wp\/v2\/media?parent=2326"}],"wp:term":[{"taxonomy":"product_brand","embeddable":true,"href":"https:\/\/drteraz.pl\/en\/wp-json\/wp\/v2\/product_brand?post=2326"},{"taxonomy":"product_cat","embeddable":true,"href":"https:\/\/drteraz.pl\/en\/wp-json\/wp\/v2\/product_cat?post=2326"},{"taxonomy":"product_tag","embeddable":true,"href":"https:\/\/drteraz.pl\/en\/wp-json\/wp\/v2\/product_tag?post=2326"}],"curies":[{"name":"wp","href":"https:\/\/api.w.org\/{rel}","templated":true}]}}