{"id":2328,"date":"2025-06-25T02:42:13","date_gmt":"2025-06-25T00:42:13","guid":{"rendered":"https:\/\/frosty-mclean.141-95-55-172.plesk.page\/produkt\/bez-kategorii\/helicobacter-pylori-igm-ocena-miana\/"},"modified":"2025-06-25T02:42:14","modified_gmt":"2025-06-25T00:42:14","slug":"helicobacter-pylori-igm-ocena-miana","status":"publish","type":"product","link":"https:\/\/drteraz.pl\/en\/badanie-laboratoryjne\/helicobacter-pylori-igm-ocena-miana\/","title":{"rendered":"Helicobacter pylori IgM \u2013 ocena miana"},"content":{"rendered":"<h1>Badanie: Helicobacter pylori IgM \u2013 ocena miana<\/h1>\n<p>Badanie Helicobacter pylori IgM s\u0142u\u017cy do wykrywania przeciwcia\u0142 klasy IgM skierowanych przeciwko bakterii Helicobacter pylori w pr\u00f3bce krwi pacjenta. Jest to diagnostyczne narz\u0119dzie stosowane g\u0142\u00f3wnie w celu oceny obecno\u015bci i aktywno\u015bci zaka\u017cenia t\u0105 bakteri\u0105, kt\u00f3ra jest g\u0142\u00f3wnym czynnikiem ryzyka w rozwoju chor\u00f3b takich jak wrzody \u017co\u0142\u0105dka i dwunastnicy oraz niekt\u00f3re rodzaje raka \u017co\u0142\u0105dka. Wynik pozytywny wskazuje na niedawne zaka\u017cenie lub aktywn\u0105 infekcj\u0119. Badanie jest zalecane osobom z objawami sugeruj\u0105cymi infekcj\u0119 oraz w procesie diagnozy i monitorowania leczenia.<\/p>","protected":false},"excerpt":{"rendered":"<p>Badanie: Helicobacter pylori IgM \u2013 ocena miana Badanie Helicobacter pylori IgM s\u0142u\u017cy do wykrywania przeciwcia\u0142 klasy IgM skierowanych przeciwko bakterii Helicobacter pylori w pr\u00f3bce krwi pacjenta. Jest to diagnostyczne narz\u0119dzie stosowane g\u0142\u00f3wnie w celu oceny obecno\u015bci i aktywno\u015bci zaka\u017cenia t\u0105 bakteri\u0105, kt\u00f3ra jest g\u0142\u00f3wnym czynnikiem ryzyka w rozwoju chor\u00f3b takich jak wrzody \u017co\u0142\u0105dka i dwunastnicy [&hellip;]<\/p>\n","protected":false},"featured_media":0,"template":"","meta":[],"product_brand":[],"product_cat":[25,26],"product_tag":[],"class_list":{"0":"post-2328","1":"product","2":"type-product","3":"status-publish","5":"product_cat-badanie-laboratoryjne","6":"product_cat-krew","8":"first","9":"instock","10":"virtual","11":"sold-individually","12":"purchasable","13":"product-type-simple"},"_links":{"self":[{"href":"https:\/\/drteraz.pl\/en\/wp-json\/wp\/v2\/product\/2328","targetHints":{"allow":["GET"]}}],"collection":[{"href":"https:\/\/drteraz.pl\/en\/wp-json\/wp\/v2\/product"}],"about":[{"href":"https:\/\/drteraz.pl\/en\/wp-json\/wp\/v2\/types\/product"}],"version-history":[{"count":0,"href":"https:\/\/drteraz.pl\/en\/wp-json\/wp\/v2\/product\/2328\/revisions"}],"wp:attachment":[{"href":"https:\/\/drteraz.pl\/en\/wp-json\/wp\/v2\/media?parent=2328"}],"wp:term":[{"taxonomy":"product_brand","embeddable":true,"href":"https:\/\/drteraz.pl\/en\/wp-json\/wp\/v2\/product_brand?post=2328"},{"taxonomy":"product_cat","embeddable":true,"href":"https:\/\/drteraz.pl\/en\/wp-json\/wp\/v2\/product_cat?post=2328"},{"taxonomy":"product_tag","embeddable":true,"href":"https:\/\/drteraz.pl\/en\/wp-json\/wp\/v2\/product_tag?post=2328"}],"curies":[{"name":"wp","href":"https:\/\/api.w.org\/{rel}","templated":true}]}}