{"id":2329,"date":"2025-06-25T02:42:13","date_gmt":"2025-06-25T00:42:13","guid":{"rendered":"https:\/\/frosty-mclean.141-95-55-172.plesk.page\/produkt\/bez-kategorii\/hemoglobina-glikowana-hba1c\/"},"modified":"2025-06-25T02:42:14","modified_gmt":"2025-06-25T00:42:14","slug":"hemoglobina-glikowana-hba1c","status":"publish","type":"product","link":"https:\/\/drteraz.pl\/en\/badanie-laboratoryjne\/hemoglobina-glikowana-hba1c\/","title":{"rendered":"Hemoglobina glikowana (HbA1C)"},"content":{"rendered":"<h1>Hemoglobina glikowana (HbA1C)<\/h1>\n<p>Hemoglobina glikowana (HbA1C) to badanie krwi s\u0142u\u017c\u0105ce do monitorowania \u015bredniego poziomu cukru we krwi w ci\u0105gu ostatnich 2-3 miesi\u0119cy. Jest to kluczowe badanie dla os\u00f3b z cukrzyc\u0105, poniewa\u017c pozwala oceni\u0107 efektywno\u015b\u0107 stosowanego leczenia oraz kontrol\u0119 nad chorob\u0105. Hemoglobina glikowana jest wynikiem przy\u0142\u0105czenia glukozy do hemoglobiny \u2013 bia\u0142ka czerwonych krwinek odpowiedzialnego za transport tlenu w organizmie. <\/p>\n<p>Badanie HbA1C jest zalecane nie tylko dla diagnostyki, ale tak\u017ce dla monitorowania przebiegu cukrzycy. Jednostka miary to procent (%), a wyniki pozwalaj\u0105 lekarzom na dostosowanie dawek lek\u00f3w, diety, czy innych form terapii dla diabetyk\u00f3w. Idealny poziom HbA1C zale\u017cy od indywidualnych czynnik\u00f3w, jednak zazwyczaj celuje si\u0119 w utrzymanie poziomu poni\u017cej 7%. Warto\u015bci wy\u017csze \u015bwiadcz\u0105 o s\u0142abej kontroli cukrzycy i zwi\u0119kszonym ryzyku powik\u0142a\u0144. <\/p>\n<p>Regularne wykonywanie tego badania jest zalecane przez specjalist\u00f3w w dziedzinie diabetologii, poniewa\u017c dostarcza cenne informacje o przebiegu choroby i skuteczno\u015bci zastosowanego leczenia, pomagaj\u0105c w zachowaniu jak najlepszego stanu zdrowia pacjenta. <\/p>","protected":false},"excerpt":{"rendered":"<p>Hemoglobina glikowana (HbA1C) Hemoglobina glikowana (HbA1C) to badanie krwi s\u0142u\u017c\u0105ce do monitorowania \u015bredniego poziomu cukru we krwi w ci\u0105gu ostatnich 2-3 miesi\u0119cy. Jest to kluczowe badanie dla os\u00f3b z cukrzyc\u0105, poniewa\u017c pozwala oceni\u0107 efektywno\u015b\u0107 stosowanego leczenia oraz kontrol\u0119 nad chorob\u0105. Hemoglobina glikowana jest wynikiem przy\u0142\u0105czenia glukozy do hemoglobiny \u2013 bia\u0142ka czerwonych krwinek odpowiedzialnego za transport [&hellip;]<\/p>\n","protected":false},"featured_media":0,"template":"","meta":[],"product_brand":[],"product_cat":[25,26],"product_tag":[],"class_list":{"0":"post-2329","1":"product","2":"type-product","3":"status-publish","5":"product_cat-badanie-laboratoryjne","6":"product_cat-krew","8":"first","9":"instock","10":"virtual","11":"sold-individually","12":"purchasable","13":"product-type-simple"},"_links":{"self":[{"href":"https:\/\/drteraz.pl\/en\/wp-json\/wp\/v2\/product\/2329","targetHints":{"allow":["GET"]}}],"collection":[{"href":"https:\/\/drteraz.pl\/en\/wp-json\/wp\/v2\/product"}],"about":[{"href":"https:\/\/drteraz.pl\/en\/wp-json\/wp\/v2\/types\/product"}],"version-history":[{"count":0,"href":"https:\/\/drteraz.pl\/en\/wp-json\/wp\/v2\/product\/2329\/revisions"}],"wp:attachment":[{"href":"https:\/\/drteraz.pl\/en\/wp-json\/wp\/v2\/media?parent=2329"}],"wp:term":[{"taxonomy":"product_brand","embeddable":true,"href":"https:\/\/drteraz.pl\/en\/wp-json\/wp\/v2\/product_brand?post=2329"},{"taxonomy":"product_cat","embeddable":true,"href":"https:\/\/drteraz.pl\/en\/wp-json\/wp\/v2\/product_cat?post=2329"},{"taxonomy":"product_tag","embeddable":true,"href":"https:\/\/drteraz.pl\/en\/wp-json\/wp\/v2\/product_tag?post=2329"}],"curies":[{"name":"wp","href":"https:\/\/api.w.org\/{rel}","templated":true}]}}