{"id":2330,"date":"2025-06-25T02:42:13","date_gmt":"2025-06-25T00:42:13","guid":{"rendered":"https:\/\/frosty-mclean.141-95-55-172.plesk.page\/produkt\/bez-kategorii\/iga-immunoglobulina-a\/"},"modified":"2025-06-25T02:42:14","modified_gmt":"2025-06-25T00:42:14","slug":"iga-immunoglobulina-a","status":"publish","type":"product","link":"https:\/\/drteraz.pl\/en\/badanie-laboratoryjne\/iga-immunoglobulina-a\/","title":{"rendered":"IgA (immunoglobulina A)"},"content":{"rendered":"<h1>Badanie Immunoglobuliny A (IgA)<\/h1>\n<p>Badanie poziomu immunoglobuliny A (IgA) wchodzi w sk\u0142ad diagnostyki immunologicznej i jest przeprowadzane na podstawie pr\u00f3bki krwi. IgA to jeden z najwa\u017cniejszych przeciwcia\u0142 w naszym uk\u0142adzie odporno\u015bciowym, kt\u00f3re odgrywa kluczow\u0105 rol\u0119 w obronie przed infekcjami bakteryjnymi i wirusowymi. Oznaczenie st\u0119\u017cenia IgA jest pomocne w diagnozowaniu i monitorowaniu chor\u00f3b autoimmunologicznych, zaka\u017ce\u0144 oraz niedobor\u00f3w immunologicznych.<\/p>\n<h1>Wskazania do badania<\/h1>\n<p>Badanie IgA jest zalecane w przypadku podejrze\u0144 niedobor\u00f3w immunologicznych, jak r\u00f3wnie\u017c w diagnostyce i monitorowaniu chor\u00f3b autoimmunologicznych i przewlek\u0142ych zaka\u017ce\u0144. Do wskaza\u0144 nale\u017c\u0105 r\u00f3wnie\u017c przewlek\u0142e infekcje dr\u00f3g oddechowych i pokarmowych, kt\u00f3re mog\u0105 wynika\u0107 z niedoboru IgA.<\/p>\n<h1>Przygotowanie i przebieg badania<\/h1>\n<p>Badanie nie wymaga specjalnego przygotowania. Zaleca si\u0119 jednak, aby przed pobraniem krwi pacjent by\u0142 w stanie spoczynku i unika\u0142 stresu fizycznego oraz spo\u017cywania posi\u0142k\u00f3w na co najmniej kilka godzin przed zabiegiem. Krew do analizy pobierana jest zwykle z \u017cy\u0142y \u0142okciowej.<\/p>\n<h1>Interpretacja wynik\u00f3w<\/h1>\n<p>Prawid\u0142owe warto\u015bci IgA r\u00f3\u017cni\u0105 si\u0119 w zale\u017cno\u015bci od wieku i p\u0142ci pacjenta. Znacz\u0105ce odchylenia od normy mog\u0105 wskazywa\u0107 na r\u00f3\u017cne stany patologiczne, w tym choroby autoimmunologiczne, przewlek\u0142e zaka\u017cenia czy niedobory immunologiczne. Niski poziom IgA mo\u017ce sugerowa\u0107 pierwotny niedob\u00f3r immunologiczny, podczas gdy wysokie st\u0119\u017cenia mog\u0105 wskazywa\u0107 na autoimmunizacj\u0119 lub przewlek\u0142e zaka\u017cenia.<\/p>\n<h1>Podsumowanie<\/h1>\n<p>Oznaczenie poziomu IgA jest istotnym narz\u0119dziem w diagnozowaniu szeregu chor\u00f3b. Przy w\u0142a\u015bciwej interpretacji wynik\u00f3w, badanie to stanowi cenny element pomagaj\u0105cy w ustaleniu odpowiedniego kierunku leczenia i monitorowania stanu zdrowia pacjenta.<\/p>","protected":false},"excerpt":{"rendered":"<p>Badanie Immunoglobuliny A (IgA) Badanie poziomu immunoglobuliny A (IgA) wchodzi w sk\u0142ad diagnostyki immunologicznej i jest przeprowadzane na podstawie pr\u00f3bki krwi. IgA to jeden z najwa\u017cniejszych przeciwcia\u0142 w naszym uk\u0142adzie odporno\u015bciowym, kt\u00f3re odgrywa kluczow\u0105 rol\u0119 w obronie przed infekcjami bakteryjnymi i wirusowymi. Oznaczenie st\u0119\u017cenia IgA jest pomocne w diagnozowaniu i monitorowaniu chor\u00f3b autoimmunologicznych, zaka\u017ce\u0144 oraz [&hellip;]<\/p>\n","protected":false},"featured_media":0,"template":"","meta":[],"product_brand":[],"product_cat":[25,26],"product_tag":[],"class_list":{"0":"post-2330","1":"product","2":"type-product","3":"status-publish","5":"product_cat-badanie-laboratoryjne","6":"product_cat-krew","8":"first","9":"instock","10":"virtual","11":"sold-individually","12":"purchasable","13":"product-type-simple"},"_links":{"self":[{"href":"https:\/\/drteraz.pl\/en\/wp-json\/wp\/v2\/product\/2330","targetHints":{"allow":["GET"]}}],"collection":[{"href":"https:\/\/drteraz.pl\/en\/wp-json\/wp\/v2\/product"}],"about":[{"href":"https:\/\/drteraz.pl\/en\/wp-json\/wp\/v2\/types\/product"}],"version-history":[{"count":0,"href":"https:\/\/drteraz.pl\/en\/wp-json\/wp\/v2\/product\/2330\/revisions"}],"wp:attachment":[{"href":"https:\/\/drteraz.pl\/en\/wp-json\/wp\/v2\/media?parent=2330"}],"wp:term":[{"taxonomy":"product_brand","embeddable":true,"href":"https:\/\/drteraz.pl\/en\/wp-json\/wp\/v2\/product_brand?post=2330"},{"taxonomy":"product_cat","embeddable":true,"href":"https:\/\/drteraz.pl\/en\/wp-json\/wp\/v2\/product_cat?post=2330"},{"taxonomy":"product_tag","embeddable":true,"href":"https:\/\/drteraz.pl\/en\/wp-json\/wp\/v2\/product_tag?post=2330"}],"curies":[{"name":"wp","href":"https:\/\/api.w.org\/{rel}","templated":true}]}}