{"id":2331,"date":"2025-06-25T02:42:13","date_gmt":"2025-06-25T00:42:13","guid":{"rendered":"https:\/\/frosty-mclean.141-95-55-172.plesk.page\/produkt\/bez-kategorii\/ige-calkowite-immunoglobulina-e\/"},"modified":"2025-06-25T02:42:14","modified_gmt":"2025-06-25T00:42:14","slug":"ige-calkowite-immunoglobulina-e","status":"publish","type":"product","link":"https:\/\/drteraz.pl\/en\/badanie-laboratoryjne\/ige-calkowite-immunoglobulina-e\/","title":{"rendered":"IgE ca\u0142kowite (immunoglobulina E)"},"content":{"rendered":"<h1>Badanie IgE ca\u0142kowite (immunoglobulina E)<\/h1>\n<p>Badanie poziomu IgE ca\u0142kowitego (immunoglobulina E) to kluczowe badanie diagnostyczne stosowane w identyfikacji alergii. Immunoglobulina E jest przeciwcia\u0142em, kt\u00f3re odgrywa istotn\u0105 rol\u0119 w odpowiedzi immunologicznej organizmu na alergeny. Wysoki poziom IgE mo\u017ce wskazywa\u0107 na obecno\u015b\u0107 alergii, ale te\u017c na inne stany zwi\u0105zane z nadreaktywno\u015bci\u0105 uk\u0142adu immunologicznego, takie jak astma czy niekt\u00f3re infekcje paso\u017cytnicze.<\/p>\n<p>Badanie przeprowadza si\u0119 na podstawie pr\u00f3bki krwi pacjenta. Analiza poziomu IgE mo\u017ce pom\u00f3c w potwierdzeniu diagnozy alergicznej oraz w ustaleniu odpowiedniej terapii. Badanie jest szczeg\u00f3lnie wa\u017cne w przypadkach, gdy objawy alergii s\u0105 niejasne, oraz w celu monitorowania skuteczno\u015bci leczenia.<\/p>\n<p>Warto zaznaczy\u0107, \u017ce badanie IgE ca\u0142kowitego jest cz\u0119sto pierwszym krokiem w diagnostyce alergii, kt\u00f3ry mo\u017ce by\u0107 uzupe\u0142niony o specyficzne testy alergiczne maj\u0105ce na celu precyzyjne zidentyfikowanie alergen\u00f3w odpowiedzialnych za reakcje alergiczne.<\/p>","protected":false},"excerpt":{"rendered":"<p>Badanie IgE ca\u0142kowite (immunoglobulina E) Badanie poziomu IgE ca\u0142kowitego (immunoglobulina E) to kluczowe badanie diagnostyczne stosowane w identyfikacji alergii. Immunoglobulina E jest przeciwcia\u0142em, kt\u00f3re odgrywa istotn\u0105 rol\u0119 w odpowiedzi immunologicznej organizmu na alergeny. Wysoki poziom IgE mo\u017ce wskazywa\u0107 na obecno\u015b\u0107 alergii, ale te\u017c na inne stany zwi\u0105zane z nadreaktywno\u015bci\u0105 uk\u0142adu immunologicznego, takie jak astma czy [&hellip;]<\/p>\n","protected":false},"featured_media":0,"template":"","meta":[],"product_brand":[],"product_cat":[25,26],"product_tag":[],"class_list":{"0":"post-2331","1":"product","2":"type-product","3":"status-publish","5":"product_cat-badanie-laboratoryjne","6":"product_cat-krew","8":"first","9":"instock","10":"virtual","11":"sold-individually","12":"purchasable","13":"product-type-simple"},"_links":{"self":[{"href":"https:\/\/drteraz.pl\/en\/wp-json\/wp\/v2\/product\/2331","targetHints":{"allow":["GET"]}}],"collection":[{"href":"https:\/\/drteraz.pl\/en\/wp-json\/wp\/v2\/product"}],"about":[{"href":"https:\/\/drteraz.pl\/en\/wp-json\/wp\/v2\/types\/product"}],"version-history":[{"count":0,"href":"https:\/\/drteraz.pl\/en\/wp-json\/wp\/v2\/product\/2331\/revisions"}],"wp:attachment":[{"href":"https:\/\/drteraz.pl\/en\/wp-json\/wp\/v2\/media?parent=2331"}],"wp:term":[{"taxonomy":"product_brand","embeddable":true,"href":"https:\/\/drteraz.pl\/en\/wp-json\/wp\/v2\/product_brand?post=2331"},{"taxonomy":"product_cat","embeddable":true,"href":"https:\/\/drteraz.pl\/en\/wp-json\/wp\/v2\/product_cat?post=2331"},{"taxonomy":"product_tag","embeddable":true,"href":"https:\/\/drteraz.pl\/en\/wp-json\/wp\/v2\/product_tag?post=2331"}],"curies":[{"name":"wp","href":"https:\/\/api.w.org\/{rel}","templated":true}]}}