{"id":2332,"date":"2025-06-25T02:42:13","date_gmt":"2025-06-25T00:42:13","guid":{"rendered":"https:\/\/frosty-mclean.141-95-55-172.plesk.page\/produkt\/bez-kategorii\/igg-immunoglobulina-g\/"},"modified":"2025-06-25T02:42:15","modified_gmt":"2025-06-25T00:42:15","slug":"igg-immunoglobulina-g","status":"publish","type":"product","link":"https:\/\/drteraz.pl\/en\/badanie-laboratoryjne\/igg-immunoglobulina-g\/","title":{"rendered":"IgG (immunoglobulina G)"},"content":{"rendered":"<h1>Badanie Immunoglobuliny G (IgG)<\/h1>\n<p>Immunoglobulina G (IgG) to przeciwcia\u0142o, kt\u00f3re odgrywa kluczow\u0105 rol\u0119 w odpowiedzi immunologicznej organizmu. Badanie poziomu IgG w krwi jest wa\u017cnym narz\u0119dziem diagnostycznym, umo\u017cliwiaj\u0105cym ocen\u0119 stanu uk\u0142adu odporno\u015bciowego oraz wykrywanie r\u00f3\u017cnych stan\u00f3w patologicznych, takich jak infekcje, choroby autoimmunologiczne czy alergie. Pr\u00f3bka potrzebna do badania to krew \u017cylne, a wynik dost\u0119pny jest zazwyczaj w ci\u0105gu kilku dni roboczych.<\/p>\n<h1>Kiedy wykonuje si\u0119 badanie IgG?<\/h1>\n<p>Badanie IgG zaleca si\u0119 osobom, kt\u00f3re maj\u0105 objawy wskazuj\u0105ce na problemy z uk\u0142adem immunologicznym, jak r\u00f3wnie\u017c w celu monitorowania skuteczno\u015bci terapii immunoglobulinami. Jest ono r\u00f3wnie\u017c stosowane w diagnostyce chor\u00f3b autoimmunologicznych, szczeg\u00f3lnie tych zwi\u0105zanych z niedoborami immunologicznymi.<\/p>\n<h1>Jakie korzy\u015bci niesie za sob\u0105 badanie IgG?<\/h1>\n<p>Badanie IgG pozwala na wczesne wykrycie i odpowiednie leczenie wielu powa\u017cnych schorze\u0144. Dzi\u0119ki determinacji poziomu IgG, lekarz mo\u017ce dok\u0142adniej zdiagnozowa\u0107 choroby, oceni\u0107 ryzyko infekcji oraz dostosowa\u0107 leczenie w spos\u00f3b optymalny dla pacjenta.<\/p>\n<h1>Uwagi do badania<\/h1>\n<p>Nie wymaga specjalnego przygotowania przed pobraniem krwi, jednak zaleca si\u0119, aby przed wykonaniem badania pacjent pozosta\u0142 na czczo przez oko\u0142o 8 godzin aby wyniki by\u0142y najbardziej miarodajne. Zalecane jest r\u00f3wnie\u017c poinformowanie lekarza o przyjmowanych lekach, poniewa\u017c niekt\u00f3re mog\u0105 wp\u0142yn\u0105\u0107 na poziomy IgG.<\/p>","protected":false},"excerpt":{"rendered":"<p>Badanie Immunoglobuliny G (IgG) Immunoglobulina G (IgG) to przeciwcia\u0142o, kt\u00f3re odgrywa kluczow\u0105 rol\u0119 w odpowiedzi immunologicznej organizmu. Badanie poziomu IgG w krwi jest wa\u017cnym narz\u0119dziem diagnostycznym, umo\u017cliwiaj\u0105cym ocen\u0119 stanu uk\u0142adu odporno\u015bciowego oraz wykrywanie r\u00f3\u017cnych stan\u00f3w patologicznych, takich jak infekcje, choroby autoimmunologiczne czy alergie. Pr\u00f3bka potrzebna do badania to krew \u017cylne, a wynik dost\u0119pny jest zazwyczaj [&hellip;]<\/p>\n","protected":false},"featured_media":0,"template":"","meta":[],"product_brand":[],"product_cat":[25,26],"product_tag":[],"class_list":{"0":"post-2332","1":"product","2":"type-product","3":"status-publish","5":"product_cat-badanie-laboratoryjne","6":"product_cat-krew","8":"first","9":"instock","10":"virtual","11":"sold-individually","12":"purchasable","13":"product-type-simple"},"_links":{"self":[{"href":"https:\/\/drteraz.pl\/en\/wp-json\/wp\/v2\/product\/2332","targetHints":{"allow":["GET"]}}],"collection":[{"href":"https:\/\/drteraz.pl\/en\/wp-json\/wp\/v2\/product"}],"about":[{"href":"https:\/\/drteraz.pl\/en\/wp-json\/wp\/v2\/types\/product"}],"version-history":[{"count":0,"href":"https:\/\/drteraz.pl\/en\/wp-json\/wp\/v2\/product\/2332\/revisions"}],"wp:attachment":[{"href":"https:\/\/drteraz.pl\/en\/wp-json\/wp\/v2\/media?parent=2332"}],"wp:term":[{"taxonomy":"product_brand","embeddable":true,"href":"https:\/\/drteraz.pl\/en\/wp-json\/wp\/v2\/product_brand?post=2332"},{"taxonomy":"product_cat","embeddable":true,"href":"https:\/\/drteraz.pl\/en\/wp-json\/wp\/v2\/product_cat?post=2332"},{"taxonomy":"product_tag","embeddable":true,"href":"https:\/\/drteraz.pl\/en\/wp-json\/wp\/v2\/product_tag?post=2332"}],"curies":[{"name":"wp","href":"https:\/\/api.w.org\/{rel}","templated":true}]}}