{"id":2333,"date":"2025-06-25T02:42:13","date_gmt":"2025-06-25T00:42:13","guid":{"rendered":"https:\/\/frosty-mclean.141-95-55-172.plesk.page\/produkt\/bez-kategorii\/igm-immunoglobulina-m\/"},"modified":"2025-06-25T02:42:15","modified_gmt":"2025-06-25T00:42:15","slug":"igm-immunoglobulina-m","status":"publish","type":"product","link":"https:\/\/drteraz.pl\/en\/badanie-laboratoryjne\/igm-immunoglobulina-m\/","title":{"rendered":"IgM (immunoglobulina M)"},"content":{"rendered":"<h1>Badanie Immunoglobuliny M (IgM)<\/h1>\n<p>Immunoglobulina M (IgM) jest jednym z kluczowych przeciwcia\u0142 w odpowiedzi immunologicznej organizmu na infekcje. Badanie IgM wykonywane jest z pr\u00f3bki krwi i pomaga w diagnozowaniu r\u00f3\u017cnych stan\u00f3w zwi\u0105zanych z infekcjami oraz chorobami autoimmunologicznymi. Wysoki poziom IgM mo\u017ce wskazywa\u0107 na obecn\u0105 infekcj\u0119, natomiast niski poziom mo\u017ce \u015bwiadczy\u0107 o problemach z odpowiedzi\u0105 immunologiczn\u0105. Badanie to nale\u017cy do kategorii IMMUNOLOGIA i jest przydatnym narz\u0119dziem w diagnostyce medycznej, pozwalaj\u0105cym na szybk\u0105 identyfikacj\u0119 stan\u00f3w wymagaj\u0105cych interwencji medycznej.<\/p>","protected":false},"excerpt":{"rendered":"<p>Badanie Immunoglobuliny M (IgM) Immunoglobulina M (IgM) jest jednym z kluczowych przeciwcia\u0142 w odpowiedzi immunologicznej organizmu na infekcje. Badanie IgM wykonywane jest z pr\u00f3bki krwi i pomaga w diagnozowaniu r\u00f3\u017cnych stan\u00f3w zwi\u0105zanych z infekcjami oraz chorobami autoimmunologicznymi. Wysoki poziom IgM mo\u017ce wskazywa\u0107 na obecn\u0105 infekcj\u0119, natomiast niski poziom mo\u017ce \u015bwiadczy\u0107 o problemach z odpowiedzi\u0105 immunologiczn\u0105. [&hellip;]<\/p>\n","protected":false},"featured_media":0,"template":"","meta":[],"product_brand":[],"product_cat":[25,26],"product_tag":[],"class_list":{"0":"post-2333","1":"product","2":"type-product","3":"status-publish","5":"product_cat-badanie-laboratoryjne","6":"product_cat-krew","8":"first","9":"instock","10":"virtual","11":"sold-individually","12":"purchasable","13":"product-type-simple"},"_links":{"self":[{"href":"https:\/\/drteraz.pl\/en\/wp-json\/wp\/v2\/product\/2333","targetHints":{"allow":["GET"]}}],"collection":[{"href":"https:\/\/drteraz.pl\/en\/wp-json\/wp\/v2\/product"}],"about":[{"href":"https:\/\/drteraz.pl\/en\/wp-json\/wp\/v2\/types\/product"}],"version-history":[{"count":0,"href":"https:\/\/drteraz.pl\/en\/wp-json\/wp\/v2\/product\/2333\/revisions"}],"wp:attachment":[{"href":"https:\/\/drteraz.pl\/en\/wp-json\/wp\/v2\/media?parent=2333"}],"wp:term":[{"taxonomy":"product_brand","embeddable":true,"href":"https:\/\/drteraz.pl\/en\/wp-json\/wp\/v2\/product_brand?post=2333"},{"taxonomy":"product_cat","embeddable":true,"href":"https:\/\/drteraz.pl\/en\/wp-json\/wp\/v2\/product_cat?post=2333"},{"taxonomy":"product_tag","embeddable":true,"href":"https:\/\/drteraz.pl\/en\/wp-json\/wp\/v2\/product_tag?post=2333"}],"curies":[{"name":"wp","href":"https:\/\/api.w.org\/{rel}","templated":true}]}}