{"id":2337,"date":"2025-06-25T02:42:13","date_gmt":"2025-06-25T00:42:13","guid":{"rendered":"https:\/\/frosty-mclean.141-95-55-172.plesk.page\/produkt\/bez-kategorii\/kinaza-kreatynowa-ck\/"},"modified":"2025-06-25T02:42:16","modified_gmt":"2025-06-25T00:42:16","slug":"kinaza-kreatynowa-ck","status":"publish","type":"product","link":"https:\/\/drteraz.pl\/en\/badanie-laboratoryjne\/kinaza-kreatynowa-ck\/","title":{"rendered":"Kinaza kreatynowa (CK)"},"content":{"rendered":"<h1>Kinaza kreatynowa (CK)<\/h1>\n<p>Kinaza kreatynowa (CK) to enzym wyst\u0119puj\u0105cy g\u0142\u00f3wnie w mi\u0119\u015bniach, w tym w sercu, gdzie uczestniczy w produkcji energii. Badanie poziomu CK w krwi jest wa\u017cne dla diagnostyki r\u00f3\u017cnych stan\u00f3w, w tym uszkodzenia mi\u0119\u015bniowego, jak r\u00f3wnie\u017c chor\u00f3b serca. Podwy\u017cszony poziom CK mo\u017ce wskazywa\u0107 na zawa\u0142 mi\u0119\u015bnia sercowego, miopatie czy nawet intensywny wysi\u0142ek fizyczny.<\/p>\n<p>Badanie polega na pobraniu pr\u00f3bki krwi od pacjenta, kt\u00f3rej analiza pozwala na okre\u015blenie st\u0119\u017cenia kinazy kreatynowej w surowicy. Warto\u015bci referencyjne mog\u0105 r\u00f3\u017cni\u0107 si\u0119 w zale\u017cno\u015bci od labolatorium, jednak zwykle wy\u017csze poziomy CK s\u0105 powodem do dalszej diagnostyki, zw\u0142aszcza gdy towarzysz\u0105 im inne objawy.<\/p>\n<p>Determinacja poziomu CK jest cz\u0119\u015bci\u0105 rutynowych bada\u0144 w diagnostyce chor\u00f3b uk\u0142adu kr\u0105\u017cenia, a tak\u017ce przy podejrzeniu uszkodze\u0144 mi\u0119\u015bni szkieletowych. Wysokie warto\u015bci CK mog\u0105 sugerowa\u0107 konieczno\u015b\u0107 przyj\u0119cia interwencji medycznej lub dostosowania leczenia stan\u00f3w takich jak dystrofie mi\u0119\u015bniowe czy zapalenia mi\u0119\u015bni.<\/p>","protected":false},"excerpt":{"rendered":"<p>Kinaza kreatynowa (CK) Kinaza kreatynowa (CK) to enzym wyst\u0119puj\u0105cy g\u0142\u00f3wnie w mi\u0119\u015bniach, w tym w sercu, gdzie uczestniczy w produkcji energii. Badanie poziomu CK w krwi jest wa\u017cne dla diagnostyki r\u00f3\u017cnych stan\u00f3w, w tym uszkodzenia mi\u0119\u015bniowego, jak r\u00f3wnie\u017c chor\u00f3b serca. Podwy\u017cszony poziom CK mo\u017ce wskazywa\u0107 na zawa\u0142 mi\u0119\u015bnia sercowego, miopatie czy nawet intensywny wysi\u0142ek fizyczny. [&hellip;]<\/p>\n","protected":false},"featured_media":0,"template":"","meta":[],"product_brand":[],"product_cat":[25,26],"product_tag":[],"class_list":{"0":"post-2337","1":"product","2":"type-product","3":"status-publish","5":"product_cat-badanie-laboratoryjne","6":"product_cat-krew","8":"first","9":"instock","10":"virtual","11":"sold-individually","12":"purchasable","13":"product-type-simple"},"_links":{"self":[{"href":"https:\/\/drteraz.pl\/en\/wp-json\/wp\/v2\/product\/2337","targetHints":{"allow":["GET"]}}],"collection":[{"href":"https:\/\/drteraz.pl\/en\/wp-json\/wp\/v2\/product"}],"about":[{"href":"https:\/\/drteraz.pl\/en\/wp-json\/wp\/v2\/types\/product"}],"version-history":[{"count":0,"href":"https:\/\/drteraz.pl\/en\/wp-json\/wp\/v2\/product\/2337\/revisions"}],"wp:attachment":[{"href":"https:\/\/drteraz.pl\/en\/wp-json\/wp\/v2\/media?parent=2337"}],"wp:term":[{"taxonomy":"product_brand","embeddable":true,"href":"https:\/\/drteraz.pl\/en\/wp-json\/wp\/v2\/product_brand?post=2337"},{"taxonomy":"product_cat","embeddable":true,"href":"https:\/\/drteraz.pl\/en\/wp-json\/wp\/v2\/product_cat?post=2337"},{"taxonomy":"product_tag","embeddable":true,"href":"https:\/\/drteraz.pl\/en\/wp-json\/wp\/v2\/product_tag?post=2337"}],"curies":[{"name":"wp","href":"https:\/\/api.w.org\/{rel}","templated":true}]}}