{"id":2342,"date":"2025-06-25T02:42:13","date_gmt":"2025-06-25T00:42:13","guid":{"rendered":"https:\/\/frosty-mclean.141-95-55-172.plesk.page\/produkt\/bez-kategorii\/kortyzol-we-krwi\/"},"modified":"2025-06-25T02:42:18","modified_gmt":"2025-06-25T00:42:18","slug":"kortyzol-we-krwi","status":"publish","type":"product","link":"https:\/\/drteraz.pl\/en\/badanie-laboratoryjne\/kortyzol-we-krwi\/","title":{"rendered":"Kortyzol we krwi"},"content":{"rendered":"<h1>Badanie Kortyzolu<\/h1>\n<p>Badanie kortyzolu to jedno z bada\u0144 hormonalnych skupiaj\u0105cych si\u0119 na pomiarze poziomu kortyzolu w moczu. Kortyzol, znany r\u00f3wnie\u017c jako &#8222;hormon stresu&#8221;, jest produkowany przez nadnercza i odgrywa kluczow\u0105 rol\u0119 w wielu procesach metabolicznych, reakcji na stres oraz w regulacji ci\u015bnienia krwi. Nieprawid\u0142owe poziomy kortyzolu mog\u0105 wskazywa\u0107 na r\u00f3\u017cne zaburzenia endokrynologiczne, w tym zesp\u00f3\u0142 Cushinga lub niedoczynno\u015b\u0107 nadnerczy.<\/p>\n<p>Do badania wykorzystuje si\u0119 pr\u00f3bk\u0119 zbieran\u0105 z moczu, zazwyczaj z 24-godzinnej zbi\u00f3rki, co pozwala na ocen\u0119 wydzielania kortyzolu w ci\u0105gu ca\u0142ego dnia. Otrzymane wyniki s\u0105 istotnym elementem diagnostycznym i mog\u0105 pom\u00f3c lekarzowi w ustaleniu odpowiedniej diagnozy oraz planu leczenia.<\/p>\n<p>Badanie kortyzolu w moczu jest zalecane osobom, kt\u00f3re wykazuj\u0105 objawy zwi\u0105zane z nadmiernym lub niedostatecznym wydzielaniem kortyzolu, takie jak zm\u0119czenie, nag\u0142y przyrost masy cia\u0142a, wysokie ci\u015bnienie krwi, czy zmiany sk\u00f3rne. Przygotowanie do badania najcz\u0119\u015bciej obejmuje unikanie intensywnej aktywno\u015bci fizycznej i niekt\u00f3rych lek\u00f3w, kt\u00f3re mog\u0105 wp\u0142ywa\u0107 na poziom kortyzolu, co szczeg\u00f3\u0142owo wyja\u015bni lekarz zlecaj\u0105cy badanie.<\/p>","protected":false},"excerpt":{"rendered":"<p>Badanie Kortyzolu Badanie kortyzolu to jedno z bada\u0144 hormonalnych skupiaj\u0105cych si\u0119 na pomiarze poziomu kortyzolu w moczu. Kortyzol, znany r\u00f3wnie\u017c jako &#8222;hormon stresu&#8221;, jest produkowany przez nadnercza i odgrywa kluczow\u0105 rol\u0119 w wielu procesach metabolicznych, reakcji na stres oraz w regulacji ci\u015bnienia krwi. Nieprawid\u0142owe poziomy kortyzolu mog\u0105 wskazywa\u0107 na r\u00f3\u017cne zaburzenia endokrynologiczne, w tym zesp\u00f3\u0142 [&hellip;]<\/p>\n","protected":false},"featured_media":0,"template":"","meta":[],"product_brand":[],"product_cat":[25,26],"product_tag":[],"class_list":{"0":"post-2342","1":"product","2":"type-product","3":"status-publish","5":"product_cat-badanie-laboratoryjne","6":"product_cat-krew","8":"first","9":"instock","10":"virtual","11":"sold-individually","12":"purchasable","13":"product-type-simple"},"_links":{"self":[{"href":"https:\/\/drteraz.pl\/en\/wp-json\/wp\/v2\/product\/2342","targetHints":{"allow":["GET"]}}],"collection":[{"href":"https:\/\/drteraz.pl\/en\/wp-json\/wp\/v2\/product"}],"about":[{"href":"https:\/\/drteraz.pl\/en\/wp-json\/wp\/v2\/types\/product"}],"version-history":[{"count":0,"href":"https:\/\/drteraz.pl\/en\/wp-json\/wp\/v2\/product\/2342\/revisions"}],"wp:attachment":[{"href":"https:\/\/drteraz.pl\/en\/wp-json\/wp\/v2\/media?parent=2342"}],"wp:term":[{"taxonomy":"product_brand","embeddable":true,"href":"https:\/\/drteraz.pl\/en\/wp-json\/wp\/v2\/product_brand?post=2342"},{"taxonomy":"product_cat","embeddable":true,"href":"https:\/\/drteraz.pl\/en\/wp-json\/wp\/v2\/product_cat?post=2342"},{"taxonomy":"product_tag","embeddable":true,"href":"https:\/\/drteraz.pl\/en\/wp-json\/wp\/v2\/product_tag?post=2342"}],"curies":[{"name":"wp","href":"https:\/\/api.w.org\/{rel}","templated":true}]}}