{"id":2344,"date":"2025-06-25T02:42:13","date_gmt":"2025-06-25T00:42:13","guid":{"rendered":"https:\/\/frosty-mclean.141-95-55-172.plesk.page\/produkt\/bez-kategorii\/kreatynina-gfr-wzor-mdrd\/"},"modified":"2025-06-25T02:42:18","modified_gmt":"2025-06-25T00:42:18","slug":"kreatynina-gfr-wzor-mdrd","status":"publish","type":"product","link":"https:\/\/drteraz.pl\/en\/badanie-laboratoryjne\/kreatynina-gfr-wzor-mdrd\/","title":{"rendered":"Kreatynina + GFR (wz\u00f3r MDRD)"},"content":{"rendered":"<h1>Kreatynina + GFR (wz\u00f3r MDRD)<\/h1>\n<p>Badanie poziomu kreatyniny oraz wyznaczanie filtracji k\u0142\u0119buszkowej (GFR) za pomoc\u0105 wzoru MDRD to kluczowe testy diagnostyczne z kategorii biochemii, s\u0142u\u017c\u0105ce do oceny funkcji nerek. Kreatynina to produkt przemiany materii mi\u0119\u015bni, kt\u00f3ry jest filtrowany z krwi przez nerki i wydalany z moczem. Poziom kreatyniny w surowicy krwi jest wa\u017cnym wska\u017anikiem zdolno\u015bci nerek do filtrowania. Wz\u00f3r MDRD (Modification of Diet in Renal Disease) umo\u017cliwia dok\u0142adniejsze obliczenie szybko\u015bci filtracji k\u0142\u0119buszkowej (GFR), co jest istotne przy diagnozowaniu i monitorowaniu chor\u00f3b nerek. Badanie to polega na pobraniu pr\u00f3bki krwi i analizie laboratoryjnej.<\/p>","protected":false},"excerpt":{"rendered":"<p>Kreatynina + GFR (wz\u00f3r MDRD) Badanie poziomu kreatyniny oraz wyznaczanie filtracji k\u0142\u0119buszkowej (GFR) za pomoc\u0105 wzoru MDRD to kluczowe testy diagnostyczne z kategorii biochemii, s\u0142u\u017c\u0105ce do oceny funkcji nerek. Kreatynina to produkt przemiany materii mi\u0119\u015bni, kt\u00f3ry jest filtrowany z krwi przez nerki i wydalany z moczem. Poziom kreatyniny w surowicy krwi jest wa\u017cnym wska\u017anikiem zdolno\u015bci [&hellip;]<\/p>\n","protected":false},"featured_media":0,"template":"","meta":[],"product_brand":[],"product_cat":[25,26],"product_tag":[],"class_list":{"0":"post-2344","1":"product","2":"type-product","3":"status-publish","5":"product_cat-badanie-laboratoryjne","6":"product_cat-krew","8":"first","9":"instock","10":"virtual","11":"sold-individually","12":"purchasable","13":"product-type-simple"},"_links":{"self":[{"href":"https:\/\/drteraz.pl\/en\/wp-json\/wp\/v2\/product\/2344","targetHints":{"allow":["GET"]}}],"collection":[{"href":"https:\/\/drteraz.pl\/en\/wp-json\/wp\/v2\/product"}],"about":[{"href":"https:\/\/drteraz.pl\/en\/wp-json\/wp\/v2\/types\/product"}],"version-history":[{"count":0,"href":"https:\/\/drteraz.pl\/en\/wp-json\/wp\/v2\/product\/2344\/revisions"}],"wp:attachment":[{"href":"https:\/\/drteraz.pl\/en\/wp-json\/wp\/v2\/media?parent=2344"}],"wp:term":[{"taxonomy":"product_brand","embeddable":true,"href":"https:\/\/drteraz.pl\/en\/wp-json\/wp\/v2\/product_brand?post=2344"},{"taxonomy":"product_cat","embeddable":true,"href":"https:\/\/drteraz.pl\/en\/wp-json\/wp\/v2\/product_cat?post=2344"},{"taxonomy":"product_tag","embeddable":true,"href":"https:\/\/drteraz.pl\/en\/wp-json\/wp\/v2\/product_tag?post=2344"}],"curies":[{"name":"wp","href":"https:\/\/api.w.org\/{rel}","templated":true}]}}