{"id":2348,"date":"2025-06-25T02:42:22","date_gmt":"2025-06-25T00:42:22","guid":{"rendered":"https:\/\/frosty-mclean.141-95-55-172.plesk.page\/produkt\/bez-kategorii\/kwas-moczowy-w-moczu\/"},"modified":"2025-06-25T02:42:23","modified_gmt":"2025-06-25T00:42:23","slug":"kwas-moczowy-w-moczu","status":"publish","type":"product","link":"https:\/\/drteraz.pl\/en\/badanie-laboratoryjne\/kwas-moczowy-w-moczu\/","title":{"rendered":"Kwas moczowy w moczu"},"content":{"rendered":"<h1>Badanie: Kwas moczowy<\/h1>\n<p>Badanie poziomu kwasu moczowego w moczu jest jednym z fundamentalnych test\u00f3w diagnostycznych wchodz\u0105cych w sk\u0142ad bada\u0144 og\u00f3lnych. Pomaga ono w ocenie funkcjonowania nerek oraz w diagnozowaniu r\u00f3\u017cnych stan\u00f3w chorobowych, takich jak dna moczanowa, kamica nerkowa, czy r\u00f3\u017cnego rodzaju zaburzenia metaboliczne. Pr\u00f3bka mocz przeprowadzana jest w celu okre\u015blenia ilo\u015bci wydalanego kwasu moczowego w okre\u015blonym czasie.<\/p>\n<p>Wynik badania pozwala oceni\u0107, czy procesy produkcji i wydalania kwasu moczowego w organizmie przebiegaj\u0105 prawid\u0142owo. Zbyt wysoki poziom kwasu moczowego mo\u017ce by\u0107 sygna\u0142em przesycenia organizmu tym produktem metabolizmu puryn, co z kolei mo\u017ce prowadzi\u0107 do rozwoju wspomnianych wcze\u015bniej schorze\u0144. Regularne monitorowanie poziomu kwasu moczowego jest zatem istotne dla wczesnego rozpoznania i zapobiegania powa\u017cniejszym problemom zdrowotnym.<\/p>","protected":false},"excerpt":{"rendered":"<p>Badanie: Kwas moczowy Badanie poziomu kwasu moczowego w moczu jest jednym z fundamentalnych test\u00f3w diagnostycznych wchodz\u0105cych w sk\u0142ad bada\u0144 og\u00f3lnych. Pomaga ono w ocenie funkcjonowania nerek oraz w diagnozowaniu r\u00f3\u017cnych stan\u00f3w chorobowych, takich jak dna moczanowa, kamica nerkowa, czy r\u00f3\u017cnego rodzaju zaburzenia metaboliczne. Pr\u00f3bka mocz przeprowadzana jest w celu okre\u015blenia ilo\u015bci wydalanego kwasu moczowego w [&hellip;]<\/p>\n","protected":false},"featured_media":0,"template":"","meta":[],"product_brand":[],"product_cat":[25,27],"product_tag":[],"class_list":{"0":"post-2348","1":"product","2":"type-product","3":"status-publish","5":"product_cat-badanie-laboratoryjne","6":"product_cat-mocz","8":"first","9":"instock","10":"virtual","11":"sold-individually","12":"purchasable","13":"product-type-simple"},"_links":{"self":[{"href":"https:\/\/drteraz.pl\/en\/wp-json\/wp\/v2\/product\/2348","targetHints":{"allow":["GET"]}}],"collection":[{"href":"https:\/\/drteraz.pl\/en\/wp-json\/wp\/v2\/product"}],"about":[{"href":"https:\/\/drteraz.pl\/en\/wp-json\/wp\/v2\/types\/product"}],"version-history":[{"count":0,"href":"https:\/\/drteraz.pl\/en\/wp-json\/wp\/v2\/product\/2348\/revisions"}],"wp:attachment":[{"href":"https:\/\/drteraz.pl\/en\/wp-json\/wp\/v2\/media?parent=2348"}],"wp:term":[{"taxonomy":"product_brand","embeddable":true,"href":"https:\/\/drteraz.pl\/en\/wp-json\/wp\/v2\/product_brand?post=2348"},{"taxonomy":"product_cat","embeddable":true,"href":"https:\/\/drteraz.pl\/en\/wp-json\/wp\/v2\/product_cat?post=2348"},{"taxonomy":"product_tag","embeddable":true,"href":"https:\/\/drteraz.pl\/en\/wp-json\/wp\/v2\/product_tag?post=2348"}],"curies":[{"name":"wp","href":"https:\/\/api.w.org\/{rel}","templated":true}]}}