{"id":2351,"date":"2025-06-25T02:42:22","date_gmt":"2025-06-25T00:42:22","guid":{"rendered":"https:\/\/frosty-mclean.141-95-55-172.plesk.page\/produkt\/bez-kategorii\/kwasy-zolciowe\/"},"modified":"2025-06-25T02:42:24","modified_gmt":"2025-06-25T00:42:24","slug":"kwasy-zolciowe","status":"publish","type":"product","link":"https:\/\/drteraz.pl\/en\/badanie-laboratoryjne\/kwasy-zolciowe\/","title":{"rendered":"Kwasy \u017c\u00f3\u0142ciowe"},"content":{"rendered":"<h1>Badanie kwas\u00f3w \u017c\u00f3\u0142ciowych<\/h1>\n<p>Badanie kwas\u00f3w \u017c\u00f3\u0142ciowych to analiza diagnostyczna wykonywana w celu oceny funkcji w\u0105troby oraz diagnozowania zaburze\u0144 zwi\u0105zanych z metabolizmem kwas\u00f3w \u017c\u00f3\u0142ciowych. Kwasy \u017c\u00f3\u0142ciowe s\u0105 niezb\u0119dne dla trawienia i wch\u0142aniania t\u0142uszcz\u00f3w oraz witamin rozpuszczalnych w t\u0142uszczach. St\u0119\u017cenie kwas\u00f3w \u017c\u00f3\u0142ciowych w krwi mo\u017ce by\u0107 zwi\u0119kszone w przypadkach chor\u00f3b w\u0105troby, zatorowo\u015bci dr\u00f3g \u017c\u00f3\u0142ciowych, a tak\u017ce innych stan\u00f3w patologicznych. Badanie przeprowadzane jest na podstawie pr\u00f3bki krwi pobranej od pacjenta.<\/p>\n<h1>Zastosowanie badania<\/h1>\n<p>Badanie kwas\u00f3w \u017c\u00f3\u0142ciowych jest szczeg\u00f3lnie przydatne w diagnostyce chor\u00f3b w\u0105troby, takich jak marsko\u015b\u0107, zapalenie w\u0105troby, oraz w ocenie dro\u017cno\u015bci dr\u00f3g \u017c\u00f3\u0142ciowych. Pomaga r\u00f3wnie\u017c w monitorowaniu skuteczno\u015bci leczenia w schorzeniach zwi\u0105zanych z gospodark\u0105 kwas\u00f3w \u017c\u00f3\u0142ciowych. Jest to wa\u017cne badanie w przypadku pacjent\u00f3w z objawami, takimi jak \u017c\u00f3\u0142taczka, b\u00f3le brzucha, czy zaburzenia trawienne.<\/p>\n<h1>Jak si\u0119 przygotowa\u0107 do badania?<\/h1>\n<p>Do badania zazwyczaj wymagana jest 12-godzinna abstynencja pokarmowa. Zaleca si\u0119 r\u00f3wnie\u017c unikanie intensywnego wysi\u0142ku fizycznego oraz stresu na dzie\u0144 przed badaniem. Wa\u017cne jest, aby przed wykonaniem badania poinformowa\u0107 lekarza o przyjmowanych lekach, poniewa\u017c niekt\u00f3re z nich mog\u0105 wp\u0142ywa\u0107 na poziom kwas\u00f3w \u017c\u00f3\u0142ciowych w krwi.<\/p>\n<h1>Czas oczekiwania na wyniki<\/h1>\n<p>Wyniki badania kwas\u00f3w \u017c\u00f3\u0142ciowych zazwyczaj s\u0105 dost\u0119pne w ci\u0105gu kilku dni roboczych. Dok\u0142adny czas mo\u017ce zale\u017ce\u0107 od laboratorium. Interpretacja wynik\u00f3w powinna by\u0107 przeprowadzona przez lekarza, kt\u00f3ry uwzgl\u0119dni indywidualn\u0105 sytuacj\u0119 medyczn\u0105 pacjenta oraz wykorzysta wyniki badania w kontek\u015bcie innych bada\u0144 diagnostycznych.<\/p>","protected":false},"excerpt":{"rendered":"<p>Badanie kwas\u00f3w \u017c\u00f3\u0142ciowych Badanie kwas\u00f3w \u017c\u00f3\u0142ciowych to analiza diagnostyczna wykonywana w celu oceny funkcji w\u0105troby oraz diagnozowania zaburze\u0144 zwi\u0105zanych z metabolizmem kwas\u00f3w \u017c\u00f3\u0142ciowych. Kwasy \u017c\u00f3\u0142ciowe s\u0105 niezb\u0119dne dla trawienia i wch\u0142aniania t\u0142uszcz\u00f3w oraz witamin rozpuszczalnych w t\u0142uszczach. St\u0119\u017cenie kwas\u00f3w \u017c\u00f3\u0142ciowych w krwi mo\u017ce by\u0107 zwi\u0119kszone w przypadkach chor\u00f3b w\u0105troby, zatorowo\u015bci dr\u00f3g \u017c\u00f3\u0142ciowych, a tak\u017ce innych [&hellip;]<\/p>\n","protected":false},"featured_media":0,"template":"","meta":[],"product_brand":[],"product_cat":[25,26],"product_tag":[],"class_list":{"0":"post-2351","1":"product","2":"type-product","3":"status-publish","5":"product_cat-badanie-laboratoryjne","6":"product_cat-krew","8":"first","9":"instock","10":"virtual","11":"sold-individually","12":"purchasable","13":"product-type-simple"},"_links":{"self":[{"href":"https:\/\/drteraz.pl\/en\/wp-json\/wp\/v2\/product\/2351","targetHints":{"allow":["GET"]}}],"collection":[{"href":"https:\/\/drteraz.pl\/en\/wp-json\/wp\/v2\/product"}],"about":[{"href":"https:\/\/drteraz.pl\/en\/wp-json\/wp\/v2\/types\/product"}],"version-history":[{"count":0,"href":"https:\/\/drteraz.pl\/en\/wp-json\/wp\/v2\/product\/2351\/revisions"}],"wp:attachment":[{"href":"https:\/\/drteraz.pl\/en\/wp-json\/wp\/v2\/media?parent=2351"}],"wp:term":[{"taxonomy":"product_brand","embeddable":true,"href":"https:\/\/drteraz.pl\/en\/wp-json\/wp\/v2\/product_brand?post=2351"},{"taxonomy":"product_cat","embeddable":true,"href":"https:\/\/drteraz.pl\/en\/wp-json\/wp\/v2\/product_cat?post=2351"},{"taxonomy":"product_tag","embeddable":true,"href":"https:\/\/drteraz.pl\/en\/wp-json\/wp\/v2\/product_tag?post=2351"}],"curies":[{"name":"wp","href":"https:\/\/api.w.org\/{rel}","templated":true}]}}